{"id":76,"date":"2012-05-16T07:27:26","date_gmt":"2012-05-16T07:27:26","guid":{"rendered":"http:\/\/lycee-nisard.fr\/?page_id=76"},"modified":"2026-03-11T13:50:19","modified_gmt":"2026-03-11T12:50:19","slug":"personnels-techniques-de-service-et-de-sante","status":"publish","type":"page","link":"https:\/\/lycee-nisard.fr\/?page_id=76","title":{"rendered":"Personnels techniques, de service et de sante"},"content":{"rendered":"<p>PERSONNELS DE SANTE :<br \/>\nInfirmi\u00e8re : Mme BUATOIS Charline<br \/>\nAssistante Sociale : Mme WALZ Laura<\/p>\n<p>PERSONNELS TECHNIQUES ET DE SERVICE<br \/>\nChef des Agents : M. MONNY Serge<br \/>\nAgent d&rsquo;accueil : M. MONNY Serge<br \/>\n                  Mme DOR\u00c9 Laurine<\/p>\n<p>ENTRETIEN DES LOCAUX<br \/>\nMme CARTIER Pamela<br \/>\nM. BOUQUIN St\u00e9phane<br \/>\nMme SEGUIN Martine<br \/>\nMme LABB\u00c9 Val\u00e9rie<br \/>\nM. BRESSAC Jean-Charles<br \/>\nM. LEGRAND St\u00e9phane<br \/>\nMme ANDRADE Estelle<br \/>\nMme RENAULT C\u00e9line<br \/>\nM. LABORDE Jos\u00e9<\/p>\n<p>LINGERIE<br \/>\nMme M\u00c9N\u00c9TRIER Andr\u00e9a<\/p>\n<p>SERVICES TECHNIQUES<br \/>\nChef d&rsquo;\u00e9quipe : M. CHAUCHE Jean-Marc<br \/>\nM. KOLODZIEJSKI Yoann<br \/>\nM. PENOTET Fabrice<br \/>\nM. PECHINOT Vincent<\/p>\n<p>Ext\u00e9rieurs\u00a0<br \/>\nM. BRESSAC Jean-Charles<\/p>\n<p>CUISINES<br \/>\nChef de cuisine : M. VERSTRAETE Pascal<br \/>\nSecond de cuisine : M. BLANCHARD Michel<br \/>\nCuisiniers :<br \/>\nMme CHAUVIER Cindie<br \/>\nMme DUPRE Cindy<br \/>\nMme PARIS Magalie<\/p>\n<p>Magasini\u00e8res :<br \/>\nMme FARION Murielle<br \/>\nMme RAYMOND Lolita<br \/>\nMme LENI \u00c9lodie<\/p>\n<p>Plonge batterie :<br \/>\nMme NOIROT Fabienne<\/p>\n<p>Portage des repas :<br \/>\nM. BRESSAC Jean-Charles<\/p>\n","protected":false},"excerpt":{"rendered":"<p>PERSONNELS DE SANTE : Infirmi\u00e8re : Mme BUATOIS Charline Assistante Sociale : Mme WALZ Laura PERSONNELS TECHNIQUES ET DE SERVICE Chef des Agents : M. MONNY Serge Agent d&rsquo;accueil : M. MONNY Serge Mme DOR\u00c9 Laurine ENTRETIEN DES LOCAUX Mme CARTIER Pamela M. BOUQUIN St\u00e9phane Mme SEGUIN Martine Mme LABB\u00c9 Val\u00e9rie M. BRESSAC Jean-Charles M. &hellip; <a href=\"https:\/\/lycee-nisard.fr\/?page_id=76\" class=\"more-link\">Continuer la lecture de <span class=\"screen-reader-text\">Personnels techniques, de service et de sante<\/span>  <span class=\"meta-nav\">&rarr;<\/span><\/a><\/p>\n","protected":false},"author":1,"featured_media":0,"parent":70,"menu_order":2,"comment_status":"closed","ping_status":"closed","template":"","meta":{"saved_in_kubio":true,"footnotes":""},"class_list":["post-76","page","type-page","status-publish","hentry"],"kubio_ai_page_context":{"short_desc":"","purpose":"general"},"_links":{"self":[{"href":"https:\/\/lycee-nisard.fr\/index.php?rest_route=\/wp\/v2\/pages\/76","targetHints":{"allow":["GET"]}}],"collection":[{"href":"https:\/\/lycee-nisard.fr\/index.php?rest_route=\/wp\/v2\/pages"}],"about":[{"href":"https:\/\/lycee-nisard.fr\/index.php?rest_route=\/wp\/v2\/types\/page"}],"author":[{"embeddable":true,"href":"https:\/\/lycee-nisard.fr\/index.php?rest_route=\/wp\/v2\/users\/1"}],"replies":[{"embeddable":true,"href":"https:\/\/lycee-nisard.fr\/index.php?rest_route=%2Fwp%2Fv2%2Fcomments&post=76"}],"version-history":[{"count":27,"href":"https:\/\/lycee-nisard.fr\/index.php?rest_route=\/wp\/v2\/pages\/76\/revisions"}],"predecessor-version":[{"id":7031,"href":"https:\/\/lycee-nisard.fr\/index.php?rest_route=\/wp\/v2\/pages\/76\/revisions\/7031"}],"up":[{"embeddable":true,"href":"https:\/\/lycee-nisard.fr\/index.php?rest_route=\/wp\/v2\/pages\/70"}],"wp:attachment":[{"href":"https:\/\/lycee-nisard.fr\/index.php?rest_route=%2Fwp%2Fv2%2Fmedia&parent=76"}],"curies":[{"name":"wp","href":"https:\/\/api.w.org\/{rel}","templated":true}]}}