{"id":6219,"date":"2024-05-28T17:00:02","date_gmt":"2024-05-28T16:00:02","guid":{"rendered":"http:\/\/lycee-nisard.fr\/?page_id=6219"},"modified":"2024-05-28T17:00:03","modified_gmt":"2024-05-28T16:00:03","slug":"travaux-des-eleves-en-francais","status":"publish","type":"page","link":"https:\/\/lycee-nisard.fr\/?page_id=6219","title":{"rendered":"Travaux des \u00e9l\u00e8ves en Fran\u00e7ais"},"content":{"rendered":"","protected":false},"excerpt":{"rendered":"","protected":false},"author":1,"featured_media":0,"parent":547,"menu_order":0,"comment_status":"closed","ping_status":"closed","template":"","meta":{"saved_in_kubio":false,"footnotes":""},"class_list":["post-6219","page","type-page","status-publish","hentry"],"kubio_ai_page_context":{"short_desc":"","purpose":"general"},"_links":{"self":[{"href":"https:\/\/lycee-nisard.fr\/index.php?rest_route=\/wp\/v2\/pages\/6219","targetHints":{"allow":["GET"]}}],"collection":[{"href":"https:\/\/lycee-nisard.fr\/index.php?rest_route=\/wp\/v2\/pages"}],"about":[{"href":"https:\/\/lycee-nisard.fr\/index.php?rest_route=\/wp\/v2\/types\/page"}],"author":[{"embeddable":true,"href":"https:\/\/lycee-nisard.fr\/index.php?rest_route=\/wp\/v2\/users\/1"}],"replies":[{"embeddable":true,"href":"https:\/\/lycee-nisard.fr\/index.php?rest_route=%2Fwp%2Fv2%2Fcomments&post=6219"}],"version-history":[{"count":1,"href":"https:\/\/lycee-nisard.fr\/index.php?rest_route=\/wp\/v2\/pages\/6219\/revisions"}],"predecessor-version":[{"id":6220,"href":"https:\/\/lycee-nisard.fr\/index.php?rest_route=\/wp\/v2\/pages\/6219\/revisions\/6220"}],"up":[{"embeddable":true,"href":"https:\/\/lycee-nisard.fr\/index.php?rest_route=\/wp\/v2\/pages\/547"}],"wp:attachment":[{"href":"https:\/\/lycee-nisard.fr\/index.php?rest_route=%2Fwp%2Fv2%2Fmedia&parent=6219"}],"curies":[{"name":"wp","href":"https:\/\/api.w.org\/{rel}","templated":true}]}}