{"id":6154,"date":"2024-05-28T17:01:06","date_gmt":"2024-05-28T16:01:06","guid":{"rendered":"http:\/\/lycee-nisard.fr\/?page_id=6154"},"modified":"2024-05-28T17:20:47","modified_gmt":"2024-05-28T16:20:47","slug":"culotte-ce-musee","status":"publish","type":"page","link":"https:\/\/lycee-nisard.fr\/?page_id=6154","title":{"rendered":"Culott\u00e9 ce Mus\u00e9e"},"content":{"rendered":"\n<p> Na\u00eff ou populaire, amour des boites, y\u2019en a pour tous les go\u00fbts&nbsp;!<\/p>\n\n\n\n<p>Le mus\u00e9e des arts na\u00effs et populaires que nous avons eu l\u2019honneur de visiter se trouve dans le village de Noyers-sur-Serein dans l\u2019Yonne (89).&nbsp;&nbsp;&nbsp;&nbsp;&nbsp;&nbsp;&nbsp;&nbsp;<\/p>\n\n\n<div class=\"wp-block-image\">\n<figure class=\"aligncenter size-full\"><a href=\"http:\/\/lycee-nisard.fr\/wp-content\/uploads\/2024\/05\/Photo1-3.png\"><img loading=\"lazy\" decoding=\"async\" width=\"456\" height=\"302\" src=\"http:\/\/lycee-nisard.fr\/wp-content\/uploads\/2024\/05\/Photo1-3.png\" alt=\"\" class=\"wp-image-6155\" srcset=\"https:\/\/lycee-nisard.fr\/wp-content\/uploads\/2024\/05\/Photo1-3.png 456w, https:\/\/lycee-nisard.fr\/wp-content\/uploads\/2024\/05\/Photo1-3-300x199.png 300w\" sizes=\"(max-width: 456px) 100vw, 456px\" \/><\/a><\/figure>\n<\/div>\n\n\n<p>Ce mus\u00e9e est situ\u00e9 dans le centre du village et comporte trois \u00e9tages dont un en r\u00e9novation qui devrait accueillir une exposition cet \u00e9t\u00e9. Il y a quatre pi\u00e8ces dans le bas au premier \u00e9tage qui abordent le th\u00e8me des arts Na\u00effs et populaires ainsi que d\u2019une passion et pas des moindres car il s\u2019agit de la boxoferrophilie qui signifie le fait de collectionner des boites.<\/p>\n\n\n\n<p>Il y a \u00e9galement le deuxi\u00e8me \u00e9tage dans ce mus\u00e9e qui comporte certains th\u00e8mes bien \u00e0 eux qui sont les traditions de l\u2019\u00e9poque telle que \u00ab&nbsp;le cul de Fanny&nbsp;\u00bb&nbsp;; une l\u00e9gende dans le domaine de la p\u00e9tanque mais aussi les offrandes comme les Ex-voto.<\/p>\n\n\n\n<p>Ce lieu procure des \u00e9motions positives et beaucoup d\u2019admiration. C\u2019est un lieu admirable que nous recommandons&nbsp;!<\/p>\n\n\n<div class=\"wp-block-image\">\n<figure class=\"aligncenter size-full\"><a href=\"http:\/\/lycee-nisard.fr\/wp-content\/uploads\/2024\/05\/Photo2-3.png\"><img loading=\"lazy\" decoding=\"async\" width=\"465\" height=\"261\" src=\"http:\/\/lycee-nisard.fr\/wp-content\/uploads\/2024\/05\/Photo2-3.png\" alt=\"\" class=\"wp-image-6156\" srcset=\"https:\/\/lycee-nisard.fr\/wp-content\/uploads\/2024\/05\/Photo2-3.png 465w, https:\/\/lycee-nisard.fr\/wp-content\/uploads\/2024\/05\/Photo2-3-300x168.png 300w\" sizes=\"(max-width: 465px) 100vw, 465px\" \/><\/a><\/figure>\n<\/div>\n\n\n<p class=\"has-text-align-right\"><strong><em>Louis et Noam<\/em><\/strong><\/p>\n","protected":false},"excerpt":{"rendered":"<p>Na\u00eff ou populaire, amour des boites, y\u2019en a pour tous les go\u00fbts&nbsp;! Le mus\u00e9e des arts na\u00effs et populaires que nous avons eu l\u2019honneur de visiter se trouve dans le village de Noyers-sur-Serein dans l\u2019Yonne (89).&nbsp;&nbsp;&nbsp;&nbsp;&nbsp;&nbsp;&nbsp;&nbsp; Ce mus\u00e9e est situ\u00e9 dans le centre du village et comporte trois \u00e9tages dont un en r\u00e9novation qui devrait &hellip; <a href=\"https:\/\/lycee-nisard.fr\/?page_id=6154\" class=\"more-link\">Continuer la lecture de <span class=\"screen-reader-text\">Culott\u00e9 ce Mus\u00e9e<\/span>  <span class=\"meta-nav\">&rarr;<\/span><\/a><\/p>\n","protected":false},"author":1,"featured_media":0,"parent":6219,"menu_order":0,"comment_status":"closed","ping_status":"closed","template":"","meta":{"saved_in_kubio":false,"footnotes":""},"class_list":["post-6154","page","type-page","status-publish","hentry"],"kubio_ai_page_context":{"short_desc":"","purpose":"general"},"_links":{"self":[{"href":"https:\/\/lycee-nisard.fr\/index.php?rest_route=\/wp\/v2\/pages\/6154","targetHints":{"allow":["GET"]}}],"collection":[{"href":"https:\/\/lycee-nisard.fr\/index.php?rest_route=\/wp\/v2\/pages"}],"about":[{"href":"https:\/\/lycee-nisard.fr\/index.php?rest_route=\/wp\/v2\/types\/page"}],"author":[{"embeddable":true,"href":"https:\/\/lycee-nisard.fr\/index.php?rest_route=\/wp\/v2\/users\/1"}],"replies":[{"embeddable":true,"href":"https:\/\/lycee-nisard.fr\/index.php?rest_route=%2Fwp%2Fv2%2Fcomments&post=6154"}],"version-history":[{"count":3,"href":"https:\/\/lycee-nisard.fr\/index.php?rest_route=\/wp\/v2\/pages\/6154\/revisions"}],"predecessor-version":[{"id":6233,"href":"https:\/\/lycee-nisard.fr\/index.php?rest_route=\/wp\/v2\/pages\/6154\/revisions\/6233"}],"up":[{"embeddable":true,"href":"https:\/\/lycee-nisard.fr\/index.php?rest_route=\/wp\/v2\/pages\/6219"}],"wp:attachment":[{"href":"https:\/\/lycee-nisard.fr\/index.php?rest_route=%2Fwp%2Fv2%2Fmedia&parent=6154"}],"curies":[{"name":"wp","href":"https:\/\/api.w.org\/{rel}","templated":true}]}}