{"id":6129,"date":"2024-05-28T17:03:34","date_gmt":"2024-05-28T16:03:34","guid":{"rendered":"http:\/\/lycee-nisard.fr\/?page_id=6129"},"modified":"2024-05-28T17:17:14","modified_gmt":"2024-05-28T16:17:14","slug":"un-matin-un-jardin","status":"publish","type":"page","link":"https:\/\/lycee-nisard.fr\/?page_id=6129","title":{"rendered":"Un matin, un jardin"},"content":{"rendered":"\n<p>Nous sommes arriv\u00e9s au jardin de Versailles t\u00f4t dans la matin\u00e9e et la premi\u00e8re chose que nous pouvions remarquer est que le jardin est immense et que l\u2019on se sent ridiculement petit devant cette grandeur \u00e9poustouflante&nbsp;! D\u00e8s l\u2019entr\u00e9e nous pouvons voir que les jardins sont parfaitement sym\u00e9triques et que chaque arbre est parfaitement coup\u00e9 pour que chaque chemin soit parfaitement trac\u00e9.<\/p>\n\n\n<div class=\"wp-block-image\">\n<figure class=\"aligncenter size-full\"><a href=\"http:\/\/lycee-nisard.fr\/wp-content\/uploads\/2024\/05\/Photo1-5.png\"><img loading=\"lazy\" decoding=\"async\" width=\"223\" height=\"126\" src=\"http:\/\/lycee-nisard.fr\/wp-content\/uploads\/2024\/05\/Photo1-5.png\" alt=\"\" class=\"wp-image-6177\"\/><\/a><\/figure>\n<\/div>\n\n\n<p class=\"has-text-align-center\"><em>Bassin de Latone : le bassin qui nous montre le d\u00e9but des jardins<\/em><\/p>\n\n\n\n<p>Ensuite ce que nous remarquons vite est que les chemins sont entour\u00e9s de statues.<\/p>\n\n\n<div class=\"wp-block-image\">\n<figure class=\"alignleft size-full\"><a href=\"http:\/\/lycee-nisard.fr\/wp-content\/uploads\/2024\/05\/Statue.jpg\"><img loading=\"lazy\" decoding=\"async\" width=\"132\" height=\"233\" src=\"http:\/\/lycee-nisard.fr\/wp-content\/uploads\/2024\/05\/Statue.jpg\" alt=\"\" class=\"wp-image-6133\"\/><\/a><\/figure>\n<\/div>\n\n<div class=\"wp-block-image\">\n<figure class=\"alignright size-full\"><a href=\"http:\/\/lycee-nisard.fr\/wp-content\/uploads\/2024\/05\/Statue2.jpg\"><img loading=\"lazy\" decoding=\"async\" width=\"129\" height=\"227\" src=\"http:\/\/lycee-nisard.fr\/wp-content\/uploads\/2024\/05\/Statue2.jpg\" alt=\"\" class=\"wp-image-6134\"\/><\/a><\/figure>\n<\/div>\n\n\n<p><em>Photo d\u2019une statue du Jardin. Il y en a \u00e9norm\u00e9ment et elles sont magnifiques<\/em><\/p>\n\n\n\n<p><\/p>\n\n\n\n<p><\/p>\n\n\n\n<p><\/p>\n\n\n\n<p><\/p>\n\n\n\n<p>Puis nous avons entam\u00e9 notre chemin pour voir les magnifiques bassins qui se situent \u00e0 plein d\u2019endroits diff\u00e9rents, tous repr\u00e9sentant des choses diff\u00e9rentes, du dauphin aux chevaux en passant par les dragons, nous pouvions trouver des bassins plus magnifiques les uns que les autres.<\/p>\n\n\n<div class=\"wp-block-image\">\n<figure class=\"aligncenter size-full\"><a href=\"http:\/\/lycee-nisard.fr\/wp-content\/uploads\/2024\/05\/Bains-Apollon.jpg\"><img loading=\"lazy\" decoding=\"async\" width=\"219\" height=\"124\" src=\"http:\/\/lycee-nisard.fr\/wp-content\/uploads\/2024\/05\/Bains-Apollon.jpg\" alt=\"\" class=\"wp-image-6135\"\/><\/a><\/figure>\n<\/div>\n\n\n<p class=\"has-text-align-center\"><em>Photo des bains d\u2019Apollon<\/em><\/p>\n\n\n\n<p>Pour finir, nous pouvions voir des lieux o\u00f9 nous pouvons sentir que des \u00e9v\u00e9nement ont eu lieu ici, cela nous fait vraiment rentrer dans l\u2018histoire de Versailles et cela est g\u00e9nial !<\/p>\n\n\n<div class=\"wp-block-image\">\n<figure class=\"aligncenter size-full\"><a href=\"http:\/\/lycee-nisard.fr\/wp-content\/uploads\/2024\/05\/Bosquet.jpg\"><img loading=\"lazy\" decoding=\"async\" width=\"322\" height=\"183\" src=\"http:\/\/lycee-nisard.fr\/wp-content\/uploads\/2024\/05\/Bosquet.jpg\" alt=\"\" class=\"wp-image-6136\" srcset=\"https:\/\/lycee-nisard.fr\/wp-content\/uploads\/2024\/05\/Bosquet.jpg 322w, https:\/\/lycee-nisard.fr\/wp-content\/uploads\/2024\/05\/Bosquet-300x170.jpg 300w\" sizes=\"(max-width: 322px) 100vw, 322px\" \/><\/a><\/figure>\n<\/div>\n\n\n<p class=\"has-text-align-center\">&nbsp;<em>Photo du bosquet de l\u2019Encelade<\/em><\/p>\n\n\n<div class=\"wp-block-image\">\n<figure class=\"aligncenter size-full\"><a href=\"http:\/\/lycee-nisard.fr\/wp-content\/uploads\/2024\/05\/Flore.jpg\"><img loading=\"lazy\" decoding=\"async\" width=\"258\" height=\"147\" src=\"http:\/\/lycee-nisard.fr\/wp-content\/uploads\/2024\/05\/Flore.jpg\" alt=\"\" class=\"wp-image-6137\"\/><\/a><\/figure>\n<\/div>\n\n\n<p class=\"has-text-align-center\"><em>Photo du bassin de Flore<\/em><\/p>\n","protected":false},"excerpt":{"rendered":"<p>Nous sommes arriv\u00e9s au jardin de Versailles t\u00f4t dans la matin\u00e9e et la premi\u00e8re chose que nous pouvions remarquer est que le jardin est immense et que l\u2019on se sent ridiculement petit devant cette grandeur \u00e9poustouflante&nbsp;! D\u00e8s l\u2019entr\u00e9e nous pouvons voir que les jardins sont parfaitement sym\u00e9triques et que chaque arbre est parfaitement coup\u00e9 pour &hellip; <a href=\"https:\/\/lycee-nisard.fr\/?page_id=6129\" class=\"more-link\">Continuer la lecture de <span class=\"screen-reader-text\">Un matin, un jardin<\/span>  <span class=\"meta-nav\">&rarr;<\/span><\/a><\/p>\n","protected":false},"author":1,"featured_media":0,"parent":6219,"menu_order":6,"comment_status":"closed","ping_status":"closed","template":"","meta":{"saved_in_kubio":false,"footnotes":""},"class_list":["post-6129","page","type-page","status-publish","hentry"],"kubio_ai_page_context":{"short_desc":"","purpose":"general"},"_links":{"self":[{"href":"https:\/\/lycee-nisard.fr\/index.php?rest_route=\/wp\/v2\/pages\/6129","targetHints":{"allow":["GET"]}}],"collection":[{"href":"https:\/\/lycee-nisard.fr\/index.php?rest_route=\/wp\/v2\/pages"}],"about":[{"href":"https:\/\/lycee-nisard.fr\/index.php?rest_route=\/wp\/v2\/types\/page"}],"author":[{"embeddable":true,"href":"https:\/\/lycee-nisard.fr\/index.php?rest_route=\/wp\/v2\/users\/1"}],"replies":[{"embeddable":true,"href":"https:\/\/lycee-nisard.fr\/index.php?rest_route=%2Fwp%2Fv2%2Fcomments&post=6129"}],"version-history":[{"count":5,"href":"https:\/\/lycee-nisard.fr\/index.php?rest_route=\/wp\/v2\/pages\/6129\/revisions"}],"predecessor-version":[{"id":6178,"href":"https:\/\/lycee-nisard.fr\/index.php?rest_route=\/wp\/v2\/pages\/6129\/revisions\/6178"}],"up":[{"embeddable":true,"href":"https:\/\/lycee-nisard.fr\/index.php?rest_route=\/wp\/v2\/pages\/6219"}],"wp:attachment":[{"href":"https:\/\/lycee-nisard.fr\/index.php?rest_route=%2Fwp%2Fv2%2Fmedia&parent=6129"}],"curies":[{"name":"wp","href":"https:\/\/api.w.org\/{rel}","templated":true}]}}