{"id":5986,"date":"2024-03-14T16:23:05","date_gmt":"2024-03-14T15:23:05","guid":{"rendered":"http:\/\/lycee-nisard.fr\/?page_id=5986"},"modified":"2026-03-12T15:38:47","modified_gmt":"2026-03-12T14:38:47","slug":"section-sportive-trail-course-a-pied","status":"publish","type":"page","link":"https:\/\/lycee-nisard.fr\/?page_id=5986","title":{"rendered":"SECTION SPORTIVE TRAIL \/ COURSE EN NATURE"},"content":{"rendered":"\n<p>A la rentr\u00e9e 2024, une nouvelle section sportive ouvre au LDN.<\/p>\n\n\n\n<figure class=\"wp-block-gallery has-nested-images columns-default is-cropped wp-block-gallery-1 is-layout-flex wp-block-gallery-is-layout-flex\">\n<figure class=\"wp-block-image size-large\"><a href=\"http:\/\/lycee-nisard.fr\/wp-content\/uploads\/2024\/03\/IMG_0973-scaled.jpg\"><img loading=\"lazy\" decoding=\"async\" width=\"768\" height=\"1024\" data-id=\"6048\" src=\"http:\/\/lycee-nisard.fr\/wp-content\/uploads\/2024\/03\/IMG_0973-768x1024.jpg\" alt=\"\" class=\"wp-image-6048\" srcset=\"https:\/\/lycee-nisard.fr\/wp-content\/uploads\/2024\/03\/IMG_0973-768x1024.jpg 768w, https:\/\/lycee-nisard.fr\/wp-content\/uploads\/2024\/03\/IMG_0973-225x300.jpg 225w, https:\/\/lycee-nisard.fr\/wp-content\/uploads\/2024\/03\/IMG_0973-1152x1536.jpg 1152w, https:\/\/lycee-nisard.fr\/wp-content\/uploads\/2024\/03\/IMG_0973-1536x2048.jpg 1536w, https:\/\/lycee-nisard.fr\/wp-content\/uploads\/2024\/03\/IMG_0973-scaled.jpg 1920w\" sizes=\"(max-width: 768px) 100vw, 768px\" \/><\/a><\/figure>\n\n\n\n<figure class=\"wp-block-image size-large\"><a href=\"http:\/\/lycee-nisard.fr\/wp-content\/uploads\/2024\/03\/790AA45F-6C6C-469C-8B25-EC1F54FA2D39.jpg\"><img loading=\"lazy\" decoding=\"async\" width=\"819\" height=\"1024\" data-id=\"6039\" src=\"http:\/\/lycee-nisard.fr\/wp-content\/uploads\/2024\/03\/790AA45F-6C6C-469C-8B25-EC1F54FA2D39-819x1024.jpg\" alt=\"\" class=\"wp-image-6039\" srcset=\"https:\/\/lycee-nisard.fr\/wp-content\/uploads\/2024\/03\/790AA45F-6C6C-469C-8B25-EC1F54FA2D39-819x1024.jpg 819w, https:\/\/lycee-nisard.fr\/wp-content\/uploads\/2024\/03\/790AA45F-6C6C-469C-8B25-EC1F54FA2D39-240x300.jpg 240w, https:\/\/lycee-nisard.fr\/wp-content\/uploads\/2024\/03\/790AA45F-6C6C-469C-8B25-EC1F54FA2D39-768x960.jpg 768w, https:\/\/lycee-nisard.fr\/wp-content\/uploads\/2024\/03\/790AA45F-6C6C-469C-8B25-EC1F54FA2D39-1229x1536.jpg 1229w, https:\/\/lycee-nisard.fr\/wp-content\/uploads\/2024\/03\/790AA45F-6C6C-469C-8B25-EC1F54FA2D39.jpg 1440w\" sizes=\"(max-width: 819px) 100vw, 819px\" \/><\/a><\/figure>\n<\/figure>\n\n\n\n<p><strong><em><u>Les&nbsp;Objectifs de la section sportive :<\/u><\/em><\/strong><\/p>\n\n\n\n<ul class=\"wp-block-list\">\n<li>D\u00e9veloppement des qualit\u00e9s bio\u00e9nerg\u00e9tiques&nbsp;: endurance, puissance, vitesse\u2026 en lien avec le d\u00e9veloppement physique et psychologique du jeune.<\/li>\n\n\n\n<li>Connaissance des milieux naturels : faune, flore, climat, r\u00e8gles d\u2019\u00e9volution.<\/li>\n\n\n\n<li>Apprentissage des techniques de locomotion en mont\u00e9e et en descente&nbsp;: jouer avec le terrain.<\/li>\n\n\n\n<li>La gestion de l\u2019intensit\u00e9 de l\u2019effort<\/li>\n\n\n\n<li>La nutrition et l\u2019hydratation<\/li>\n\n\n\n<li>Les techniques de renforcement, \u00e9tirements<\/li>\n\n\n\n<li>Planifier, programmer, r\u00e9cup\u00e9rer<\/li>\n\n\n\n<li>S&rsquo;\u00e9panouir en alliant Sport et Etudes de mani\u00e8re organis\u00e9e<\/li>\n<\/ul>\n\n\n\n<figure class=\"wp-block-gallery has-nested-images columns-default is-cropped wp-block-gallery-2 is-layout-flex wp-block-gallery-is-layout-flex\">\n<figure class=\"wp-block-image size-large\"><a href=\"http:\/\/lycee-nisard.fr\/wp-content\/uploads\/2024\/03\/IMG_7623-scaled.jpg\"><img loading=\"lazy\" decoding=\"async\" width=\"768\" height=\"1024\" data-id=\"6046\" src=\"http:\/\/lycee-nisard.fr\/wp-content\/uploads\/2024\/03\/IMG_7623-768x1024.jpg\" alt=\"\" class=\"wp-image-6046\" srcset=\"https:\/\/lycee-nisard.fr\/wp-content\/uploads\/2024\/03\/IMG_7623-768x1024.jpg 768w, https:\/\/lycee-nisard.fr\/wp-content\/uploads\/2024\/03\/IMG_7623-225x300.jpg 225w, https:\/\/lycee-nisard.fr\/wp-content\/uploads\/2024\/03\/IMG_7623-1152x1536.jpg 1152w, https:\/\/lycee-nisard.fr\/wp-content\/uploads\/2024\/03\/IMG_7623-1536x2048.jpg 1536w, https:\/\/lycee-nisard.fr\/wp-content\/uploads\/2024\/03\/IMG_7623-scaled.jpg 1920w\" sizes=\"(max-width: 768px) 100vw, 768px\" \/><\/a><\/figure>\n\n\n\n<figure class=\"wp-block-image size-large\"><a href=\"http:\/\/lycee-nisard.fr\/wp-content\/uploads\/2024\/03\/IMG_0004.jpeg\"><img loading=\"lazy\" decoding=\"async\" width=\"1024\" height=\"997\" data-id=\"6047\" src=\"http:\/\/lycee-nisard.fr\/wp-content\/uploads\/2024\/03\/IMG_0004-1024x997.jpeg\" alt=\"\" class=\"wp-image-6047\" srcset=\"https:\/\/lycee-nisard.fr\/wp-content\/uploads\/2024\/03\/IMG_0004-1024x997.jpeg 1024w, https:\/\/lycee-nisard.fr\/wp-content\/uploads\/2024\/03\/IMG_0004-300x292.jpeg 300w, https:\/\/lycee-nisard.fr\/wp-content\/uploads\/2024\/03\/IMG_0004-768x747.jpeg 768w, https:\/\/lycee-nisard.fr\/wp-content\/uploads\/2024\/03\/IMG_0004-1536x1495.jpeg 1536w, https:\/\/lycee-nisard.fr\/wp-content\/uploads\/2024\/03\/IMG_0004.jpeg 1796w\" sizes=\"(max-width: 1024px) 100vw, 1024px\" \/><\/a><\/figure>\n<\/figure>\n\n\n\n<p><strong>Comp\u00e9tence vis\u00e9e en fin de terminale :<\/strong>&nbsp;<\/p>\n\n\n\n<p>&#8211; L\u2019objectif n\u2019est pas d\u2019en faire des machines de guerre mais de leur donner tous les outils et les moyens de progresser \u00e0 leur rythme, en pr\u00e9servant leur int\u00e9grit\u00e9 physique et en prenant beaucoup de plaisir. Avec les jeunes, il faut se donner le temps de construire et de d\u00e9velopper les qualit\u00e9s correspondant \u00e0 leurs objectifs.<\/p>\n\n\n\n<p>&#8211; Ma\u00eetriser tous les moyens de d\u00e9placements en milieu naturel de mani\u00e8re r\u00e9fl\u00e9chie et s\u00e9curitaire en respectant les lieux de pratique, seul ou \u00e0 plusieurs.<\/p>\n\n\n\n<figure class=\"wp-block-gallery has-nested-images columns-default is-cropped wp-block-gallery-3 is-layout-flex wp-block-gallery-is-layout-flex\">\n<figure class=\"wp-block-image size-large\"><a href=\"http:\/\/lycee-nisard.fr\/wp-content\/uploads\/2024\/03\/IMG_7342-scaled.jpg\"><img loading=\"lazy\" decoding=\"async\" width=\"683\" height=\"1024\" data-id=\"6044\" src=\"http:\/\/lycee-nisard.fr\/wp-content\/uploads\/2024\/03\/IMG_7342-683x1024.jpg\" alt=\"\" class=\"wp-image-6044\" srcset=\"https:\/\/lycee-nisard.fr\/wp-content\/uploads\/2024\/03\/IMG_7342-683x1024.jpg 683w, https:\/\/lycee-nisard.fr\/wp-content\/uploads\/2024\/03\/IMG_7342-200x300.jpg 200w, https:\/\/lycee-nisard.fr\/wp-content\/uploads\/2024\/03\/IMG_7342-768x1152.jpg 768w, https:\/\/lycee-nisard.fr\/wp-content\/uploads\/2024\/03\/IMG_7342-1024x1536.jpg 1024w, https:\/\/lycee-nisard.fr\/wp-content\/uploads\/2024\/03\/IMG_7342-1365x2048.jpg 1365w, https:\/\/lycee-nisard.fr\/wp-content\/uploads\/2024\/03\/IMG_7342-scaled.jpg 1707w\" sizes=\"(max-width: 683px) 100vw, 683px\" \/><\/a><\/figure>\n\n\n\n<figure class=\"wp-block-image size-large\"><a href=\"http:\/\/lycee-nisard.fr\/wp-content\/uploads\/2024\/03\/IMG_1261.jpeg\"><img loading=\"lazy\" decoding=\"async\" width=\"802\" height=\"1024\" data-id=\"6042\" src=\"http:\/\/lycee-nisard.fr\/wp-content\/uploads\/2024\/03\/IMG_1261-802x1024.jpeg\" alt=\"\" class=\"wp-image-6042\" srcset=\"https:\/\/lycee-nisard.fr\/wp-content\/uploads\/2024\/03\/IMG_1261-802x1024.jpeg 802w, https:\/\/lycee-nisard.fr\/wp-content\/uploads\/2024\/03\/IMG_1261-235x300.jpeg 235w, https:\/\/lycee-nisard.fr\/wp-content\/uploads\/2024\/03\/IMG_1261-768x981.jpeg 768w, https:\/\/lycee-nisard.fr\/wp-content\/uploads\/2024\/03\/IMG_1261-1203x1536.jpeg 1203w, https:\/\/lycee-nisard.fr\/wp-content\/uploads\/2024\/03\/IMG_1261-1604x2048.jpeg 1604w, https:\/\/lycee-nisard.fr\/wp-content\/uploads\/2024\/03\/IMG_1261.jpeg 1832w\" sizes=\"(max-width: 802px) 100vw, 802px\" \/><\/a><\/figure>\n<\/figure>\n\n\n\n<p><strong>Composition ann\u00e9e scolaire 2024\/2025 et recrutement<\/strong><\/p>\n\n\n\n<p>Nombre de place possible&nbsp;pour la rentr\u00e9e 2025\/2026 : 16&nbsp;(au moins&nbsp; 6 filles \/au moins 6 gar\u00e7ons)<\/p>\n\n\n\n<p>Composition 2023\/2024&nbsp;: 4 jeunes en voie g\u00e9n\u00e9rale et 2 en voie professionnelle (3 jeunes en classe de seconde, 1 jeunes&nbsp;en 1\u00e8re, 2 jeunes en terminale)<\/p>\n\n\n\n<p><strong>&nbsp;Recrutement en 2 temps :<\/strong><\/p>\n\n\n\n<p>&nbsp;Analyse de dossiers scolaires et sportifs : 1\u00e8re s\u00e9lection,<br>&#8211; Entretiens et tests physiques et techniques sur convocation ( test : Course \u00e0 pied 12\u2032 VMA, Trail de 2500 m).<strong><\/strong><\/p>\n\n\n\n<p><strong><br>Sont pris en compte :<\/strong><br>&#8211; Les r\u00e9sultats scolaires et l\u2019attitude de l\u2019\u00e9l\u00e8ve en cours,<br>&#8211; La capacit\u00e9 de travail et d\u2019organisation,<br>&#8211; Le niveau sportif et le v\u00e9cu en course \u00e0 pied et notamment la course en nature,<br>&#8211; La motivation et l\u2019enthousiasme de l\u2019\u00e9l\u00e8ve.<\/p>\n\n\n\n<figure class=\"wp-block-gallery has-nested-images columns-default is-cropped wp-block-gallery-4 is-layout-flex wp-block-gallery-is-layout-flex\">\n<figure class=\"wp-block-image size-large\"><a href=\"http:\/\/lycee-nisard.fr\/wp-content\/uploads\/2024\/03\/IMG_1225.jpeg\"><img loading=\"lazy\" decoding=\"async\" width=\"803\" height=\"1024\" data-id=\"6040\" src=\"http:\/\/lycee-nisard.fr\/wp-content\/uploads\/2024\/03\/IMG_1225-803x1024.jpeg\" alt=\"\" class=\"wp-image-6040\" srcset=\"https:\/\/lycee-nisard.fr\/wp-content\/uploads\/2024\/03\/IMG_1225-803x1024.jpeg 803w, https:\/\/lycee-nisard.fr\/wp-content\/uploads\/2024\/03\/IMG_1225-235x300.jpeg 235w, https:\/\/lycee-nisard.fr\/wp-content\/uploads\/2024\/03\/IMG_1225-768x979.jpeg 768w, https:\/\/lycee-nisard.fr\/wp-content\/uploads\/2024\/03\/IMG_1225-1205x1536.jpeg 1205w, https:\/\/lycee-nisard.fr\/wp-content\/uploads\/2024\/03\/IMG_1225.jpeg 1519w\" sizes=\"(max-width: 803px) 100vw, 803px\" \/><\/a><\/figure>\n\n\n\n<figure class=\"wp-block-image size-large\"><a href=\"http:\/\/lycee-nisard.fr\/wp-content\/uploads\/2024\/03\/IMG_1258.jpeg\"><img loading=\"lazy\" decoding=\"async\" width=\"889\" height=\"1024\" data-id=\"6041\" src=\"http:\/\/lycee-nisard.fr\/wp-content\/uploads\/2024\/03\/IMG_1258-889x1024.jpeg\" alt=\"\" class=\"wp-image-6041\" srcset=\"https:\/\/lycee-nisard.fr\/wp-content\/uploads\/2024\/03\/IMG_1258-889x1024.jpeg 889w, https:\/\/lycee-nisard.fr\/wp-content\/uploads\/2024\/03\/IMG_1258-260x300.jpeg 260w, https:\/\/lycee-nisard.fr\/wp-content\/uploads\/2024\/03\/IMG_1258-768x885.jpeg 768w, https:\/\/lycee-nisard.fr\/wp-content\/uploads\/2024\/03\/IMG_1258-1334x1536.jpeg 1334w, https:\/\/lycee-nisard.fr\/wp-content\/uploads\/2024\/03\/IMG_1258.jpeg 1615w\" sizes=\"(max-width: 889px) 100vw, 889px\" \/><\/a><\/figure>\n<\/figure>\n\n\n\n<p><strong><em><u>Horaires et stages :<\/u><\/em><\/strong><\/p>\n\n\n\n<ul class=\"wp-block-list\">\n<li>Tous les Mardis de 17h \u00e0 18h30 et jeudis 17h\/18h30,<\/li>\n\n\n\n<li>Les mercredis : AS obligatoire pour tous,<\/li>\n\n\n\n<li>Tous les jeudis de 14h \u00e0 17h (cours option EPS pour les jeunes de la voie g\u00e9n\u00e9rale),<\/li>\n\n\n\n<li>Entrainements suppl\u00e9mentaires et d\u00e9placements sur les comp\u00e9titions les week-ends occasionnellement,<\/li>\n\n\n\n<li>Selon les ann\u00e9es mise en place de mini-stages pendant les week-end (sur la base du volontariat)<\/li>\n\n\n\n<li>1 stage en p\u00e9riode scolaire : Activit\u00e9s de montagne.<\/li>\n<\/ul>\n\n\n\n<figure class=\"wp-block-gallery has-nested-images columns-default is-cropped wp-block-gallery-5 is-layout-flex wp-block-gallery-is-layout-flex\">\n<figure class=\"wp-block-image size-large\"><a href=\"http:\/\/lycee-nisard.fr\/wp-content\/uploads\/2024\/03\/IMG_4429.jpeg\"><img loading=\"lazy\" decoding=\"async\" width=\"967\" height=\"1024\" data-id=\"6043\" src=\"http:\/\/lycee-nisard.fr\/wp-content\/uploads\/2024\/03\/IMG_4429-967x1024.jpeg\" alt=\"\" class=\"wp-image-6043\" srcset=\"https:\/\/lycee-nisard.fr\/wp-content\/uploads\/2024\/03\/IMG_4429-967x1024.jpeg 967w, https:\/\/lycee-nisard.fr\/wp-content\/uploads\/2024\/03\/IMG_4429-283x300.jpeg 283w, https:\/\/lycee-nisard.fr\/wp-content\/uploads\/2024\/03\/IMG_4429-768x814.jpeg 768w, https:\/\/lycee-nisard.fr\/wp-content\/uploads\/2024\/03\/IMG_4429-1450x1536.jpeg 1450w, https:\/\/lycee-nisard.fr\/wp-content\/uploads\/2024\/03\/IMG_4429.jpeg 1532w\" sizes=\"(max-width: 967px) 100vw, 967px\" \/><\/a><\/figure>\n\n\n\n<figure class=\"wp-block-image size-large\"><a href=\"http:\/\/lycee-nisard.fr\/wp-content\/uploads\/2024\/03\/IMG_7343-scaled.jpg\"><img loading=\"lazy\" decoding=\"async\" width=\"648\" height=\"1024\" data-id=\"6045\" src=\"http:\/\/lycee-nisard.fr\/wp-content\/uploads\/2024\/03\/IMG_7343-648x1024.jpg\" alt=\"\" class=\"wp-image-6045\" srcset=\"https:\/\/lycee-nisard.fr\/wp-content\/uploads\/2024\/03\/IMG_7343-648x1024.jpg 648w, https:\/\/lycee-nisard.fr\/wp-content\/uploads\/2024\/03\/IMG_7343-190x300.jpg 190w, https:\/\/lycee-nisard.fr\/wp-content\/uploads\/2024\/03\/IMG_7343-768x1214.jpg 768w, https:\/\/lycee-nisard.fr\/wp-content\/uploads\/2024\/03\/IMG_7343-972x1536.jpg 972w, https:\/\/lycee-nisard.fr\/wp-content\/uploads\/2024\/03\/IMG_7343-1296x2048.jpg 1296w, https:\/\/lycee-nisard.fr\/wp-content\/uploads\/2024\/03\/IMG_7343-scaled.jpg 1620w\" sizes=\"(max-width: 648px) 100vw, 648px\" \/><\/a><\/figure>\n<\/figure>\n\n\n\n<h4 class=\"wp-block-heading\"><em><u>Activit\u00e9s pratiqu\u00e9es :<\/u><\/em><\/h4>\n\n\n\n<p><strong>R\u00e9guli\u00e8rement&nbsp;<\/strong>: Trail, Course sur piste, cross-country,<br><strong>Occasionnellement<\/strong>&nbsp;: laser run, course d&rsquo;orientation.<\/p>\n\n\n\n<h4 class=\"wp-block-heading\"><em><u>Suivi scolaire<\/u><\/em>&nbsp;:<\/h4>\n\n\n\n<p>Chaque \u00e9l\u00e8ve est suivi individuellement en relation avec les \u00e9quipes p\u00e9dagogiques, l\u2019administration et les parents.<br>La r\u00e9ussite scolaire reste prioritaire.<br>Des heures de soutien scolaire (ou approfondissement) peuvent \u00eatre mises en place selon les besoins.<\/p>\n\n\n\n<h4 class=\"wp-block-heading\"><em><u>Suivi sportif et m\u00e9dical<\/u><\/em>&nbsp;:<\/h4>\n\n\n\n<p>Une attention particuli\u00e8re est port\u00e9e \u00e0 la sant\u00e9 physique et mentale des jeunes.<br>Les entrainements peuvent \u00eatre individualis\u00e9s via la plateforme d&rsquo;entra\u00eenement Nolio, selon les capacit\u00e9s et les niveaux de forme de chacun.<\/p>\n\n\n\n<p>Une visite m\u00e9dicale avec \u00e9lectrocardiogramme est obligatoire \u00e0 l\u2019entr\u00e9e en classe de seconde.<\/p>\n\n\n\n<p><strong>Pr\u00e9sentation de la section :<\/strong><\/p>\n\n\n\n<p><\/p>\n\n\n\n<p><\/p>\n\n\n\n<figure class=\"wp-block-image size-large\"><a href=\"http:\/\/lycee-nisard.fr\/wp-content\/uploads\/2026\/03\/F7FC62CF-52AA-4235-A01B-D343A31713EC-1.png\"><img loading=\"lazy\" decoding=\"async\" width=\"1024\" height=\"723\" src=\"http:\/\/lycee-nisard.fr\/wp-content\/uploads\/2026\/03\/F7FC62CF-52AA-4235-A01B-D343A31713EC-1-1024x723.png\" alt=\"\" class=\"wp-image-7126\" srcset=\"https:\/\/lycee-nisard.fr\/wp-content\/uploads\/2026\/03\/F7FC62CF-52AA-4235-A01B-D343A31713EC-1-1024x723.png 1024w, https:\/\/lycee-nisard.fr\/wp-content\/uploads\/2026\/03\/F7FC62CF-52AA-4235-A01B-D343A31713EC-1-300x212.png 300w, https:\/\/lycee-nisard.fr\/wp-content\/uploads\/2026\/03\/F7FC62CF-52AA-4235-A01B-D343A31713EC-1-768x542.png 768w, https:\/\/lycee-nisard.fr\/wp-content\/uploads\/2026\/03\/F7FC62CF-52AA-4235-A01B-D343A31713EC-1.png 1328w\" sizes=\"(max-width: 1024px) 100vw, 1024px\" \/><\/a><\/figure>\n\n\n\n<figure class=\"wp-block-image size-large\"><a href=\"http:\/\/lycee-nisard.fr\/wp-content\/uploads\/2026\/03\/4CE8F10E-77DA-43D4-98E5-39DC13128655-1.png\"><img loading=\"lazy\" decoding=\"async\" width=\"1024\" height=\"722\" src=\"http:\/\/lycee-nisard.fr\/wp-content\/uploads\/2026\/03\/4CE8F10E-77DA-43D4-98E5-39DC13128655-1-1024x722.png\" alt=\"\" class=\"wp-image-7127\" srcset=\"https:\/\/lycee-nisard.fr\/wp-content\/uploads\/2026\/03\/4CE8F10E-77DA-43D4-98E5-39DC13128655-1-1024x722.png 1024w, https:\/\/lycee-nisard.fr\/wp-content\/uploads\/2026\/03\/4CE8F10E-77DA-43D4-98E5-39DC13128655-1-300x212.png 300w, https:\/\/lycee-nisard.fr\/wp-content\/uploads\/2026\/03\/4CE8F10E-77DA-43D4-98E5-39DC13128655-1-768x542.png 768w, https:\/\/lycee-nisard.fr\/wp-content\/uploads\/2026\/03\/4CE8F10E-77DA-43D4-98E5-39DC13128655-1.png 1327w\" sizes=\"(max-width: 1024px) 100vw, 1024px\" \/><\/a><\/figure>\n\n\n\n<p><em>Cliquer sur le lien ci-dessous pour t\u00e9l\u00e9charger la brochure\u00a0<img decoding=\"async\" draggable=\"false\" role=\"img\" class=\"emoji\" src=\"https:\/\/s.w.org\/images\/core\/emoji\/17.0.2\/svg\/2b07.svg\" alt=\"&#x2b07;&#xfe0f;\"><\/em><\/p>\n\n\n\n<div class=\"wp-block-file\" style=\"padding-right:var(--wp--preset--spacing--80);padding-left:var(--wp--preset--spacing--80)\"><a id=\"wp-block-file--media-41bb0c4e-d459-41da-8bcc-aeec68ec23df\" href=\"http:\/\/lycee-nisard.fr\/wp-content\/uploads\/2026\/03\/RAID-1.pdf\">RAID<\/a><a href=\"http:\/\/lycee-nisard.fr\/wp-content\/uploads\/2026\/03\/RAID-1.pdf\" class=\"wp-block-file__button wp-element-button\" download aria-describedby=\"wp-block-file--media-41bb0c4e-d459-41da-8bcc-aeec68ec23df\">T\u00e9l\u00e9charger<\/a><\/div>\n\n\n\n<p><br><strong>Dossier de candidature :<\/strong><\/p>\n\n\n\n<div data-wp-interactive=\"core\/file\" class=\"wp-block-file\"><object data-wp-bind--hidden=\"!state.hasPdfPreview\" hidden class=\"wp-block-file__embed\" data=\"http:\/\/lycee-nisard.fr\/wp-content\/uploads\/2026\/01\/Dossier-de-candidature-Section-Sportive-TRAIL-LDN-2026.pdf\" type=\"application\/pdf\" style=\"width:100%;height:600px\" aria-label=\"Contenu embarqu\u00e9 Dossier de candidature Section Sportive TRAIL LDN 2026.\"><\/object><a id=\"wp-block-file--media-3aff5b3d-6d02-4402-8705-87e0faaeeb05\" href=\"http:\/\/lycee-nisard.fr\/wp-content\/uploads\/2026\/01\/Dossier-de-candidature-Section-Sportive-TRAIL-LDN-2026.pdf\">Dossier de candidature Section Sportive TRAIL LDN 2026<\/a><a href=\"http:\/\/lycee-nisard.fr\/wp-content\/uploads\/2026\/01\/Dossier-de-candidature-Section-Sportive-TRAIL-LDN-2026.pdf\" class=\"wp-block-file__button wp-element-button\" download aria-describedby=\"wp-block-file--media-3aff5b3d-6d02-4402-8705-87e0faaeeb05\">T\u00e9l\u00e9charger<\/a><\/div>\n\n\n\n<h4 class=\"wp-block-heading\"><br>En vid\u00e9o, les participations 2023-2024 de la section sportive aux trails :<\/h4>\n\n\n\n<p><strong>Trail de Brochon<\/strong><\/p>\n\n\n<div class=\"wp-block-image\">\n<figure class=\"aligncenter size-full\"><a href=\"https:\/\/youtu.be\/K8OGDVFzjpI\" target=\"_blank\" rel=\"noreferrer noopener\"><img loading=\"lazy\" decoding=\"async\" width=\"304\" height=\"170\" src=\"http:\/\/lycee-nisard.fr\/wp-content\/uploads\/2024\/03\/Trail-Brochon.png\" alt=\"\" class=\"wp-image-5987\" srcset=\"https:\/\/lycee-nisard.fr\/wp-content\/uploads\/2024\/03\/Trail-Brochon.png 304w, https:\/\/lycee-nisard.fr\/wp-content\/uploads\/2024\/03\/Trail-Brochon-300x168.png 300w\" sizes=\"(max-width: 304px) 100vw, 304px\" \/><\/a><\/figure>\n<\/div>\n\n\n<p><strong>Trail d&rsquo;Avallon<\/strong><\/p>\n\n\n<div class=\"wp-block-image\">\n<figure class=\"aligncenter size-full\"><a href=\"https:\/\/youtu.be\/x_VKi1QyJO0\" target=\"_blank\" rel=\"noreferrer noopener\"><img loading=\"lazy\" decoding=\"async\" width=\"301\" height=\"172\" src=\"http:\/\/lycee-nisard.fr\/wp-content\/uploads\/2024\/03\/Trail-Avallon.png\" alt=\"\" class=\"wp-image-5988\"\/><\/a><\/figure>\n<\/div>","protected":false},"excerpt":{"rendered":"<p>A la rentr\u00e9e 2024, une nouvelle section sportive ouvre au LDN. Les&nbsp;Objectifs de la section sportive : Comp\u00e9tence vis\u00e9e en fin de terminale :&nbsp; &#8211; L\u2019objectif n\u2019est pas d\u2019en faire des machines de guerre mais de leur donner tous les outils et les moyens de progresser \u00e0 leur rythme, en pr\u00e9servant leur int\u00e9grit\u00e9 physique et &hellip; <a href=\"https:\/\/lycee-nisard.fr\/?page_id=5986\" class=\"more-link\">Continuer la lecture de <span class=\"screen-reader-text\">SECTION SPORTIVE TRAIL \/ COURSE EN NATURE<\/span>  <span class=\"meta-nav\">&rarr;<\/span><\/a><\/p>\n","protected":false},"author":1,"featured_media":0,"parent":5972,"menu_order":2,"comment_status":"closed","ping_status":"closed","template":"","meta":{"saved_in_kubio":true,"footnotes":""},"class_list":["post-5986","page","type-page","status-publish","hentry"],"kubio_ai_page_context":{"short_desc":"","purpose":"general"},"_links":{"self":[{"href":"https:\/\/lycee-nisard.fr\/index.php?rest_route=\/wp\/v2\/pages\/5986","targetHints":{"allow":["GET"]}}],"collection":[{"href":"https:\/\/lycee-nisard.fr\/index.php?rest_route=\/wp\/v2\/pages"}],"about":[{"href":"https:\/\/lycee-nisard.fr\/index.php?rest_route=\/wp\/v2\/types\/page"}],"author":[{"embeddable":true,"href":"https:\/\/lycee-nisard.fr\/index.php?rest_route=\/wp\/v2\/users\/1"}],"replies":[{"embeddable":true,"href":"https:\/\/lycee-nisard.fr\/index.php?rest_route=%2Fwp%2Fv2%2Fcomments&post=5986"}],"version-history":[{"count":11,"href":"https:\/\/lycee-nisard.fr\/index.php?rest_route=\/wp\/v2\/pages\/5986\/revisions"}],"predecessor-version":[{"id":7129,"href":"https:\/\/lycee-nisard.fr\/index.php?rest_route=\/wp\/v2\/pages\/5986\/revisions\/7129"}],"up":[{"embeddable":true,"href":"https:\/\/lycee-nisard.fr\/index.php?rest_route=\/wp\/v2\/pages\/5972"}],"wp:attachment":[{"href":"https:\/\/lycee-nisard.fr\/index.php?rest_route=%2Fwp%2Fv2%2Fmedia&parent=5986"}],"curies":[{"name":"wp","href":"https:\/\/api.w.org\/{rel}","templated":true}]}}