{"id":4844,"date":"2022-06-14T15:59:03","date_gmt":"2022-06-14T14:59:03","guid":{"rendered":"http:\/\/lycee-nisard.fr\/?page_id=4844"},"modified":"2026-03-17T17:06:57","modified_gmt":"2026-03-17T16:06:57","slug":"uf2s","status":"publish","type":"page","link":"https:\/\/lycee-nisard.fr\/?page_id=4844","title":{"rendered":"UF2S"},"content":{"rendered":"\n<p><img decoding=\"async\" draggable=\"false\" role=\"img\" class=\"emoji\" src=\"https:\/\/s.w.org\/images\/core\/emoji\/17.0.2\/svg\/1f3c3-200d-2642-fe0f.svg\" alt=\"&#x1f3c3;&#x200d;&#x2642;&#xfe0f;\"> <strong>UF2S : Le sport s\u2019invite au Lyc\u00e9e D\u00e9sir\u00e9 Nisard !<\/strong> <img decoding=\"async\" draggable=\"false\" role=\"img\" class=\"emoji\" src=\"https:\/\/s.w.org\/images\/core\/emoji\/17.0.2\/svg\/26bd.svg\" alt=\"&#x26bd;\"><\/p>\n\n\n\n<p><\/p>\n\n\n\n<p>Depuis la rentr\u00e9e 2022, le <strong>Lyc\u00e9e D\u00e9sir\u00e9 Nisard de Ch\u00e2tillon-sur-Seine<\/strong> propose \u00e0 ses \u00e9l\u00e8ves une option dynamique : <strong>l\u2019UF2S \u2013 Unit\u00e9 Facultative Secteur Sportif<\/strong>. Une opportunit\u00e9 id\u00e9ale pour celles et ceux qui aiment bouger, se d\u00e9passer et d\u00e9couvrir les m\u00e9tiers li\u00e9s au sport ! <img decoding=\"async\" draggable=\"false\" role=\"img\" class=\"emoji\" src=\"https:\/\/s.w.org\/images\/core\/emoji\/17.0.2\/svg\/1f4aa.svg\" alt=\"&#x1f4aa;\"><\/p>\n\n\n\n<p><\/p>\n\n\n\n<p><img decoding=\"async\" draggable=\"false\" role=\"img\" class=\"emoji\" src=\"https:\/\/s.w.org\/images\/core\/emoji\/17.0.2\/svg\/1f3af.svg\" alt=\"&#x1f3af;\"> <strong>Pour qui ?<\/strong><br>Cette unit\u00e9 est ouverte aux \u00e9l\u00e8ves en <strong>Bac Pro ASSP<\/strong> et <strong>Bac Pro Animation<\/strong>, souhaitant enrichir leur parcours avec une dimension sportive.<\/p>\n\n\n\n<p><\/p>\n\n\n\n<p><img decoding=\"async\" draggable=\"false\" role=\"img\" class=\"emoji\" src=\"https:\/\/s.w.org\/images\/core\/emoji\/17.0.2\/svg\/1f525.svg\" alt=\"&#x1f525;\"> <strong>Au programme :<\/strong><br><img decoding=\"async\" draggable=\"false\" role=\"img\" class=\"emoji\" src=\"https:\/\/s.w.org\/images\/core\/emoji\/17.0.2\/svg\/2714.svg\" alt=\"&#x2714;&#xfe0f;\"> Pratique sportive r\u00e9guli\u00e8re<br><img decoding=\"async\" draggable=\"false\" role=\"img\" class=\"emoji\" src=\"https:\/\/s.w.org\/images\/core\/emoji\/17.0.2\/svg\/2714.svg\" alt=\"&#x2714;&#xfe0f;\"> D\u00e9veloppement de la condition physique<br><img decoding=\"async\" draggable=\"false\" role=\"img\" class=\"emoji\" src=\"https:\/\/s.w.org\/images\/core\/emoji\/17.0.2\/svg\/2714.svg\" alt=\"&#x2714;&#xfe0f;\"> Travail d\u2019\u00e9quipe et esprit collectif<br><img decoding=\"async\" draggable=\"false\" role=\"img\" class=\"emoji\" src=\"https:\/\/s.w.org\/images\/core\/emoji\/17.0.2\/svg\/2714.svg\" alt=\"&#x2714;&#xfe0f;\"> Participation \u00e0 des projets et \u00e9v\u00e9nements sportifs<br><img decoding=\"async\" draggable=\"false\" role=\"img\" class=\"emoji\" src=\"https:\/\/s.w.org\/images\/core\/emoji\/17.0.2\/svg\/2714.svg\" alt=\"&#x2714;&#xfe0f;\"> D\u00e9couverte des m\u00e9tiers du sport et de l\u2019animation<\/p>\n\n\n\n<p><\/p>\n\n\n\n<p><img decoding=\"async\" draggable=\"false\" role=\"img\" class=\"emoji\" src=\"https:\/\/s.w.org\/images\/core\/emoji\/17.0.2\/svg\/1f31f.svg\" alt=\"&#x1f31f;\"> <strong>Pourquoi choisir l\u2019UF2S ?<\/strong><br>Parce que c\u2019est l\u2019occasion de :<br><img decoding=\"async\" draggable=\"false\" role=\"img\" class=\"emoji\" src=\"https:\/\/s.w.org\/images\/core\/emoji\/17.0.2\/svg\/1f3c5.svg\" alt=\"&#x1f3c5;\"> Se d\u00e9passer et prendre confiance en soi<br><img decoding=\"async\" draggable=\"false\" role=\"img\" class=\"emoji\" src=\"https:\/\/s.w.org\/images\/core\/emoji\/17.0.2\/svg\/1f91d.svg\" alt=\"&#x1f91d;\"> D\u00e9velopper l\u2019esprit d\u2019\u00e9quipe<br><img decoding=\"async\" draggable=\"false\" role=\"img\" class=\"emoji\" src=\"https:\/\/s.w.org\/images\/core\/emoji\/17.0.2\/svg\/1f4da.svg\" alt=\"&#x1f4da;\"> Valoriser son parcours scolaire<br><img decoding=\"async\" draggable=\"false\" role=\"img\" class=\"emoji\" src=\"https:\/\/s.w.org\/images\/core\/emoji\/17.0.2\/svg\/1f680.svg\" alt=\"&#x1f680;\"> D\u00e9couvrir de nouvelles perspectives professionnelles<\/p>\n\n\n\n<p><\/p>\n\n\n\n<p>&#x1f4e2; <strong>Envie de rejoindre l\u2019aventure ?<\/strong><br>Renseignez-vous aupr\u00e8s de l\u2019\u00e9quipe p\u00e9dagogique du lyc\u00e9e pour en savoir plus sur l\u2019inscription et les modalit\u00e9s de participation.<\/p>\n\n\n\n<p><img decoding=\"async\" draggable=\"false\" role=\"img\" class=\"emoji\" src=\"https:\/\/s.w.org\/images\/core\/emoji\/17.0.2\/svg\/1f4ac.svg\" alt=\"&#x1f4ac;\"> <strong>Sport, motivation et esprit d\u2019\u00e9quipe : l\u2019UF2S vous attend !<\/strong><\/p>\n\n\n\n<figure class=\"wp-block-image\"><img loading=\"lazy\" decoding=\"async\" width=\"724\" height=\"1024\" src=\"http:\/\/lycee-nisard.fr\/wp-content\/uploads\/2022\/05\/Violet-Grille-Marketing-Promotion-Flyer-724x1024.jpg\" alt=\"\" class=\"wp-image-4721\" srcset=\"https:\/\/lycee-nisard.fr\/wp-content\/uploads\/2022\/05\/Violet-Grille-Marketing-Promotion-Flyer-724x1024.jpg 724w, https:\/\/lycee-nisard.fr\/wp-content\/uploads\/2022\/05\/Violet-Grille-Marketing-Promotion-Flyer-212x300.jpg 212w, https:\/\/lycee-nisard.fr\/wp-content\/uploads\/2022\/05\/Violet-Grille-Marketing-Promotion-Flyer-768x1086.jpg 768w, https:\/\/lycee-nisard.fr\/wp-content\/uploads\/2022\/05\/Violet-Grille-Marketing-Promotion-Flyer.jpg 1414w\" sizes=\"(max-width: 724px) 100vw, 724px\" \/><\/figure>\n","protected":false},"excerpt":{"rendered":"<p>UF2S : Le sport s\u2019invite au Lyc\u00e9e D\u00e9sir\u00e9 Nisard ! Depuis la rentr\u00e9e 2022, le Lyc\u00e9e D\u00e9sir\u00e9 Nisard de Ch\u00e2tillon-sur-Seine propose \u00e0 ses \u00e9l\u00e8ves une option dynamique : l\u2019UF2S \u2013 Unit\u00e9 Facultative Secteur Sportif. Une opportunit\u00e9 id\u00e9ale pour celles et ceux qui aiment bouger, se d\u00e9passer et d\u00e9couvrir les m\u00e9tiers li\u00e9s au sport ! Pour &hellip; <a href=\"https:\/\/lycee-nisard.fr\/?page_id=4844\" class=\"more-link\">Continuer la lecture de <span class=\"screen-reader-text\">UF2S<\/span>  <span class=\"meta-nav\">&rarr;<\/span><\/a><\/p>\n","protected":false},"author":1,"featured_media":0,"parent":4846,"menu_order":0,"comment_status":"closed","ping_status":"closed","template":"","meta":{"saved_in_kubio":true,"footnotes":""},"class_list":["post-4844","page","type-page","status-publish","hentry"],"kubio_ai_page_context":{"short_desc":"","purpose":"general"},"_links":{"self":[{"href":"https:\/\/lycee-nisard.fr\/index.php?rest_route=\/wp\/v2\/pages\/4844","targetHints":{"allow":["GET"]}}],"collection":[{"href":"https:\/\/lycee-nisard.fr\/index.php?rest_route=\/wp\/v2\/pages"}],"about":[{"href":"https:\/\/lycee-nisard.fr\/index.php?rest_route=\/wp\/v2\/types\/page"}],"author":[{"embeddable":true,"href":"https:\/\/lycee-nisard.fr\/index.php?rest_route=\/wp\/v2\/users\/1"}],"replies":[{"embeddable":true,"href":"https:\/\/lycee-nisard.fr\/index.php?rest_route=%2Fwp%2Fv2%2Fcomments&post=4844"}],"version-history":[{"count":2,"href":"https:\/\/lycee-nisard.fr\/index.php?rest_route=\/wp\/v2\/pages\/4844\/revisions"}],"predecessor-version":[{"id":7146,"href":"https:\/\/lycee-nisard.fr\/index.php?rest_route=\/wp\/v2\/pages\/4844\/revisions\/7146"}],"up":[{"embeddable":true,"href":"https:\/\/lycee-nisard.fr\/index.php?rest_route=\/wp\/v2\/pages\/4846"}],"wp:attachment":[{"href":"https:\/\/lycee-nisard.fr\/index.php?rest_route=%2Fwp%2Fv2%2Fmedia&parent=4844"}],"curies":[{"name":"wp","href":"https:\/\/api.w.org\/{rel}","templated":true}]}}