{"id":4521,"date":"2022-01-28T13:44:54","date_gmt":"2022-01-28T12:44:54","guid":{"rendered":"http:\/\/lycee-nisard.fr\/?page_id=4521"},"modified":"2026-03-12T14:51:57","modified_gmt":"2026-03-12T13:51:57","slug":"droit-et-grands-enjeux-du-monde-contemporain","status":"publish","type":"page","link":"https:\/\/lycee-nisard.fr\/?page_id=4521","title":{"rendered":"Droit et Grands Enjeux du Monde Contemporain"},"content":{"rendered":"\n<h2 class=\"wp-block-heading\">Pr\u00e9sentation g\u00e9n\u00e9rale<\/h2>\n\n\n\n<p><\/p>\n\n\n\n<p>L&rsquo;enseignement DGEMC vise \u00e0 \u00e9largir les perspectives des \u00e9l\u00e8ves de terminale. L\u2019objectif est de leur faire d\u00e9couvrir les instruments du droit (normes, institutions, m\u00e9tiers), son r\u00f4le social, ainsi que la m\u00e9thode juridique. En partant du droit positif et de la fa\u00e7on dont il contribue \u00e0 structurer les grands enjeux politiques, \u00e9conomiques et sociaux contemporains, il s\u2019agit d\u2019aborder certains grands th\u00e8mes du monde contemporain, non en eux-m\u00eames, comme ils peuvent l&rsquo;\u00eatre dans d&rsquo;autres mati\u00e8res, mais \u00e0 travers la fa\u00e7on dont ils sont saisis par le droit.<\/p>\n\n\n\n<p>&nbsp;L\u2019objectif de cet\nenseignement est moins d\u2019offrir une anticipation d\u2019une premi\u00e8re ann\u00e9e de droit,\nde commerce ou de journalisme \u00e0 l\u2019universit\u00e9 (quoiqu\u2019il puisse susciter chez\ncertains \u00e9l\u00e8ves le go\u00fbt d\u2019une telle orientation \u00e0 l\u2019avenir) que de donner aux\n\u00e9l\u00e8ves l\u2019occasion de r\u00e9fl\u00e9chir \u00e0 l\u2019existence et \u00e0 l\u2019utilit\u00e9 des normes\njuridiques, \u00e0 leur port\u00e9e sociale, \u00e0 leur vertu pacificatrice, aux conditions\nde leur adoption et \u00e0 celles de leur application. Le choix a \u00e9t\u00e9 fait de partir\nde questions concr\u00e8tes. Cet enseignement peut aussi \u00eatre l\u2019occasion d\u2019une\nsensibilisation \u00e0 l\u2019art oratoire. <\/p>\n\n\n\n<p><\/p>\n\n\n\n<h3 class=\"wp-block-heading\">L&rsquo;ann\u00e9e 2021-2022<\/h3>\n\n\n\n<p><\/p>\n\n\n\n<blockquote class=\"wp-block-quote is-layout-flow wp-block-quote-is-layout-flow\">\n<p class=\"has-text-align-center\">\u00ab\u00a0<em>Nous avons choisi cette option parce que c\u2019est une aide pour l\u2019ann\u00e9e prochaine, autant pour le commerce pour l\u2019une et le droit pour l\u2019autre. D\u2019autant plus que c\u2019est une mati\u00e8re plut\u00f4t agr\u00e9able car nous avons par exemple organis\u00e9 un proc\u00e8s avec les \u00e9l\u00e8ves de l\u2019option ainsi que d\u2019autres, jouant le r\u00f4le des jur\u00e9s. C\u2019est aussi un joli suppl\u00e9ment pour notre dossier Parcoursup.<\/em>\u00ab\u00a0<\/p>\n\n\n\n<p><\/p>\n<\/blockquote>\n\n\n\n<figure class=\"wp-block-image\"><img loading=\"lazy\" decoding=\"async\" width=\"1024\" height=\"684\" src=\"http:\/\/lycee-nisard.fr\/wp-content\/uploads\/2022\/01\/De-Courson-Lyc\u00e9e123-1-1024x684.jpg\" alt=\"\" class=\"wp-image-4519\" srcset=\"https:\/\/lycee-nisard.fr\/wp-content\/uploads\/2022\/01\/De-Courson-Lyc\u00e9e123-1-1024x684.jpg 1024w, https:\/\/lycee-nisard.fr\/wp-content\/uploads\/2022\/01\/De-Courson-Lyc\u00e9e123-1-300x201.jpg 300w, https:\/\/lycee-nisard.fr\/wp-content\/uploads\/2022\/01\/De-Courson-Lyc\u00e9e123-1-768x513.jpg 768w\" sizes=\"(max-width: 1024px) 100vw, 1024px\" \/><\/figure>\n\n\n\n<p>Un des points essentiels du programme est le cheminement de\nla loi, ce qui a emmen\u00e9 \u00e0 la venue de Mme De Courson, d\u00e9put\u00e9e \u00e0 l\u2019Assembl\u00e9e\nNationale de la 4\u00e8me circonscription de C\u00f4te d\u2019Or, le 21 janvier 2022. De plus,\ndes voyages peuvent \u00eatre organis\u00e9s, comme la visite de l\u2019Assembl\u00e9e Nationale, \u00e0\nParis.<\/p>\n","protected":false},"excerpt":{"rendered":"<p>Pr\u00e9sentation g\u00e9n\u00e9rale L&rsquo;enseignement DGEMC vise \u00e0 \u00e9largir les perspectives des \u00e9l\u00e8ves de terminale. L\u2019objectif est de leur faire d\u00e9couvrir les instruments du droit (normes, institutions, m\u00e9tiers), son r\u00f4le social, ainsi que la m\u00e9thode juridique. En partant du droit positif et de la fa\u00e7on dont il contribue \u00e0 structurer les grands enjeux politiques, \u00e9conomiques et sociaux &hellip; <a href=\"https:\/\/lycee-nisard.fr\/?page_id=4521\" class=\"more-link\">Continuer la lecture de <span class=\"screen-reader-text\">Droit et Grands Enjeux du Monde Contemporain<\/span>  <span class=\"meta-nav\">&rarr;<\/span><\/a><\/p>\n","protected":false},"author":1,"featured_media":0,"parent":556,"menu_order":4,"comment_status":"closed","ping_status":"closed","template":"","meta":{"saved_in_kubio":true,"footnotes":""},"class_list":["post-4521","page","type-page","status-publish","hentry"],"kubio_ai_page_context":{"short_desc":"","purpose":"general"},"_links":{"self":[{"href":"https:\/\/lycee-nisard.fr\/index.php?rest_route=\/wp\/v2\/pages\/4521","targetHints":{"allow":["GET"]}}],"collection":[{"href":"https:\/\/lycee-nisard.fr\/index.php?rest_route=\/wp\/v2\/pages"}],"about":[{"href":"https:\/\/lycee-nisard.fr\/index.php?rest_route=\/wp\/v2\/types\/page"}],"author":[{"embeddable":true,"href":"https:\/\/lycee-nisard.fr\/index.php?rest_route=\/wp\/v2\/users\/1"}],"replies":[{"embeddable":true,"href":"https:\/\/lycee-nisard.fr\/index.php?rest_route=%2Fwp%2Fv2%2Fcomments&post=4521"}],"version-history":[{"count":4,"href":"https:\/\/lycee-nisard.fr\/index.php?rest_route=\/wp\/v2\/pages\/4521\/revisions"}],"predecessor-version":[{"id":7113,"href":"https:\/\/lycee-nisard.fr\/index.php?rest_route=\/wp\/v2\/pages\/4521\/revisions\/7113"}],"up":[{"embeddable":true,"href":"https:\/\/lycee-nisard.fr\/index.php?rest_route=\/wp\/v2\/pages\/556"}],"wp:attachment":[{"href":"https:\/\/lycee-nisard.fr\/index.php?rest_route=%2Fwp%2Fv2%2Fmedia&parent=4521"}],"curies":[{"name":"wp","href":"https:\/\/api.w.org\/{rel}","templated":true}]}}