{"id":3898,"date":"2021-03-05T11:57:45","date_gmt":"2021-03-05T10:57:45","guid":{"rendered":"http:\/\/lycee-nisard.fr\/?page_id=3898"},"modified":"2026-03-12T11:14:58","modified_gmt":"2026-03-12T10:14:58","slug":"sciences-de-lingenieur","status":"publish","type":"page","link":"https:\/\/lycee-nisard.fr\/?page_id=3898","title":{"rendered":"SCIENCES DE L&rsquo;INGENIEUR"},"content":{"rendered":"\n<h2 class=\"wp-block-heading\">Sciences de l\u2019Ing\u00e9nieur (SI)<\/h2>\n\n\n\n<p>L\u2019option <strong>Sciences de l\u2019Ing\u00e9nieur (SI)<\/strong> permet aux \u00e9l\u00e8ves de d\u00e9couvrir le <strong>monde technologique qui les entoure<\/strong> et de comprendre comment fonctionnent les objets et syst\u00e8mes utilis\u00e9s au quotidien. Ordinateurs, r\u00e9seaux, robots ou syst\u00e8mes automatis\u00e9s : les \u00e9l\u00e8ves explorent ces technologies <strong>par la manipulation, l\u2019exp\u00e9rimentation et la r\u00e9alisation de projets<\/strong>.<\/p>\n\n\n\n<p>Cet enseignement est <strong>facultatif et tr\u00e8s concret<\/strong> : il ne s\u2019agit pas d\u2019apprendre des cours th\u00e9oriques, mais surtout de <strong>travailler en laboratoire<\/strong> \u00e0 l\u2019aide d\u2019ordinateurs, de logiciels sp\u00e9cialis\u00e9s et de maquettes. Les \u00e9l\u00e8ves manipulent diff\u00e9rents syst\u00e8mes technologiques pour analyser leur fonctionnement et comprendre les principes qui les r\u00e9gissent.<\/p>\n\n\n\n<p>Au cours de l\u2019ann\u00e9e, ils peuvent par exemple \u00e9tudier et manipuler des syst\u00e8mes tels que <strong>des robots, des objets connect\u00e9s, des v\u00e9hicules radiocommand\u00e9s ou encore des dispositifs automatis\u00e9s li\u00e9s \u00e0 la domotique<\/strong> (barri\u00e8re automatique, store motoris\u00e9, \u00e9quipements intelligents\u2026).<\/p>\n\n\n\n<p><\/p>\n\n\n\n<h3 class=\"wp-block-heading\">Organisation de l\u2019ann\u00e9e<\/h3>\n\n\n\n<p>L\u2019ann\u00e9e est g\u00e9n\u00e9ralement organis\u00e9e en deux grandes \u00e9tapes :<\/p>\n\n\n\n<p><strong>1. Une premi\u00e8re partie consacr\u00e9e aux travaux pratiques<\/strong><br>Les \u00e9l\u00e8ves d\u00e9couvrent et analysent le fonctionnement de diff\u00e9rents syst\u00e8mes techniques. Ils apprennent \u00e0 :<\/p>\n\n\n\n<ul class=\"wp-block-list\">\n<li>observer et comprendre le fonctionnement d\u2019un objet ou d\u2019un m\u00e9canisme ;<\/li>\n\n\n\n<li>utiliser des <strong>logiciels de mod\u00e9lisation 3D<\/strong> pour concevoir des pi\u00e8ces ;<\/li>\n\n\n\n<li>simuler le fonctionnement de syst\u00e8mes techniques ;<\/li>\n\n\n\n<li>programmer certains dispositifs comme des <strong>automates ou microprocesseurs<\/strong>.<\/li>\n<\/ul>\n\n\n\n<p><strong>2. Une deuxi\u00e8me partie consacr\u00e9e \u00e0 un mini-projet<\/strong><br>Les \u00e9l\u00e8ves r\u00e9alisent ensuite <strong>un projet en \u00e9quipe<\/strong>, choisi en fonction de leurs centres d\u2019int\u00e9r\u00eat. Ce projet leur permet de <strong>mettre en pratique les notions d\u00e9couvertes pr\u00e9c\u00e9demment<\/strong> et de d\u00e9velopper leur cr\u00e9ativit\u00e9, leur esprit d\u2019initiative et leur capacit\u00e9 \u00e0 travailler en groupe.<\/p>\n\n\n\n<p><\/p>\n\n\n\n<h3 class=\"wp-block-heading\">Pour qui ?<\/h3>\n\n\n\n<p>L\u2019option <strong>Sciences de l\u2019Ing\u00e9nieur<\/strong> est particuli\u00e8rement recommand\u00e9e pour les \u00e9l\u00e8ves int\u00e9ress\u00e9s par <strong>les technologies, l\u2019innovation et la conception d\u2019objets techniques<\/strong>. Elle peut constituer une premi\u00e8re approche pour ceux qui envisagent plus tard des \u00e9tudes dans des domaines comme :<\/p>\n\n\n\n<ul class=\"wp-block-list\">\n<li>les <strong>\u00e9coles d\u2019ing\u00e9nieurs<\/strong><\/li>\n\n\n\n<li>les <strong>classes pr\u00e9paratoires scientifiques (CPGE)<\/strong><\/li>\n\n\n\n<li>les <strong>IUT ou BTS technologiques<\/strong><\/li>\n<\/ul>\n\n\n\n<p>Aucun pr\u00e9requis n\u2019est n\u00e9cessaire pour suivre cette option : <strong>la curiosit\u00e9, l\u2019envie de comprendre et d\u2019exp\u00e9rimenter<\/strong> sont les seules qualit\u00e9s indispensables.<\/p>\n\n\n\n<p>Gr\u00e2ce \u00e0 cette approche pratique et collaborative, l\u2019option SI permet aux \u00e9l\u00e8ves de <strong>mieux comprendre les technologies d\u2019aujourd\u2019hui et les innovations de demain<\/strong>, tout en d\u00e9veloppant leur esprit scientifique et leur capacit\u00e9 \u00e0 mener un projet.<\/p>\n\n\n\n<p><\/p>\n\n\n\n<figure class=\"wp-block-image\"><img loading=\"lazy\" decoding=\"async\" width=\"1024\" height=\"493\" src=\"http:\/\/lycee-nisard.fr\/wp-content\/uploads\/2021\/03\/SI_2de-1-1024x493.jpg\" alt=\"\" class=\"wp-image-3956\" srcset=\"https:\/\/lycee-nisard.fr\/wp-content\/uploads\/2021\/03\/SI_2de-1-1024x493.jpg 1024w, https:\/\/lycee-nisard.fr\/wp-content\/uploads\/2021\/03\/SI_2de-1-300x144.jpg 300w, https:\/\/lycee-nisard.fr\/wp-content\/uploads\/2021\/03\/SI_2de-1-768x370.jpg 768w, https:\/\/lycee-nisard.fr\/wp-content\/uploads\/2021\/03\/SI_2de-1.jpg 1361w\" sizes=\"(max-width: 1024px) 100vw, 1024px\" \/><\/figure>\n\n\n\n<p class=\"has-text-align-left\"><\/p>\n\n\n\n<div class=\"wp-block-file\"><a href=\"http:\/\/lycee-nisard.fr\/wp-content\/uploads\/2021\/03\/Enseignement-Exploration-SI-seconde-diaporama.pdf\">Diaporama de pr\u00e9sentation de l&rsquo;option technologique SI en 2de<\/a><a href=\"http:\/\/lycee-nisard.fr\/wp-content\/uploads\/2021\/03\/Enseignement-Exploration-SI-seconde-diaporama.pdf\" class=\"wp-block-file__button wp-element-button\" download>T\u00e9l\u00e9charger<\/a><\/div>\n","protected":false},"excerpt":{"rendered":"<p>Sciences de l\u2019Ing\u00e9nieur (SI) L\u2019option Sciences de l\u2019Ing\u00e9nieur (SI) permet aux \u00e9l\u00e8ves de d\u00e9couvrir le monde technologique qui les entoure et de comprendre comment fonctionnent les objets et syst\u00e8mes utilis\u00e9s au quotidien. Ordinateurs, r\u00e9seaux, robots ou syst\u00e8mes automatis\u00e9s : les \u00e9l\u00e8ves explorent ces technologies par la manipulation, l\u2019exp\u00e9rimentation et la r\u00e9alisation de projets. Cet enseignement &hellip; <a href=\"https:\/\/lycee-nisard.fr\/?page_id=3898\" class=\"more-link\">Continuer la lecture de <span class=\"screen-reader-text\">SCIENCES DE L&rsquo;INGENIEUR<\/span>  <span class=\"meta-nav\">&rarr;<\/span><\/a><\/p>\n","protected":false},"author":1,"featured_media":0,"parent":3892,"menu_order":3,"comment_status":"closed","ping_status":"closed","template":"","meta":{"saved_in_kubio":true,"footnotes":""},"class_list":["post-3898","page","type-page","status-publish","hentry"],"kubio_ai_page_context":{"short_desc":"","purpose":"general"},"_links":{"self":[{"href":"https:\/\/lycee-nisard.fr\/index.php?rest_route=\/wp\/v2\/pages\/3898","targetHints":{"allow":["GET"]}}],"collection":[{"href":"https:\/\/lycee-nisard.fr\/index.php?rest_route=\/wp\/v2\/pages"}],"about":[{"href":"https:\/\/lycee-nisard.fr\/index.php?rest_route=\/wp\/v2\/types\/page"}],"author":[{"embeddable":true,"href":"https:\/\/lycee-nisard.fr\/index.php?rest_route=\/wp\/v2\/users\/1"}],"replies":[{"embeddable":true,"href":"https:\/\/lycee-nisard.fr\/index.php?rest_route=%2Fwp%2Fv2%2Fcomments&post=3898"}],"version-history":[{"count":5,"href":"https:\/\/lycee-nisard.fr\/index.php?rest_route=\/wp\/v2\/pages\/3898\/revisions"}],"predecessor-version":[{"id":7069,"href":"https:\/\/lycee-nisard.fr\/index.php?rest_route=\/wp\/v2\/pages\/3898\/revisions\/7069"}],"up":[{"embeddable":true,"href":"https:\/\/lycee-nisard.fr\/index.php?rest_route=\/wp\/v2\/pages\/3892"}],"wp:attachment":[{"href":"https:\/\/lycee-nisard.fr\/index.php?rest_route=%2Fwp%2Fv2%2Fmedia&parent=3898"}],"curies":[{"name":"wp","href":"https:\/\/api.w.org\/{rel}","templated":true}]}}