{"id":3894,"date":"2021-03-05T11:47:12","date_gmt":"2021-03-05T10:47:12","guid":{"rendered":"http:\/\/lycee-nisard.fr\/?page_id=3894"},"modified":"2026-04-22T12:34:22","modified_gmt":"2026-04-22T11:34:22","slug":"sante-social","status":"publish","type":"page","link":"https:\/\/lycee-nisard.fr\/?page_id=3894","title":{"rendered":"Sant\u00e9 social"},"content":{"rendered":"\n<h2 class=\"wp-block-heading\">Sant\u00e9 et Social<\/h2>\n\n\n\n<p><\/p>\n\n\n\n<p>L\u2019option <strong>Sant\u00e9 et Social<\/strong> permet aux \u00e9l\u00e8ves de d\u00e9couvrir et de comprendre les <strong>enjeux li\u00e9s \u00e0 la sant\u00e9, au bien-\u00eatre et aux questions sociales dans notre soci\u00e9t\u00e9<\/strong>. Elle propose une approche concr\u00e8te et r\u00e9flexive pour mieux appr\u00e9hender les probl\u00e9matiques humaines, sociales et m\u00e9dicales qui concernent chacun d\u2019entre nous.<\/p>\n\n\n\n<p>Au cours de cette formation, les \u00e9l\u00e8ves sont amen\u00e9s \u00e0 <strong>explorer diff\u00e9rentes situations de la vie quotidienne<\/strong>, \u00e0 analyser des probl\u00e9matiques actuelles et \u00e0 r\u00e9fl\u00e9chir aux r\u00e9ponses apport\u00e9es par les professionnels du secteur. Les activit\u00e9s peuvent prendre la forme de <strong>travaux de groupe, de recherches, d\u2019\u00e9changes ou d\u2019\u00e9tudes de cas<\/strong>, favorisant la r\u00e9flexion, l\u2019esprit critique et l\u2019ouverture aux autres.<\/p>\n\n\n\n<p>Cette option constitue \u00e9galement une <strong>premi\u00e8re d\u00e9couverte des secteurs m\u00e9dical, m\u00e9dico-social et social<\/strong>. Elle peut ainsi aider les \u00e9l\u00e8ves \u00e0 <strong>mieux envisager une poursuite d\u2019\u00e9tudes<\/strong> dans ces domaines et \u00e0 mieux comprendre les m\u00e9tiers li\u00e9s \u00e0 la sant\u00e9, \u00e0 l\u2019accompagnement et \u00e0 l\u2019aide aux personnes.<\/p>\n\n\n\n<p><\/p>\n\n\n\n<p><\/p>\n\n\n\n<h3 class=\"wp-block-heading\">Th\u00e8mes abord\u00e9s<\/h3>\n\n\n\n<p>Plusieurs th\u00e8mes permettent d\u2019explorer ces questions de mani\u00e8re concr\u00e8te :<\/p>\n\n\n\n<ul class=\"wp-block-list\">\n<li><strong>Handicap et inclusion au quotidien<\/strong> : comprendre les d\u00e9fis rencontr\u00e9s par les personnes en situation de handicap et les solutions mises en place pour favoriser l\u2019inclusion.<\/li>\n\n\n\n<li><strong>H\u00f4pital : images et r\u00e9alit\u00e9<\/strong> : d\u00e9couvrir l\u2019organisation du syst\u00e8me hospitalier et les diff\u00e9rents m\u00e9tiers qui y contribuent.<\/li>\n\n\n\n<li><strong>Action humanitaire<\/strong> : r\u00e9fl\u00e9chir aux enjeux de la solidarit\u00e9 internationale et aux actions men\u00e9es pour venir en aide aux populations en difficult\u00e9.<\/li>\n\n\n\n<li><strong>Les \u00e2ges extr\u00eames de la vie<\/strong> : \u00e9tudier les besoins sp\u00e9cifiques des jeunes enfants et des personnes \u00e2g\u00e9es.<\/li>\n\n\n\n<li><strong>Sant\u00e9 et innovations<\/strong> : s\u2019int\u00e9resser aux progr\u00e8s scientifiques et technologiques qui transforment le domaine de la sant\u00e9.<\/li>\n<\/ul>\n\n\n\n<p><\/p>\n\n\n\n<p>Gr\u00e2ce \u00e0 ces th\u00e9matiques vari\u00e9es, l\u2019option <strong>Sant\u00e9 et Social<\/strong> permet aux \u00e9l\u00e8ves de <strong>mieux comprendre les enjeux humains et soci\u00e9taux li\u00e9s \u00e0 la sant\u00e9 et \u00e0 l\u2019accompagnement des personnes<\/strong>, tout en d\u00e9veloppant leur sens de l\u2019engagement et de la citoyennet\u00e9.<\/p>\n\n\n\n<p><\/p>\n\n\n\n<figure class=\"wp-block-image size-large\"><img loading=\"lazy\" decoding=\"async\" width=\"768\" height=\"1024\" src=\"http:\/\/lycee-nisard.fr\/wp-content\/uploads\/2026\/03\/598738810_1466402508826088_5159232966214237026_n-768x1024.jpg\" alt=\"\" class=\"wp-image-7064\" srcset=\"https:\/\/lycee-nisard.fr\/wp-content\/uploads\/2026\/03\/598738810_1466402508826088_5159232966214237026_n-768x1024.jpg 768w, https:\/\/lycee-nisard.fr\/wp-content\/uploads\/2026\/03\/598738810_1466402508826088_5159232966214237026_n-225x300.jpg 225w, https:\/\/lycee-nisard.fr\/wp-content\/uploads\/2026\/03\/598738810_1466402508826088_5159232966214237026_n-1152x1536.jpg 1152w, https:\/\/lycee-nisard.fr\/wp-content\/uploads\/2026\/03\/598738810_1466402508826088_5159232966214237026_n-810x1080.jpg 810w, https:\/\/lycee-nisard.fr\/wp-content\/uploads\/2026\/03\/598738810_1466402508826088_5159232966214237026_n.jpg 1200w\" sizes=\"(max-width: 768px) 100vw, 768px\" \/><figcaption class=\"wp-element-caption\">Apr\u00e8s-midi \u00e0 l&rsquo;IME le Petit Versailles, \u00e0 Ch\u00e2tillon-sur-Seine, avec les \u00e9l\u00e8ves de seconde de l&rsquo;option Sant\u00e9 Social.<br>Rien de tel qu&rsquo;un atelier boules de No\u00ebl pour faire connaissance <img loading=\"lazy\" decoding=\"async\" height=\"16\" width=\"16\" src=\"https:\/\/static.xx.fbcdn.net\/images\/emoji.php\/v9\/t88\/1\/16\/1f385.png\" alt=\"&#x1f385;\"><img loading=\"lazy\" decoding=\"async\" height=\"16\" width=\"16\" src=\"https:\/\/static.xx.fbcdn.net\/images\/emoji.php\/v9\/tea\/1\/16\/1f332.png\" alt=\"&#x1f332;\"><\/figcaption><\/figure>\n\n\n\n<figure class=\"wp-block-image size-large\"><img loading=\"lazy\" decoding=\"async\" width=\"1024\" height=\"819\" src=\"https:\/\/lycee-nisard.fr\/wp-content\/uploads\/2026\/04\/Design-sans-titre-1-1024x819.png\" alt=\"\" class=\"wp-image-7260\" srcset=\"https:\/\/lycee-nisard.fr\/wp-content\/uploads\/2026\/04\/Design-sans-titre-1-1024x819.png 1024w, https:\/\/lycee-nisard.fr\/wp-content\/uploads\/2026\/04\/Design-sans-titre-1-300x240.png 300w, https:\/\/lycee-nisard.fr\/wp-content\/uploads\/2026\/04\/Design-sans-titre-1-768x614.png 768w, https:\/\/lycee-nisard.fr\/wp-content\/uploads\/2026\/04\/Design-sans-titre-1-1536x1229.png 1536w, https:\/\/lycee-nisard.fr\/wp-content\/uploads\/2026\/04\/Design-sans-titre-1-1350x1080.png 1350w, https:\/\/lycee-nisard.fr\/wp-content\/uploads\/2026\/04\/Design-sans-titre-1.png 2000w\" sizes=\"(max-width: 1024px) 100vw, 1024px\" \/><figcaption class=\"wp-element-caption\"><img loading=\"lazy\" decoding=\"async\" height=\"16\" width=\"16\" src=\"https:\/\/static.xx.fbcdn.net\/images\/emoji.php\/v9\/taf\/1\/16\/26bd.png\" alt=\"&#x26bd;&#xfe0f;\"><strong> Futsal inclusif organis\u00e9 par les \u00e9l\u00e8ves de l&rsquo;option Sant\u00e9 Social.<\/strong><br><img loading=\"lazy\" decoding=\"async\" height=\"16\" width=\"16\" src=\"https:\/\/static.xx.fbcdn.net\/images\/emoji.php\/v9\/t51\/1\/16\/1f449.png\" alt=\"&#x1f449;\"> Au programme: tournoi de foot, atelier langue des signes, Quiz de sensibilisation au handicap, C\u00e9cifoot.<br><img loading=\"lazy\" decoding=\"async\" height=\"16\" width=\"16\" src=\"https:\/\/static.xx.fbcdn.net\/images\/emoji.php\/v9\/t7b\/1\/16\/1f44c.png\" alt=\"&#x1f44c;\"> Un beau projet (en collaboration avec l&rsquo;UCCF Club de football du Ch\u00e2tillonnais) men\u00e9 \u00e0 bien mercredi 25 mars 2026.<\/figcaption><\/figure>\n\n\n\n<figure class=\"wp-block-image size-large\"><img loading=\"lazy\" decoding=\"async\" width=\"1024\" height=\"427\" src=\"https:\/\/lycee-nisard.fr\/wp-content\/uploads\/2026\/04\/Design-sans-titre-2-1-1024x427.jpg\" alt=\"\" class=\"wp-image-7262\" srcset=\"https:\/\/lycee-nisard.fr\/wp-content\/uploads\/2026\/04\/Design-sans-titre-2-1-1024x427.jpg 1024w, https:\/\/lycee-nisard.fr\/wp-content\/uploads\/2026\/04\/Design-sans-titre-2-1-300x125.jpg 300w, https:\/\/lycee-nisard.fr\/wp-content\/uploads\/2026\/04\/Design-sans-titre-2-1-768x320.jpg 768w, https:\/\/lycee-nisard.fr\/wp-content\/uploads\/2026\/04\/Design-sans-titre-2-1-1536x641.jpg 1536w, https:\/\/lycee-nisard.fr\/wp-content\/uploads\/2026\/04\/Design-sans-titre-2-1-1920x801.jpg 1920w, https:\/\/lycee-nisard.fr\/wp-content\/uploads\/2026\/04\/Design-sans-titre-2-1.jpg 2000w\" sizes=\"(max-width: 1024px) 100vw, 1024px\" \/><figcaption class=\"wp-element-caption\"> <img decoding=\"async\" draggable=\"false\" role=\"img\" class=\"emoji\" src=\"https:\/\/s.w.org\/images\/core\/emoji\/17.0.2\/svg\/1f382.svg\" alt=\"&#x1f382;\"> <img decoding=\"async\" draggable=\"false\" role=\"img\" class=\"emoji\" src=\"https:\/\/s.w.org\/images\/core\/emoji\/17.0.2\/svg\/1f370.svg\" alt=\"&#x1f370;\">  Atelier p\u00e2tisserie avec les enfants de l&rsquo;IME de Ch\u00e2tillon-sur-Seine et les \u00e9l\u00e8ves de l&rsquo;option Sant\u00e9 Social de seconde. <img decoding=\"async\" draggable=\"false\" role=\"img\" class=\"emoji\" src=\"https:\/\/s.w.org\/images\/core\/emoji\/17.0.2\/svg\/1f369.svg\" alt=\"&#x1f369;\"> <img decoding=\"async\" draggable=\"false\" role=\"img\" class=\"emoji\" src=\"https:\/\/s.w.org\/images\/core\/emoji\/17.0.2\/svg\/1f36a.svg\" alt=\"&#x1f36a;\"><\/figcaption><\/figure>\n\n\n\n<p><\/p>\n\n\n\n<p><\/p>\n\n\n\n<p><\/p>\n","protected":false},"excerpt":{"rendered":"<p>Sant\u00e9 et Social L\u2019option Sant\u00e9 et Social permet aux \u00e9l\u00e8ves de d\u00e9couvrir et de comprendre les enjeux li\u00e9s \u00e0 la sant\u00e9, au bien-\u00eatre et aux questions sociales dans notre soci\u00e9t\u00e9. Elle propose une approche concr\u00e8te et r\u00e9flexive pour mieux appr\u00e9hender les probl\u00e9matiques humaines, sociales et m\u00e9dicales qui concernent chacun d\u2019entre nous. Au cours de cette &hellip; <a href=\"https:\/\/lycee-nisard.fr\/?page_id=3894\" class=\"more-link\">Continuer la lecture de <span class=\"screen-reader-text\">Sant\u00e9 social<\/span>  <span class=\"meta-nav\">&rarr;<\/span><\/a><\/p>\n","protected":false},"author":1,"featured_media":0,"parent":3892,"menu_order":1,"comment_status":"closed","ping_status":"closed","template":"","meta":{"saved_in_kubio":true,"footnotes":""},"class_list":["post-3894","page","type-page","status-publish","hentry"],"kubio_ai_page_context":{"short_desc":"","purpose":"general"},"_links":{"self":[{"href":"https:\/\/lycee-nisard.fr\/index.php?rest_route=\/wp\/v2\/pages\/3894","targetHints":{"allow":["GET"]}}],"collection":[{"href":"https:\/\/lycee-nisard.fr\/index.php?rest_route=\/wp\/v2\/pages"}],"about":[{"href":"https:\/\/lycee-nisard.fr\/index.php?rest_route=\/wp\/v2\/types\/page"}],"author":[{"embeddable":true,"href":"https:\/\/lycee-nisard.fr\/index.php?rest_route=\/wp\/v2\/users\/1"}],"replies":[{"embeddable":true,"href":"https:\/\/lycee-nisard.fr\/index.php?rest_route=%2Fwp%2Fv2%2Fcomments&post=3894"}],"version-history":[{"count":10,"href":"https:\/\/lycee-nisard.fr\/index.php?rest_route=\/wp\/v2\/pages\/3894\/revisions"}],"predecessor-version":[{"id":7263,"href":"https:\/\/lycee-nisard.fr\/index.php?rest_route=\/wp\/v2\/pages\/3894\/revisions\/7263"}],"up":[{"embeddable":true,"href":"https:\/\/lycee-nisard.fr\/index.php?rest_route=\/wp\/v2\/pages\/3892"}],"wp:attachment":[{"href":"https:\/\/lycee-nisard.fr\/index.php?rest_route=%2Fwp%2Fv2%2Fmedia&parent=3894"}],"curies":[{"name":"wp","href":"https:\/\/api.w.org\/{rel}","templated":true}]}}