{"id":3892,"date":"2021-03-05T11:49:39","date_gmt":"2021-03-05T10:49:39","guid":{"rendered":"http:\/\/lycee-nisard.fr\/?page_id=3892"},"modified":"2026-03-12T10:50:52","modified_gmt":"2026-03-12T09:50:52","slug":"enseignements-optionnels-technologiques","status":"publish","type":"page","link":"https:\/\/lycee-nisard.fr\/?page_id=3892","title":{"rendered":"Enseignements optionnels technologiques en 2de"},"content":{"rendered":"\n<h2 class=\"wp-block-heading\">Les enseignements optionnels technologiques<\/h2>\n\n\n\n<p><\/p>\n\n\n\n<p>Les enseignements optionnels technologiques permettent aux \u00e9l\u00e8ves de <strong>d\u00e9couvrir de nouveaux domaines, d\u2019explorer leurs centres d\u2019int\u00e9r\u00eat et de mieux pr\u00e9parer leur orientation<\/strong>.<\/p>\n\n\n\n<p><\/p>\n\n\n\n<p>Au lyc\u00e9e D\u00e9sir\u00e9 Nisard, trois options sont propos\u00e9es. Elles offrent l\u2019opportunit\u00e9 d\u2019<strong>approfondir des th\u00e9matiques vari\u00e9es \u00e0 travers des activit\u00e9s concr\u00e8tes, des projets et des travaux en groupe<\/strong>.<\/p>\n\n\n\n<p><\/p>\n\n\n\n<ul class=\"wp-block-list\">\n<li><strong>Sant\u00e9 et Social<\/strong> : pour explorer les grandes questions li\u00e9es \u00e0 la sant\u00e9, au bien-\u00eatre et aux enjeux sociaux de notre soci\u00e9t\u00e9, tout en d\u00e9couvrant les m\u00e9tiers des secteurs m\u00e9dical et m\u00e9dico-social.<\/li>\n<\/ul>\n\n\n\n<p><\/p>\n\n\n\n<ul class=\"wp-block-list\">\n<li><strong>Sciences et Laboratoire<\/strong> : pour d\u00e9velopper l\u2019esprit scientifique \u00e0 travers des exp\u00e9riences, des observations et des projets exp\u00e9rimentaux inspir\u00e9s de situations r\u00e9elles.<\/li>\n<\/ul>\n\n\n\n<p><\/p>\n\n\n\n<ul class=\"wp-block-list\">\n<li><strong>Sciences de l\u2019Ing\u00e9nieur<\/strong> : pour comprendre le fonctionnement des objets technologiques et d\u00e9couvrir les innovations gr\u00e2ce \u00e0 des projets autour de robots, syst\u00e8mes automatis\u00e9s ou objets connect\u00e9s.<\/li>\n<\/ul>\n\n\n\n<p><\/p>\n\n\n\n<p>Ces enseignements permettent aux \u00e9l\u00e8ves de <strong>tester leurs centres d\u2019int\u00e9r\u00eat, acqu\u00e9rir de nouvelles comp\u00e9tences et envisager plus sereinement leurs futures \u00e9tudes<\/strong>.<\/p>\n","protected":false},"excerpt":{"rendered":"<p>Les enseignements optionnels technologiques Les enseignements optionnels technologiques permettent aux \u00e9l\u00e8ves de d\u00e9couvrir de nouveaux domaines, d\u2019explorer leurs centres d\u2019int\u00e9r\u00eat et de mieux pr\u00e9parer leur orientation. Au lyc\u00e9e D\u00e9sir\u00e9 Nisard, trois options sont propos\u00e9es. Elles offrent l\u2019opportunit\u00e9 d\u2019approfondir des th\u00e9matiques vari\u00e9es \u00e0 travers des activit\u00e9s concr\u00e8tes, des projets et des travaux en groupe. Ces enseignements &hellip; <a href=\"https:\/\/lycee-nisard.fr\/?page_id=3892\" class=\"more-link\">Continuer la lecture de <span class=\"screen-reader-text\">Enseignements optionnels technologiques en 2de<\/span>  <span class=\"meta-nav\">&rarr;<\/span><\/a><\/p>\n","protected":false},"author":1,"featured_media":0,"parent":1427,"menu_order":2,"comment_status":"closed","ping_status":"closed","template":"","meta":{"saved_in_kubio":true,"footnotes":""},"class_list":["post-3892","page","type-page","status-publish","hentry"],"kubio_ai_page_context":{"short_desc":"","purpose":"general"},"_links":{"self":[{"href":"https:\/\/lycee-nisard.fr\/index.php?rest_route=\/wp\/v2\/pages\/3892","targetHints":{"allow":["GET"]}}],"collection":[{"href":"https:\/\/lycee-nisard.fr\/index.php?rest_route=\/wp\/v2\/pages"}],"about":[{"href":"https:\/\/lycee-nisard.fr\/index.php?rest_route=\/wp\/v2\/types\/page"}],"author":[{"embeddable":true,"href":"https:\/\/lycee-nisard.fr\/index.php?rest_route=\/wp\/v2\/users\/1"}],"replies":[{"embeddable":true,"href":"https:\/\/lycee-nisard.fr\/index.php?rest_route=%2Fwp%2Fv2%2Fcomments&post=3892"}],"version-history":[{"count":3,"href":"https:\/\/lycee-nisard.fr\/index.php?rest_route=\/wp\/v2\/pages\/3892\/revisions"}],"predecessor-version":[{"id":7062,"href":"https:\/\/lycee-nisard.fr\/index.php?rest_route=\/wp\/v2\/pages\/3892\/revisions\/7062"}],"up":[{"embeddable":true,"href":"https:\/\/lycee-nisard.fr\/index.php?rest_route=\/wp\/v2\/pages\/1427"}],"wp:attachment":[{"href":"https:\/\/lycee-nisard.fr\/index.php?rest_route=%2Fwp%2Fv2%2Fmedia&parent=3892"}],"curies":[{"name":"wp","href":"https:\/\/api.w.org\/{rel}","templated":true}]}}