{"id":326,"date":"2012-11-20T16:34:17","date_gmt":"2012-11-20T15:34:17","guid":{"rendered":"http:\/\/lycee-nisard.fr\/?page_id=326"},"modified":"2026-03-17T17:26:32","modified_gmt":"2026-03-17T16:26:32","slug":"cap-conducteur-dengins","status":"publish","type":"page","link":"https:\/\/lycee-nisard.fr\/?page_id=326","title":{"rendered":"CAP Conducteur d&rsquo;engins"},"content":{"rendered":"\n<p><img decoding=\"async\" draggable=\"false\" role=\"img\" class=\"emoji\" src=\"https:\/\/s.w.org\/images\/core\/emoji\/17.0.2\/svg\/1f6a7.svg\" alt=\"&#x1f6a7;\"><img decoding=\"async\" draggable=\"false\" role=\"img\" class=\"emoji\" src=\"https:\/\/s.w.org\/images\/core\/emoji\/17.0.2\/svg\/1f69c.svg\" alt=\"&#x1f69c;\"> <strong>CAP Conducteur d\u2019Engins de Travaux Publics et de Carri\u00e8res : aux commandes des grands chantiers !<\/strong><\/p>\n\n\n\n<p><\/p>\n\n\n\n<p>Tu es passionn\u00e9 par les machines, les chantiers et le travail en ext\u00e9rieur ? Le <strong>CAP Conducteur d\u2019Engins de Travaux Publics et de Carri\u00e8res<\/strong> te forme \u00e0 piloter les engins indispensables \u00e0 la construction des routes, b\u00e2timents et am\u00e9nagements.<\/p>\n\n\n\n<p><\/p>\n\n\n\n<p><img decoding=\"async\" draggable=\"false\" role=\"img\" class=\"emoji\" src=\"https:\/\/s.w.org\/images\/core\/emoji\/17.0.2\/svg\/1f4aa.svg\" alt=\"&#x1f4aa;\"> <strong>Si tu aimes :<\/strong><br><img decoding=\"async\" draggable=\"false\" role=\"img\" class=\"emoji\" src=\"https:\/\/s.w.org\/images\/core\/emoji\/17.0.2\/svg\/1f69c.svg\" alt=\"&#x1f69c;\"> Conduire des engins puissants<br><img decoding=\"async\" draggable=\"false\" role=\"img\" class=\"emoji\" src=\"https:\/\/s.w.org\/images\/core\/emoji\/17.0.2\/svg\/1f3d7.svg\" alt=\"&#x1f3d7;&#xfe0f;\"> Participer \u00e0 de grands projets de construction<br><img decoding=\"async\" draggable=\"false\" role=\"img\" class=\"emoji\" src=\"https:\/\/s.w.org\/images\/core\/emoji\/17.0.2\/svg\/1f30d.svg\" alt=\"&#x1f30d;\"> Travailler en ext\u00e9rieur<br><img decoding=\"async\" draggable=\"false\" role=\"img\" class=\"emoji\" src=\"https:\/\/s.w.org\/images\/core\/emoji\/17.0.2\/svg\/1f527.svg\" alt=\"&#x1f527;\"> Comprendre le fonctionnement des machines<br><img decoding=\"async\" draggable=\"false\" role=\"img\" class=\"emoji\" src=\"https:\/\/s.w.org\/images\/core\/emoji\/17.0.2\/svg\/1f91d.svg\" alt=\"&#x1f91d;\"> Travailler en \u00e9quipe sur les chantiers<\/p>\n\n\n\n<p><\/p>\n\n\n\n<p><img decoding=\"async\" draggable=\"false\" role=\"img\" class=\"emoji\" src=\"https:\/\/s.w.org\/images\/core\/emoji\/17.0.2\/svg\/1f393.svg\" alt=\"&#x1f393;\"> <strong>Pendant la formation, tu apprendras \u00e0 :<\/strong><br><img decoding=\"async\" draggable=\"false\" role=\"img\" class=\"emoji\" src=\"https:\/\/s.w.org\/images\/core\/emoji\/17.0.2\/svg\/1f579.svg\" alt=\"&#x1f579;&#xfe0f;\"> Conduire diff\u00e9rents engins (pelles hydrauliques, chargeuses, tombereaux\u2026)<br><img decoding=\"async\" draggable=\"false\" role=\"img\" class=\"emoji\" src=\"https:\/\/s.w.org\/images\/core\/emoji\/17.0.2\/svg\/1f4cf.svg\" alt=\"&#x1f4cf;\"> Lire les consignes et comprendre l\u2019organisation d\u2019un chantier<br><img decoding=\"async\" draggable=\"false\" role=\"img\" class=\"emoji\" src=\"https:\/\/s.w.org\/images\/core\/emoji\/17.0.2\/svg\/26a0.svg\" alt=\"&#x26a0;&#xfe0f;\"> Appliquer les r\u00e8gles de s\u00e9curit\u00e9<br><img decoding=\"async\" draggable=\"false\" role=\"img\" class=\"emoji\" src=\"https:\/\/s.w.org\/images\/core\/emoji\/17.0.2\/svg\/1f527.svg\" alt=\"&#x1f527;\"> Effectuer l\u2019entretien courant des engins<\/p>\n\n\n\n<p><\/p>\n\n\n\n<p><img decoding=\"async\" draggable=\"false\" role=\"img\" class=\"emoji\" src=\"https:\/\/s.w.org\/images\/core\/emoji\/17.0.2\/svg\/1f3d7.svg\" alt=\"&#x1f3d7;&#xfe0f;\"> <strong>Stages en milieu professionnel<\/strong><br><img decoding=\"async\" draggable=\"false\" role=\"img\" class=\"emoji\" src=\"https:\/\/s.w.org\/images\/core\/emoji\/17.0.2\/svg\/1f4c5.svg\" alt=\"&#x1f4c5;\"> Plusieurs semaines de formation en entreprise pour d\u00e9couvrir le monde des <strong>travaux publics et des carri\u00e8res<\/strong> et acqu\u00e9rir de l\u2019exp\u00e9rience sur de vrais chantiers.<\/p>\n\n\n\n<p><\/p>\n\n\n\n<p><img decoding=\"async\" draggable=\"false\" role=\"img\" class=\"emoji\" src=\"https:\/\/s.w.org\/images\/core\/emoji\/17.0.2\/svg\/1f4bc.svg\" alt=\"&#x1f4bc;\"> <strong>D\u00e9bouch\u00e9s professionnels :<\/strong><br><img decoding=\"async\" draggable=\"false\" role=\"img\" class=\"emoji\" src=\"https:\/\/s.w.org\/images\/core\/emoji\/17.0.2\/svg\/1f69c.svg\" alt=\"&#x1f69c;\"> Conducteur d\u2019engins de travaux publics<br><img decoding=\"async\" draggable=\"false\" role=\"img\" class=\"emoji\" src=\"https:\/\/s.w.org\/images\/core\/emoji\/17.0.2\/svg\/26cf.svg\" alt=\"&#x26cf;&#xfe0f;\"> Conducteur d\u2019engins en carri\u00e8re<br><img decoding=\"async\" draggable=\"false\" role=\"img\" class=\"emoji\" src=\"https:\/\/s.w.org\/images\/core\/emoji\/17.0.2\/svg\/1f3d7.svg\" alt=\"&#x1f3d7;&#xfe0f;\"> Ouvrier qualifi\u00e9 dans les entreprises de terrassement ou de construction<\/p>\n\n\n\n<p><\/p>\n\n\n\n<p><img decoding=\"async\" draggable=\"false\" role=\"img\" class=\"emoji\" src=\"https:\/\/s.w.org\/images\/core\/emoji\/17.0.2\/svg\/1f4da.svg\" alt=\"&#x1f4da;\"> <strong>Poursuite d\u2019\u00e9tudes possible :<\/strong><br><img decoding=\"async\" draggable=\"false\" role=\"img\" class=\"emoji\" src=\"https:\/\/s.w.org\/images\/core\/emoji\/17.0.2\/svg\/27a1.svg\" alt=\"&#x27a1;&#xfe0f;\"> Bac Pro <strong>Travaux Publics<\/strong><br><img decoding=\"async\" draggable=\"false\" role=\"img\" class=\"emoji\" src=\"https:\/\/s.w.org\/images\/core\/emoji\/17.0.2\/svg\/27a1.svg\" alt=\"&#x27a1;&#xfe0f;\"> Bac Pro <strong>Maintenance des mat\u00e9riels<\/strong><br><img decoding=\"async\" draggable=\"false\" role=\"img\" class=\"emoji\" src=\"https:\/\/s.w.org\/images\/core\/emoji\/17.0.2\/svg\/27a1.svg\" alt=\"&#x27a1;&#xfe0f;\"> Formations sp\u00e9cialis\u00e9es dans les m\u00e9tiers du <strong>BTP<\/strong><\/p>\n\n\n\n<p><\/p>\n\n\n\n<p><img decoding=\"async\" draggable=\"false\" role=\"img\" class=\"emoji\" src=\"https:\/\/s.w.org\/images\/core\/emoji\/17.0.2\/svg\/1f31f.svg\" alt=\"&#x1f31f;\"> <strong>Un m\u00e9tier concret, technique et tr\u00e8s recherch\u00e9 pour construire les infrastructures de demain !<\/strong><\/p>\n\n\n\n<p><\/p>\n\n\n\n<figure class=\"wp-block-embed is-type-video is-provider-youtube wp-block-embed-youtube wp-embed-aspect-16-9 wp-has-aspect-ratio\"><div class=\"wp-block-embed__wrapper\">\n<iframe loading=\"lazy\" title=\"T\u00e9moignage d&#039;un \u00e9l\u00e8ve en 1re ann\u00e9e de CAP CDE\" width=\"474\" height=\"267\" src=\"https:\/\/www.youtube.com\/embed\/NsPetZmEnIo?feature=oembed\" frameborder=\"0\" allow=\"accelerometer; autoplay; clipboard-write; encrypted-media; gyroscope; picture-in-picture; web-share\" referrerpolicy=\"strict-origin-when-cross-origin\" allowfullscreen><\/iframe>\n<\/div><\/figure>\n\n\n\n<p><\/p>\n\n\n\n<p><\/p>\n\n\n\n<figure class=\"wp-block-embed is-type-video is-provider-youtube wp-block-embed-youtube wp-embed-aspect-16-9 wp-has-aspect-ratio\"><div class=\"wp-block-embed__wrapper\">\n<iframe loading=\"lazy\" title=\"Vid\u00e9o CDE\" width=\"474\" height=\"267\" src=\"https:\/\/www.youtube.com\/embed\/LMEchd6XwGs?feature=oembed\" frameborder=\"0\" allow=\"accelerometer; autoplay; clipboard-write; encrypted-media; gyroscope; picture-in-picture; web-share\" referrerpolicy=\"strict-origin-when-cross-origin\" allowfullscreen><\/iframe>\n<\/div><\/figure>\n\n\n\n<p><\/p>\n\n\n\n<p><\/p>\n\n\n\n<figure class=\"wp-block-embed is-type-video is-provider-youtube wp-block-embed-youtube wp-embed-aspect-16-9 wp-has-aspect-ratio\"><div class=\"wp-block-embed__wrapper\">\n<iframe loading=\"lazy\" title=\"Journ\u00e9e Type d&#039;un \u00e9l\u00e8ve en CAP Conducteur d&#039;engins sur le terrain\" width=\"474\" height=\"267\" src=\"https:\/\/www.youtube.com\/embed\/8RqryTGvt08?feature=oembed\" frameborder=\"0\" allow=\"accelerometer; autoplay; clipboard-write; encrypted-media; gyroscope; picture-in-picture; web-share\" referrerpolicy=\"strict-origin-when-cross-origin\" allowfullscreen><\/iframe>\n<\/div><\/figure>\n","protected":false},"excerpt":{"rendered":"<p>CAP Conducteur d\u2019Engins de Travaux Publics et de Carri\u00e8res : aux commandes des grands chantiers ! Tu es passionn\u00e9 par les machines, les chantiers et le travail en ext\u00e9rieur ? Le CAP Conducteur d\u2019Engins de Travaux Publics et de Carri\u00e8res te forme \u00e0 piloter les engins indispensables \u00e0 la construction des routes, b\u00e2timents et am\u00e9nagements. &hellip; <a href=\"https:\/\/lycee-nisard.fr\/?page_id=326\" class=\"more-link\">Continuer la lecture de <span class=\"screen-reader-text\">CAP Conducteur d&rsquo;engins<\/span>  <span class=\"meta-nav\">&rarr;<\/span><\/a><\/p>\n","protected":false},"author":1,"featured_media":0,"parent":1429,"menu_order":1,"comment_status":"closed","ping_status":"closed","template":"","meta":{"saved_in_kubio":true,"footnotes":""},"class_list":["post-326","page","type-page","status-publish","hentry"],"kubio_ai_page_context":{"short_desc":"","purpose":"general"},"_links":{"self":[{"href":"https:\/\/lycee-nisard.fr\/index.php?rest_route=\/wp\/v2\/pages\/326","targetHints":{"allow":["GET"]}}],"collection":[{"href":"https:\/\/lycee-nisard.fr\/index.php?rest_route=\/wp\/v2\/pages"}],"about":[{"href":"https:\/\/lycee-nisard.fr\/index.php?rest_route=\/wp\/v2\/types\/page"}],"author":[{"embeddable":true,"href":"https:\/\/lycee-nisard.fr\/index.php?rest_route=\/wp\/v2\/users\/1"}],"replies":[{"embeddable":true,"href":"https:\/\/lycee-nisard.fr\/index.php?rest_route=%2Fwp%2Fv2%2Fcomments&post=326"}],"version-history":[{"count":19,"href":"https:\/\/lycee-nisard.fr\/index.php?rest_route=\/wp\/v2\/pages\/326\/revisions"}],"predecessor-version":[{"id":7153,"href":"https:\/\/lycee-nisard.fr\/index.php?rest_route=\/wp\/v2\/pages\/326\/revisions\/7153"}],"up":[{"embeddable":true,"href":"https:\/\/lycee-nisard.fr\/index.php?rest_route=\/wp\/v2\/pages\/1429"}],"wp:attachment":[{"href":"https:\/\/lycee-nisard.fr\/index.php?rest_route=%2Fwp%2Fv2%2Fmedia&parent=326"}],"curies":[{"name":"wp","href":"https:\/\/api.w.org\/{rel}","templated":true}]}}