{"id":3087,"date":"2019-02-07T15:37:37","date_gmt":"2019-02-07T14:37:37","guid":{"rendered":"http:\/\/lycee-nisard.fr\/?page_id=3087"},"modified":"2020-01-21T08:28:43","modified_gmt":"2020-01-21T07:28:43","slug":"reforme-du-baccalaureat","status":"publish","type":"page","link":"https:\/\/lycee-nisard.fr\/?page_id=3087","title":{"rendered":"R\u00e9forme du Baccalaur\u00e9at"},"content":{"rendered":"\n<figure class=\"wp-block-image\"><a href=\"https:\/\/drive.google.com\/file\/d\/1ywgw5dQxwtmTwY_L1dqTcihK8YJGYFio\/view?usp=sharing\" target=\"_blank\" rel=\"noreferrer noopener\"><img loading=\"lazy\" decoding=\"async\" width=\"551\" height=\"397\" src=\"http:\/\/lycee-nisard.fr\/wp-content\/uploads\/2019\/02\/NouveauLyc\u00e9e.jpg\" alt=\"\" class=\"wp-image-3088\" srcset=\"https:\/\/lycee-nisard.fr\/wp-content\/uploads\/2019\/02\/NouveauLyc\u00e9e.jpg 551w, https:\/\/lycee-nisard.fr\/wp-content\/uploads\/2019\/02\/NouveauLyc\u00e9e-300x216.jpg 300w\" sizes=\"(max-width: 551px) 100vw, 551px\" \/><\/a><figcaption>Cliquez sur l&rsquo;image pour acc\u00e9der \u00e0 la pr\u00e9sentation du nouveau lyc\u00e9e<\/figcaption><\/figure>\n\n\n\n<h4 class=\"wp-block-heading\">Les enseignements de sp\u00e9cialit\u00e9 propos\u00e9s au lyc\u00e9e D\u00e9sir\u00e9 Nisard :<\/h4>\n\n\n\n<ul class=\"wp-block-list\"><li>Histoire g\u00e9ographie, g\u00e9opolitique et sciences politiques<\/li><li>Humanit\u00e9s, litt\u00e9rature et philosophie<\/li><li>Langues, litt\u00e9ratures et cultures \u00e9trang\u00e8res (Anglais)<\/li><li>Math\u00e9matiques<\/li><li>Physique-chimie<\/li><li>Sciences de l&rsquo;ing\u00e9nieur<\/li><li>Sciences de la vie et de la terre<\/li><li>Sciences \u00e9conomiques et sociales<\/li><\/ul>\n\n\n\n<h4 class=\"wp-block-heading\">La r\u00e9partition contr\u00f4le continu-\u00e9preuves finales<\/h4>\n\n\n\n<figure class=\"wp-block-image\"><img loading=\"lazy\" decoding=\"async\" width=\"1024\" height=\"576\" src=\"http:\/\/lycee-nisard.fr\/wp-content\/uploads\/2020\/01\/Pourcentage-1024x576.jpg\" alt=\"\" class=\"wp-image-3479\" srcset=\"https:\/\/lycee-nisard.fr\/wp-content\/uploads\/2020\/01\/Pourcentage-1024x576.jpg 1024w, https:\/\/lycee-nisard.fr\/wp-content\/uploads\/2020\/01\/Pourcentage-300x169.jpg 300w, https:\/\/lycee-nisard.fr\/wp-content\/uploads\/2020\/01\/Pourcentage-768x432.jpg 768w, https:\/\/lycee-nisard.fr\/wp-content\/uploads\/2020\/01\/Pourcentage.jpg 1467w\" sizes=\"(max-width: 1024px) 100vw, 1024px\" \/><\/figure>\n\n\n\n<h4 class=\"wp-block-heading\">Les \u00e9preuves de nouveau baccalaur\u00e9at g\u00e9n\u00e9ral<\/h4>\n\n\n\n<figure class=\"wp-block-image\"><img loading=\"lazy\" decoding=\"async\" width=\"1024\" height=\"659\" src=\"http:\/\/lycee-nisard.fr\/wp-content\/uploads\/2020\/01\/Epreuves-1024x659.jpg\" alt=\"\" class=\"wp-image-3480\" srcset=\"https:\/\/lycee-nisard.fr\/wp-content\/uploads\/2020\/01\/Epreuves-1024x659.jpg 1024w, https:\/\/lycee-nisard.fr\/wp-content\/uploads\/2020\/01\/Epreuves-300x193.jpg 300w, https:\/\/lycee-nisard.fr\/wp-content\/uploads\/2020\/01\/Epreuves-768x494.jpg 768w, https:\/\/lycee-nisard.fr\/wp-content\/uploads\/2020\/01\/Epreuves.jpg 1285w\" sizes=\"(max-width: 1024px) 100vw, 1024px\" \/><\/figure>\n","protected":false},"excerpt":{"rendered":"<p>Les enseignements de sp\u00e9cialit\u00e9 propos\u00e9s au lyc\u00e9e D\u00e9sir\u00e9 Nisard : Histoire g\u00e9ographie, g\u00e9opolitique et sciences politiques Humanit\u00e9s, litt\u00e9rature et philosophie Langues, litt\u00e9ratures et cultures \u00e9trang\u00e8res (Anglais) Math\u00e9matiques Physique-chimie Sciences de l&rsquo;ing\u00e9nieur Sciences de la vie et de la terre Sciences \u00e9conomiques et sociales La r\u00e9partition contr\u00f4le continu-\u00e9preuves finales Les \u00e9preuves de nouveau baccalaur\u00e9at g\u00e9n\u00e9ral<\/p>\n","protected":false},"author":1,"featured_media":0,"parent":2994,"menu_order":0,"comment_status":"closed","ping_status":"closed","template":"","meta":{"saved_in_kubio":false,"footnotes":""},"class_list":["post-3087","page","type-page","status-publish","hentry"],"kubio_ai_page_context":{"short_desc":"","purpose":"general"},"_links":{"self":[{"href":"https:\/\/lycee-nisard.fr\/index.php?rest_route=\/wp\/v2\/pages\/3087","targetHints":{"allow":["GET"]}}],"collection":[{"href":"https:\/\/lycee-nisard.fr\/index.php?rest_route=\/wp\/v2\/pages"}],"about":[{"href":"https:\/\/lycee-nisard.fr\/index.php?rest_route=\/wp\/v2\/types\/page"}],"author":[{"embeddable":true,"href":"https:\/\/lycee-nisard.fr\/index.php?rest_route=\/wp\/v2\/users\/1"}],"replies":[{"embeddable":true,"href":"https:\/\/lycee-nisard.fr\/index.php?rest_route=%2Fwp%2Fv2%2Fcomments&post=3087"}],"version-history":[{"count":7,"href":"https:\/\/lycee-nisard.fr\/index.php?rest_route=\/wp\/v2\/pages\/3087\/revisions"}],"predecessor-version":[{"id":3481,"href":"https:\/\/lycee-nisard.fr\/index.php?rest_route=\/wp\/v2\/pages\/3087\/revisions\/3481"}],"up":[{"embeddable":true,"href":"https:\/\/lycee-nisard.fr\/index.php?rest_route=\/wp\/v2\/pages\/2994"}],"wp:attachment":[{"href":"https:\/\/lycee-nisard.fr\/index.php?rest_route=%2Fwp%2Fv2%2Fmedia&parent=3087"}],"curies":[{"name":"wp","href":"https:\/\/api.w.org\/{rel}","templated":true}]}}