{"id":3015,"date":"2018-12-11T14:45:12","date_gmt":"2018-12-11T13:45:12","guid":{"rendered":"http:\/\/lycee-nisard.fr\/?page_id=3015"},"modified":"2026-03-11T18:28:19","modified_gmt":"2026-03-11T17:28:19","slug":"documents","status":"publish","type":"page","link":"https:\/\/lycee-nisard.fr\/?page_id=3015","title":{"rendered":"DOCUMENTS"},"content":{"rendered":"\n<p><strong>R\u00c8GLEMENT INT\u00c9RIEUR \u00c9TABLISSEMENT<\/strong><\/p>\n\n\n\n<div class=\"wp-block-file\" style=\"padding-right:var(--wp--preset--spacing--60);padding-left:var(--wp--preset--spacing--60)\"><a id=\"wp-block-file--media-9d64ac83-ad05-48df-b0e1-d6c6cf0571ce\" href=\"http:\/\/lycee-nisard.fr\/wp-content\/uploads\/2026\/03\/Reglement-interieur-1.docx\">R\u00e8glement int\u00e9rieur-1<\/a><a href=\"http:\/\/lycee-nisard.fr\/wp-content\/uploads\/2026\/03\/Reglement-interieur-1.docx\" class=\"wp-block-file__button wp-element-button\" download aria-describedby=\"wp-block-file--media-9d64ac83-ad05-48df-b0e1-d6c6cf0571ce\">T\u00e9l\u00e9charger<\/a><\/div>\n\n\n\n<p><\/p>\n\n\n\n<p>R\u00c8GLEMENT INT\u00c9RIEUR INTERNAT<\/p>\n\n\n\n<div class=\"wp-block-file\" style=\"padding-right:var(--wp--preset--spacing--60);padding-left:var(--wp--preset--spacing--60)\"><a id=\"wp-block-file--media-c6650f6e-9b31-4000-a6d8-ba38ae37f962\" href=\"http:\/\/lycee-nisard.fr\/wp-content\/uploads\/2026\/03\/Reglement-internat-1.docx\">R\u00e8glement internat-1<\/a><a href=\"http:\/\/lycee-nisard.fr\/wp-content\/uploads\/2026\/03\/Reglement-internat-1.docx\" class=\"wp-block-file__button wp-element-button\" download aria-describedby=\"wp-block-file--media-c6650f6e-9b31-4000-a6d8-ba38ae37f962\">T\u00e9l\u00e9charger<\/a><\/div>\n\n\n\n<p><\/p>\n\n\n\n<p><strong>CALENDRIER P\u00c9DAGOGIQUE 2025\/2026<\/strong><\/p>\n\n\n\n<div class=\"wp-block-file alignwide has-white-background-color has-background has-link-color wp-elements-62a55db92a0a263ca1805215fba039e8\" style=\"padding-top:0;padding-right:var(--wp--preset--spacing--60);padding-bottom:0;padding-left:var(--wp--preset--spacing--60)\"><a id=\"wp-block-file--media-d11dd928-f3a4-403f-bafb-c33db028cf54\" href=\"http:\/\/lycee-nisard.fr\/wp-content\/uploads\/2026\/03\/Calendrier-sem-A-et-B-2025-2026.pdf\" target=\"_blank\" rel=\"noreferrer noopener\">Calendrier sem A et B &#8211; 2025-2026<\/a><a href=\"http:\/\/lycee-nisard.fr\/wp-content\/uploads\/2026\/03\/Calendrier-sem-A-et-B-2025-2026.pdf\" class=\"wp-block-file__button wp-element-button\" download aria-describedby=\"wp-block-file--media-d11dd928-f3a4-403f-bafb-c33db028cf54\">T\u00e9l\u00e9charger<\/a><\/div>\n\n\n\n<p><\/p>\n\n\n\n<p><strong>CHARTE NUM\u00c9RIQUE <\/strong><\/p>\n\n\n\n<div class=\"wp-block-file\" style=\"padding-right:var(--wp--preset--spacing--60);padding-left:var(--wp--preset--spacing--60)\"><a id=\"wp-block-file--media-00b28c00-ca90-48ea-91c3-8c86ed4def69\" href=\"http:\/\/lycee-nisard.fr\/wp-content\/uploads\/2026\/03\/Charte-numerique.pdf\">Charte num\u00e9rique<\/a><a href=\"http:\/\/lycee-nisard.fr\/wp-content\/uploads\/2026\/03\/Charte-numerique.pdf\" class=\"wp-block-file__button wp-element-button\" download aria-describedby=\"wp-block-file--media-00b28c00-ca90-48ea-91c3-8c86ed4def69\">T\u00e9l\u00e9chaRGER<\/a><\/div>\n\n\n\n<p><\/p>\n\n\n\n<p><strong>CHARTE DE LA LA\u00cfCIT\u00c9<\/strong><\/p>\n\n\n\n<div class=\"wp-block-file\" style=\"padding-right:var(--wp--preset--spacing--60);padding-left:var(--wp--preset--spacing--60)\"><a id=\"wp-block-file--media-eb6e16f6-8ead-4796-b7d3-718e7e514ef0\" href=\"http:\/\/lycee-nisard.fr\/wp-content\/uploads\/2026\/03\/Charte-de-la-laicite.pdf\">Charte de la la\u00efcit\u00e9<\/a><a href=\"http:\/\/lycee-nisard.fr\/wp-content\/uploads\/2026\/03\/Charte-de-la-laicite.pdf\" class=\"wp-block-file__button wp-element-button\" download aria-describedby=\"wp-block-file--media-eb6e16f6-8ead-4796-b7d3-718e7e514ef0\">T\u00e9l\u00e9charger<\/a><\/div>\n\n\n\n<p><\/p>\n\n\n\n<p><strong>CHARTE DES CONSEILS DE CLASSE<\/strong><\/p>\n\n\n\n<div class=\"wp-block-file\" style=\"padding-right:var(--wp--preset--spacing--60);padding-left:var(--wp--preset--spacing--60)\"><a id=\"wp-block-file--media-14927951-9c35-413d-b599-761974fc292c\" href=\"http:\/\/lycee-nisard.fr\/wp-content\/uploads\/2026\/03\/CHARTE-DES-CONSEILS-DE-CLASSE.pdf\">CHARTE DES CONSEILS DE CLASSE<\/a><a href=\"http:\/\/lycee-nisard.fr\/wp-content\/uploads\/2026\/03\/CHARTE-DES-CONSEILS-DE-CLASSE.pdf\" class=\"wp-block-file__button wp-element-button\" download aria-describedby=\"wp-block-file--media-14927951-9c35-413d-b599-761974fc292c\">T\u00e9l\u00e9charger<\/a><\/div>\n\n\n\n<p><\/p>\n\n\n\n<p><strong>CALENDRIER PFMP 2025\/2026<\/strong><\/p>\n\n\n\n<div class=\"wp-block-file\" style=\"padding-right:var(--wp--preset--spacing--60);padding-left:var(--wp--preset--spacing--60)\"><a id=\"wp-block-file--media-0ec325aa-5d1b-446a-8246-96e8a2c284cb\" href=\"http:\/\/lycee-nisard.fr\/wp-content\/uploads\/2026\/03\/CALENDRIER-PFMP-2025-2026.pdf\">CALENDRIER PFMP 2025-2026<\/a><a href=\"http:\/\/lycee-nisard.fr\/wp-content\/uploads\/2026\/03\/CALENDRIER-PFMP-2025-2026.pdf\" class=\"wp-block-file__button wp-element-button\" download aria-describedby=\"wp-block-file--media-0ec325aa-5d1b-446a-8246-96e8a2c284cb\">T\u00e9l\u00e9charger<\/a><\/div>\n\n\n\n<p><\/p>\n\n\n\n<p><strong>R\u00c8GLEMENT DES SALLES INFORMATIQUES<\/strong><\/p>\n\n\n\n<div class=\"wp-block-file\" style=\"padding-right:var(--wp--preset--spacing--60);padding-left:var(--wp--preset--spacing--60)\"><a id=\"wp-block-file--media-f5c05f4c-5347-48f2-b4d2-9c2c60698068\" href=\"http:\/\/lycee-nisard.fr\/wp-content\/uploads\/2026\/03\/Reglement-des-salles-informatiques.pdf\">R\u00e8glement des salles informatiques<\/a><a href=\"http:\/\/lycee-nisard.fr\/wp-content\/uploads\/2026\/03\/Reglement-des-salles-informatiques.pdf\" class=\"wp-block-file__button wp-element-button\" download aria-describedby=\"wp-block-file--media-f5c05f4c-5347-48f2-b4d2-9c2c60698068\">T\u00e9l\u00e9charger<\/a><\/div>\n","protected":false},"excerpt":{"rendered":"<p>R\u00c8GLEMENT INT\u00c9RIEUR \u00c9TABLISSEMENT R\u00c8GLEMENT INT\u00c9RIEUR INTERNAT CALENDRIER P\u00c9DAGOGIQUE 2025\/2026 CHARTE NUM\u00c9RIQUE CHARTE DE LA LA\u00cfCIT\u00c9 CHARTE DES CONSEILS DE CLASSE CALENDRIER PFMP 2025\/2026 R\u00c8GLEMENT DES SALLES INFORMATIQUES<\/p>\n","protected":false},"author":1,"featured_media":0,"parent":2,"menu_order":3,"comment_status":"closed","ping_status":"closed","template":"","meta":{"saved_in_kubio":true,"footnotes":""},"class_list":["post-3015","page","type-page","status-publish","hentry"],"kubio_ai_page_context":{"short_desc":"","purpose":"general"},"_links":{"self":[{"href":"https:\/\/lycee-nisard.fr\/index.php?rest_route=\/wp\/v2\/pages\/3015","targetHints":{"allow":["GET"]}}],"collection":[{"href":"https:\/\/lycee-nisard.fr\/index.php?rest_route=\/wp\/v2\/pages"}],"about":[{"href":"https:\/\/lycee-nisard.fr\/index.php?rest_route=\/wp\/v2\/types\/page"}],"author":[{"embeddable":true,"href":"https:\/\/lycee-nisard.fr\/index.php?rest_route=\/wp\/v2\/users\/1"}],"replies":[{"embeddable":true,"href":"https:\/\/lycee-nisard.fr\/index.php?rest_route=%2Fwp%2Fv2%2Fcomments&post=3015"}],"version-history":[{"count":13,"href":"https:\/\/lycee-nisard.fr\/index.php?rest_route=\/wp\/v2\/pages\/3015\/revisions"}],"predecessor-version":[{"id":7041,"href":"https:\/\/lycee-nisard.fr\/index.php?rest_route=\/wp\/v2\/pages\/3015\/revisions\/7041"}],"up":[{"embeddable":true,"href":"https:\/\/lycee-nisard.fr\/index.php?rest_route=\/wp\/v2\/pages\/2"}],"wp:attachment":[{"href":"https:\/\/lycee-nisard.fr\/index.php?rest_route=%2Fwp%2Fv2%2Fmedia&parent=3015"}],"curies":[{"name":"wp","href":"https:\/\/api.w.org\/{rel}","templated":true}]}}