{"id":27,"date":"2012-04-19T20:49:37","date_gmt":"2012-04-19T19:49:37","guid":{"rendered":"http:\/\/lycee-nisard.fr\/?page_id=27"},"modified":"2019-03-04T13:50:49","modified_gmt":"2019-03-04T12:50:49","slug":"unss-et-option-eps-2","status":"publish","type":"page","link":"https:\/\/lycee-nisard.fr\/?page_id=27","title":{"rendered":"UNSS"},"content":{"rendered":"<div>\n<p style=\"text-align: center;\"><a href=\"http:\/\/franckratton.wix.com\/teamldn\"><img loading=\"lazy\" decoding=\"async\" class=\"aligncenter size-large wp-image-2262\" src=\"http:\/\/lycee-nisard.fr\/wp-content\/uploads\/2012\/04\/screenshot-blogEPS-1024x463.jpg\" alt=\"screenshot-blogEPS\" width=\"670\" height=\"303\" \/><\/a><\/p>\n<h2 style=\"text-align: center;\"><a href=\"http:\/\/franckratton.wix.com\/teamldn\"><strong>BLOG UNSS\u00a0\u00a0<\/strong><br \/>\n(http:\/\/franckratton.wix.com\/teamldn)<\/a><\/h2>\n<\/div>\n<p style=\"text-align: center;\">L\u2019 Association Sportive du Lyc\u00e9e D\u00e9sir\u00e9 NISARD, compl\u00e9ment incontournable de l\u2019Education Physique et Sportive, est particuli\u00e8rement appr\u00e9ci\u00e9e par les \u00e9l\u00e8ves du Lyc\u00e9e.<\/p>\n<div>\n<div><img loading=\"lazy\" decoding=\"async\" class=\"size-medium wp-image-194 aligncenter\" src=\"http:\/\/lyc21-desirenisard.sd.ac-dijon.fr\/wp-content\/uploads\/sites\/33\/2018\/01\/IMG_3695-300x200.jpg\" alt=\"\" width=\"300\" height=\"200\" \/><\/div>\n<div><\/div>\n<div style=\"text-align: center;\"><em><strong>Retrouvez toutes l&rsquo;actualit\u00e9s de notre AS sur le blog Team LDN<\/strong><\/em><\/div>\n<div style=\"text-align: center;\"><a href=\"http:\/\/franckratton.wixsite.com\/teamldn\">http:\/\/franckratton.wixsite.com\/teamldn<\/a><\/div>\n<div><\/div>\n<div><\/div>\n<div><strong>DES ACTIVIT\u00c9S SPORTIVES NOMBREUSES ET VARI\u00c9ES pour tous :<\/strong><\/div>\n<div>L\u2019 Association Sportive affili\u00e9e \u00e0 L\u2019 Union Nationale du Sport Scolaire (U.N.S.S.) permet \u00e0 tous les \u00e9l\u00e8ves de s\u2019entra\u00eener, participer et progresser dans plus d\u2019une dizaine d\u2019activit\u00e9s sportives diff\u00e9rentes et de s\u2019engager dans les comp\u00e9titions scolaires.<\/div>\n<div><\/div>\n<div>En effet, les disciplines suivantes sont propos\u00e9es :<\/div>\n<div><\/div>\n<div>\n<ul>\n<li>En sports collectifs : Basket-ball,\u00a0 Hand Ball,\u00a0 Futsall,<\/li>\n<li>En activit\u00e9s gymniques : Gymnastique acrobatique,<\/li>\n<li>En sports de raquette : Badminton,<\/li>\n<li>En Athl\u00e9tisme : Cross country,<\/li>\n<li>En activit\u00e9s de forme : STEP, Pr\u00e9paration Physique G\u00e9n\u00e9rale, Musculation<\/li>\n<li>Et des activit\u00e9s de pleine nature : Course d\u2019Orientation, VTT, Run and Bike, Duathlon, Raids Multisports de Nature, Equitation (Pony-Games).<\/li>\n<\/ul>\n<\/div>\n<div>Tous les \u00e9l\u00e8ves peuvent s\u2019inscrire \u00e0 l\u2019Association Sportive du Lyc\u00e9e D\u00e9sir\u00e9 Nisard pour un co\u00fbt modique de 23 \u20ac pour l\u2019ann\u00e9e scolaire (la licence est presque gratuite pour les \u00e9l\u00e8ves licenci\u00e9s dans un club sportif, car 20 \u20ac sont pris en charge par le Conseil R\u00e9gional de Bourgogne).<\/div>\n<div><\/div>\n<div>\u00a0<img loading=\"lazy\" decoding=\"async\" class=\" wp-image-198 aligncenter\" src=\"http:\/\/lyc21-desirenisard.sd.ac-dijon.fr\/wp-content\/uploads\/sites\/33\/2018\/01\/IMG_0254-300x200.jpg\" alt=\"\" width=\"383\" height=\"255\" \/><\/div>\n<div><\/div>\n<div><\/div>\n<div style=\"text-align: center;\"><strong>UN POURCENTAGE TR\u00c8S \u00c9LEV\u00c9 \u00a0DE PRATIQUANTS:<\/strong><\/div>\n<div style=\"text-align: center;\">Plus de 23 % de l\u2019effectif du lyc\u00e9e est licenci\u00e9 \u00e0 l\u2019Association Sportive, soit plus de 120 licenci\u00e9s en 2017\/2018. Ces chiffres placent notre Association Sportive parmi les meilleurs lyc\u00e9es de BOURGOGNE.<\/div>\n<div><\/div>\n<div>\n<ul>\n<li>DES FORMULES VARI\u00c9ES : Nos \u00e9l\u00e8ves participent aux activit\u00e9s, \u00a0pour leur entra\u00eenement personnel, pour une pratique de loisir, mais aussi et surtout dans une vis\u00e9e comp\u00e9titive. Ils peuvent aussi s\u2019impliquer en tant que jeune organisateur, jeune reporter et\u00a0 jeune officiel (jeune arbitre).<\/li>\n<\/ul>\n<\/div>\n<div>\n<ul>\n<li>LES EQUIPES VALORIS\u00c9ES : Dans toutes les activit\u00e9s, l\u2019engagement aux comp\u00e9titions sportives UNSS, impose une participation en \u00e9quipe. C\u2019est le r\u00e9sultat du collectif qui est pris en compte, l\u2019int\u00e9r\u00eat de l\u2019\u00e9quipe d\u00e9passe alors l\u2019objectif individuel encourageant de ce fait, la coop\u00e9ration et la solidarit\u00e9 de tous.<\/li>\n<\/ul>\n<\/div>\n<div>\n<ul>\n<li>LA PROMOTION DES PRISES DE RESPONSABILIT\u00c9S : La formation de jeunes officiels (arbitres, juges), parmi les licenci\u00e9s, r\u00e9v\u00e8le un autre aspect \u00e9ducatif de l\u2019Association Sportive. Cette formation est assur\u00e9e et valoris\u00e9e par les enseignants d\u2019 EPS, car toutes les rencontres sont obligatoirement arbitr\u00e9es par des \u00e9l\u00e8ves licenci\u00e9s \u00e0 l\u2019UNSS.<\/li>\n<\/ul>\n<\/div>\n<div>\n<ul>\n<li>UNE PARTICIPATION \u00c0 TOUS LES \u00c9CHELONS : Afin de permettre une ouverture la plus large possible, nous participons :<\/li>\n<\/ul>\n<\/div>\n<div>&#8211; au niveau du district Nord 21 UNSS (avec Montbard, Semur),<\/div>\n<div>&#8211; au niveau D\u00e9partemental et R\u00e9gional : quand nos \u00e9quipes sont qualifi\u00e9es \u00e0 ce niveau de comp\u00e9tition (ce qui est le cas chaque ann\u00e9e),<\/div>\n<div>&#8211; au niveau National.<\/div>\n<div><\/div>\n<div><img loading=\"lazy\" decoding=\"async\" class=\"size-medium wp-image-202 aligncenter\" src=\"http:\/\/lyc21-desirenisard.sd.ac-dijon.fr\/wp-content\/uploads\/sites\/33\/2018\/01\/IMG_1855-300x225.jpg\" alt=\"\" width=\"300\" height=\"225\" \/><\/div>\n<div><\/div>\n<div><\/div>\n<div style=\"text-align: center;\"><strong>Depuis 1996, notre Association Sportive participe tous les ans \u00e0 de nombreux championnats de France UNSS (en Gymnastique acrobatique, Equitation, Run and Bike, Duathlon, Tir \u00e0 l&rsquo;Arc, Course d\u2019Orientation, Raids Multisports et VTT)<\/strong><\/div>\n<div><\/div>\n<div><\/div>\n<div style=\"text-align: center;\"><strong>NOTRE\u00a0PALMAR\u00c8S\u00a0DE L\u2019ANNEE\u00a0DERNI\u00c8RE\u00a0(2017-2018) EST\u00a0\u00c9LOQUENT\u00a0:<\/strong><\/div>\n<div>\n<ul>\n<li><strong>9 participations aux championnats d\u2019Acad\u00e9mie\u00a0<\/strong>(Duathlon, Raid Multisports, Course d\u2019Orientation, V.T.T., Gymnastique Acrobatique, Pony Games, Cross-country, Futsal, badminton),<\/li>\n<li><strong>6 participations \u00e0 des championnats de France UNSS<\/strong>\u00a0(Raid Multisports \u2013 Gymnastique acrobatique \u2013 Course d\u2019Orientation).<\/li>\n<\/ul>\n<\/div>\n<\/div>\n<p>En photos l&rsquo;ann\u00e9e 2016\/2017 :<\/p>\n<div>\n<div>\n<p style=\"text-align: center;\"><img loading=\"lazy\" decoding=\"async\" class=\"wp-image-182 aligncenter\" src=\"http:\/\/lyc21-desirenisard.sd.ac-dijon.fr\/wp-content\/uploads\/sites\/33\/2018\/01\/IMG_0021-300x225.jpg\" alt=\"\" width=\"306\" height=\"229\" \/><em><strong>Tir \u00e0 l&rsquo;Arc &#8211;<\/strong> 3\u00e8me place cat\u00e9gorie Excellence au CF UNSS 2018 RIOM<\/em><\/p>\n<p style=\"text-align: center;\"><img loading=\"lazy\" decoding=\"async\" class=\"size-medium wp-image-184 aligncenter\" src=\"http:\/\/lyc21-desirenisard.sd.ac-dijon.fr\/wp-content\/uploads\/sites\/33\/2018\/01\/18278434_1451028911610524_182036890400660117_o-300x200.jpg\" alt=\"\" width=\"300\" height=\"200\" \/><em><strong>Course d&rsquo;Orientation<\/strong><\/em><em>\u00a0&#8211; 3\u00e8me place cat\u00e9gorie Etablissement au CF UNSS 2018 CASTRES<\/em><\/p>\n<\/div>\n<p style=\"text-align: center;\"><img loading=\"lazy\" decoding=\"async\" class=\"size-medium wp-image-186 aligncenter\" src=\"http:\/\/lyc21-desirenisard.sd.ac-dijon.fr\/wp-content\/uploads\/sites\/33\/2018\/01\/IMG_0126-300x225.jpg\" alt=\"\" width=\"300\" height=\"225\" \/><em><b>Run and Bike \/ Duathlon &#8211;\u00a0<\/b>\u00a04\u00e8me place cat\u00e9gorie Etablissement au CF UNSS 2018 MONT ST MICHEL<\/em><\/p>\n<p style=\"text-align: center;\"><img loading=\"lazy\" decoding=\"async\" class=\"size-medium wp-image-188 aligncenter\" src=\"http:\/\/lyc21-desirenisard.sd.ac-dijon.fr\/wp-content\/uploads\/sites\/33\/2018\/01\/IMG_1079-300x225.jpg\" alt=\"\" width=\"300\" height=\"225\" \/><em><strong>VTT &#8211;\u00a0<\/strong>\u00a05\u00e8me place cat\u00e9gorie Excellence au CF UNSS 2018 MONT VENTOUX<\/em><\/p>\n<p style=\"text-align: center;\"><img loading=\"lazy\" decoding=\"async\" class=\"size-medium wp-image-190 aligncenter\" src=\"http:\/\/lyc21-desirenisard.sd.ac-dijon.fr\/wp-content\/uploads\/sites\/33\/2018\/01\/IMG_0632-300x225.jpg\" alt=\"\" width=\"300\" height=\"225\" \/><em><b>Raid Multisports &#8211; <\/b>8\u00e8me place au CF UNSS 2018 HIRSON<\/em><\/p>\n<p style=\"text-align: center;\"><img loading=\"lazy\" decoding=\"async\" class=\"size-medium wp-image-192 aligncenter\" src=\"http:\/\/lyc21-desirenisard.sd.ac-dijon.fr\/wp-content\/uploads\/sites\/33\/2018\/01\/18489949_10209621068618611_1618162408125818347_o-300x169.jpg\" alt=\"\" width=\"300\" height=\"169\" \/><em><b>Gymnastique Acrobatique\u00a0 &#8211; <\/b>14\u00e8me place au CF UNSS 2018 MULHOUSE<\/em><\/p>\n<\/div>\n","protected":false},"excerpt":{"rendered":"<p>BLOG UNSS\u00a0\u00a0 (http:\/\/franckratton.wix.com\/teamldn) L\u2019 Association Sportive du Lyc\u00e9e D\u00e9sir\u00e9 NISARD, compl\u00e9ment incontournable de l\u2019Education Physique et Sportive, est particuli\u00e8rement appr\u00e9ci\u00e9e par les \u00e9l\u00e8ves du Lyc\u00e9e. Retrouvez toutes l&rsquo;actualit\u00e9s de notre AS sur le blog Team LDN http:\/\/franckratton.wixsite.com\/teamldn DES ACTIVIT\u00c9S SPORTIVES NOMBREUSES ET VARI\u00c9ES pour tous : L\u2019 Association Sportive affili\u00e9e \u00e0 L\u2019 Union Nationale du &hellip; <a href=\"https:\/\/lycee-nisard.fr\/?page_id=27\" class=\"more-link\">Continuer la lecture de <span class=\"screen-reader-text\">UNSS<\/span>  <span class=\"meta-nav\">&rarr;<\/span><\/a><\/p>\n","protected":false},"author":1,"featured_media":0,"parent":9,"menu_order":2,"comment_status":"closed","ping_status":"closed","template":"","meta":{"saved_in_kubio":false,"footnotes":""},"class_list":["post-27","page","type-page","status-publish","hentry"],"kubio_ai_page_context":{"short_desc":"","purpose":"general"},"_links":{"self":[{"href":"https:\/\/lycee-nisard.fr\/index.php?rest_route=\/wp\/v2\/pages\/27","targetHints":{"allow":["GET"]}}],"collection":[{"href":"https:\/\/lycee-nisard.fr\/index.php?rest_route=\/wp\/v2\/pages"}],"about":[{"href":"https:\/\/lycee-nisard.fr\/index.php?rest_route=\/wp\/v2\/types\/page"}],"author":[{"embeddable":true,"href":"https:\/\/lycee-nisard.fr\/index.php?rest_route=\/wp\/v2\/users\/1"}],"replies":[{"embeddable":true,"href":"https:\/\/lycee-nisard.fr\/index.php?rest_route=%2Fwp%2Fv2%2Fcomments&post=27"}],"version-history":[{"count":30,"href":"https:\/\/lycee-nisard.fr\/index.php?rest_route=\/wp\/v2\/pages\/27\/revisions"}],"predecessor-version":[{"id":3106,"href":"https:\/\/lycee-nisard.fr\/index.php?rest_route=\/wp\/v2\/pages\/27\/revisions\/3106"}],"up":[{"embeddable":true,"href":"https:\/\/lycee-nisard.fr\/index.php?rest_route=\/wp\/v2\/pages\/9"}],"wp:attachment":[{"href":"https:\/\/lycee-nisard.fr\/index.php?rest_route=%2Fwp%2Fv2%2Fmedia&parent=27"}],"curies":[{"name":"wp","href":"https:\/\/api.w.org\/{rel}","templated":true}]}}