{"id":2687,"date":"2018-02-01T17:43:00","date_gmt":"2018-02-01T16:43:00","guid":{"rendered":"http:\/\/lycee-nisard.fr\/?page_id=2687"},"modified":"2018-02-01T17:43:00","modified_gmt":"2018-02-01T16:43:00","slug":"espace-parents","status":"publish","type":"page","link":"https:\/\/lycee-nisard.fr\/?page_id=2687","title":{"rendered":"ESPACE PARENTS"},"content":{"rendered":"<p>Contacter les f\u00e9d\u00e9rations de parents d&rsquo;\u00e9l\u00e8ves&#8230;<\/p>\n<p>Obtenir des r\u00e9ponses sur l&rsquo;orientation de vos enfants, sur leurs choix d&rsquo;\u00e9tudes&#8230;<\/p>\n<p>Se renseigner sur l&rsquo;aspect pratique de leur future vie \u00e9tudiante&#8230;<\/p>\n<p>&nbsp;<\/p>\n<p>&nbsp;<\/p>\n","protected":false},"excerpt":{"rendered":"<p>Contacter les f\u00e9d\u00e9rations de parents d&rsquo;\u00e9l\u00e8ves&#8230; Obtenir des r\u00e9ponses sur l&rsquo;orientation de vos enfants, sur leurs choix d&rsquo;\u00e9tudes&#8230; Se renseigner sur l&rsquo;aspect pratique de leur future vie \u00e9tudiante&#8230; &nbsp; &nbsp;<\/p>\n","protected":false},"author":1,"featured_media":0,"parent":0,"menu_order":6,"comment_status":"closed","ping_status":"closed","template":"","meta":{"saved_in_kubio":false,"footnotes":""},"class_list":["post-2687","page","type-page","status-publish","hentry"],"kubio_ai_page_context":{"short_desc":"","purpose":"general"},"_links":{"self":[{"href":"https:\/\/lycee-nisard.fr\/index.php?rest_route=\/wp\/v2\/pages\/2687","targetHints":{"allow":["GET"]}}],"collection":[{"href":"https:\/\/lycee-nisard.fr\/index.php?rest_route=\/wp\/v2\/pages"}],"about":[{"href":"https:\/\/lycee-nisard.fr\/index.php?rest_route=\/wp\/v2\/types\/page"}],"author":[{"embeddable":true,"href":"https:\/\/lycee-nisard.fr\/index.php?rest_route=\/wp\/v2\/users\/1"}],"replies":[{"embeddable":true,"href":"https:\/\/lycee-nisard.fr\/index.php?rest_route=%2Fwp%2Fv2%2Fcomments&post=2687"}],"version-history":[{"count":1,"href":"https:\/\/lycee-nisard.fr\/index.php?rest_route=\/wp\/v2\/pages\/2687\/revisions"}],"predecessor-version":[{"id":2688,"href":"https:\/\/lycee-nisard.fr\/index.php?rest_route=\/wp\/v2\/pages\/2687\/revisions\/2688"}],"wp:attachment":[{"href":"https:\/\/lycee-nisard.fr\/index.php?rest_route=%2Fwp%2Fv2%2Fmedia&parent=2687"}],"curies":[{"name":"wp","href":"https:\/\/api.w.org\/{rel}","templated":true}]}}