{"id":2685,"date":"2018-02-01T15:51:47","date_gmt":"2018-02-01T14:51:47","guid":{"rendered":"http:\/\/lycee-nisard.fr\/?page_id=2685"},"modified":"2021-03-11T14:42:48","modified_gmt":"2021-03-11T13:42:48","slug":"le-cvl","status":"publish","type":"page","link":"https:\/\/lycee-nisard.fr\/?page_id=2685","title":{"rendered":"Le CVL"},"content":{"rendered":"<p>Les membres du\u00a0 Conseil de Vie Lyc\u00e9enne sont \u00e9lus pour 2 ans.<\/p>\n<p>Cette instance vise \u00e0 d\u00e9velopper des projets dans le but d&rsquo;am\u00e9liorer le quotidien des \u00e9l\u00e8ves au sein de leur \u00e9tablissement.<\/p>\n<p><a href=\"http:\/\/lycee-nisard.fr\/wp-content\/uploads\/2018\/02\/IMG_5401.jpg\"><img loading=\"lazy\" decoding=\"async\" class=\"aligncenter size-medium wp-image-2726\" src=\"http:\/\/lycee-nisard.fr\/wp-content\/uploads\/2018\/02\/IMG_5401-300x225.jpg\" alt=\"\" width=\"300\" height=\"225\" srcset=\"https:\/\/lycee-nisard.fr\/wp-content\/uploads\/2018\/02\/IMG_5401-300x225.jpg 300w, https:\/\/lycee-nisard.fr\/wp-content\/uploads\/2018\/02\/IMG_5401-768x576.jpg 768w, https:\/\/lycee-nisard.fr\/wp-content\/uploads\/2018\/02\/IMG_5401-1024x768.jpg 1024w\" sizes=\"(max-width: 300px) 100vw, 300px\" \/><\/a><\/p>\n<p>Les projets r\u00e9alis\u00e9s :<\/p>\n<ul>\n<li>am\u00e9nagement du foyer des \u00e9l\u00e8ves, avec achat de nouveaux mobiliers,<\/li>\n<li>am\u00e9nagement des bords de seine,<\/li>\n<li>r\u00e9fection de la salle de permanence.<\/li>\n<\/ul>\n\n\n<div class=\"wp-block-file\"><a href=\"http:\/\/lycee-nisard.fr\/wp-content\/uploads\/2021\/03\/Lyc\u00e9eCVL.pdf\" target=\"_blank\" rel=\"noreferrer noopener\">Un CVL dynamique et engag\u00e9<\/a><a href=\"http:\/\/lycee-nisard.fr\/wp-content\/uploads\/2021\/03\/Lyc\u00e9eCVL.pdf\" class=\"wp-block-file__button\" download>T\u00e9l\u00e9charger<\/a><\/div>\n","protected":false},"excerpt":{"rendered":"<p>Les membres du\u00a0 Conseil de Vie Lyc\u00e9enne sont \u00e9lus pour 2 ans. Cette instance vise \u00e0 d\u00e9velopper des projets dans le but d&rsquo;am\u00e9liorer le quotidien des \u00e9l\u00e8ves au sein de leur \u00e9tablissement. Les projets r\u00e9alis\u00e9s : am\u00e9nagement du foyer des \u00e9l\u00e8ves, avec achat de nouveaux mobiliers, am\u00e9nagement des bords de seine, r\u00e9fection de la salle &hellip; <a href=\"https:\/\/lycee-nisard.fr\/?page_id=2685\" class=\"more-link\">Continuer la lecture de <span class=\"screen-reader-text\">Le CVL<\/span>  <span class=\"meta-nav\">&rarr;<\/span><\/a><\/p>\n","protected":false},"author":1,"featured_media":3985,"parent":9,"menu_order":4,"comment_status":"closed","ping_status":"closed","template":"","meta":{"saved_in_kubio":false,"footnotes":""},"class_list":["post-2685","page","type-page","status-publish","has-post-thumbnail","hentry"],"kubio_ai_page_context":{"short_desc":"","purpose":"general"},"_links":{"self":[{"href":"https:\/\/lycee-nisard.fr\/index.php?rest_route=\/wp\/v2\/pages\/2685","targetHints":{"allow":["GET"]}}],"collection":[{"href":"https:\/\/lycee-nisard.fr\/index.php?rest_route=\/wp\/v2\/pages"}],"about":[{"href":"https:\/\/lycee-nisard.fr\/index.php?rest_route=\/wp\/v2\/types\/page"}],"author":[{"embeddable":true,"href":"https:\/\/lycee-nisard.fr\/index.php?rest_route=\/wp\/v2\/users\/1"}],"replies":[{"embeddable":true,"href":"https:\/\/lycee-nisard.fr\/index.php?rest_route=%2Fwp%2Fv2%2Fcomments&post=2685"}],"version-history":[{"count":5,"href":"https:\/\/lycee-nisard.fr\/index.php?rest_route=\/wp\/v2\/pages\/2685\/revisions"}],"predecessor-version":[{"id":3988,"href":"https:\/\/lycee-nisard.fr\/index.php?rest_route=\/wp\/v2\/pages\/2685\/revisions\/3988"}],"up":[{"embeddable":true,"href":"https:\/\/lycee-nisard.fr\/index.php?rest_route=\/wp\/v2\/pages\/9"}],"wp:featuredmedia":[{"embeddable":true,"href":"https:\/\/lycee-nisard.fr\/index.php?rest_route=\/wp\/v2\/media\/3985"}],"wp:attachment":[{"href":"https:\/\/lycee-nisard.fr\/index.php?rest_route=%2Fwp%2Fv2%2Fmedia&parent=2685"}],"curies":[{"name":"wp","href":"https:\/\/api.w.org\/{rel}","templated":true}]}}