{"id":2683,"date":"2018-02-01T15:51:00","date_gmt":"2018-02-01T14:51:00","guid":{"rendered":"http:\/\/lycee-nisard.fr\/?page_id=2683"},"modified":"2018-11-29T15:54:20","modified_gmt":"2018-11-29T14:54:20","slug":"la-mdl","status":"publish","type":"page","link":"https:\/\/lycee-nisard.fr\/?page_id=2683","title":{"rendered":"La MDL"},"content":{"rendered":"<p>La Maison Des Lyc\u00e9ens est une association type loi 1901, g\u00e9r\u00e9e par les lyc\u00e9ens.<\/p>\n<p>Elle dispose d&rsquo;un foyer \u00e9quip\u00e9 d&rsquo;un espace d\u00e9tente avec un baby-foot et d&rsquo;une chaine hifi, un espace de travail de groupe et un espace lecture.<\/p>\n<p><a href=\"http:\/\/lycee-nisard.fr\/wp-content\/uploads\/2018\/02\/KARATe.jpg\"><img loading=\"lazy\" decoding=\"async\" class=\"aligncenter wp-image-2721 size-medium\" src=\"http:\/\/lycee-nisard.fr\/wp-content\/uploads\/2018\/02\/KARATe-300x136.jpg\" alt=\"\" width=\"300\" height=\"136\" \/><\/a><a href=\"http:\/\/lycee-nisard.fr\/wp-content\/uploads\/2018\/02\/Gym.png\"><img loading=\"lazy\" decoding=\"async\" class=\"alignleft wp-image-2719 size-medium\" src=\"http:\/\/lycee-nisard.fr\/wp-content\/uploads\/2018\/02\/Gym-205x300.png\" alt=\"\" width=\"205\" height=\"300\" \/><\/a><a href=\"http:\/\/lycee-nisard.fr\/wp-content\/uploads\/2018\/02\/Gym2.jpg\"><img loading=\"lazy\" decoding=\"async\" class=\"wp-image-2720 size-medium alignnone\" src=\"http:\/\/lycee-nisard.fr\/wp-content\/uploads\/2018\/02\/Gym2-229x300.jpg\" alt=\"\" width=\"229\" height=\"300\" \/><\/a><\/p>\n<p>&nbsp;<\/p>\n<p>La MDL participe au financement d&rsquo;activit\u00e9s parmi lesquelles :<\/p>\n<ul>\n<li>f\u00eate des internes,<\/li>\n<li>sorties cin\u00e9ma, th\u00e9\u00e2tre,<\/li>\n<li>participation financi\u00e8re pour des sorties p\u00e9dagogiques,<\/li>\n<li>achat de mat\u00e9riel pour les activit\u00e9s du mercredi apr\u00e8s-midi,<\/li>\n<li>achat de livres pour les boites \u00e0 livres,<\/li>\n<li>abonnements \u00e0 des titres de presse (Bien Public et Ch\u00e2tillonnais)<\/li>\n<li>gestion des photos de classe,<\/li>\n<li>participation au concert de fin d&rsquo;ann\u00e9e,<\/li>\n<li>participation financi\u00e8re pour la r\u00e9cr\u00e9ation de No\u00ebl,<\/li>\n<li>cr\u00e9ation de clubs \u00e0 la demande des \u00e9l\u00e8ves.<\/li>\n<\/ul>\n<p><a href=\"http:\/\/lycee-nisard.fr\/wp-content\/uploads\/2018\/02\/Chants.jpg\"><img loading=\"lazy\" decoding=\"async\" class=\"aligncenter size-medium wp-image-2717\" src=\"http:\/\/lycee-nisard.fr\/wp-content\/uploads\/2018\/02\/Chants-300x187.jpg\" alt=\"\" width=\"300\" height=\"187\" \/><\/a><\/p>\n<p>Il est possible de cr\u00e9er d&rsquo;autres clubs et de proposer des activit\u00e9s nouvelles (sport, sorties, activit\u00e9s manuelles, etc&#8230;)<\/p>\n<p>Pour pouvoir acc\u00e9der \u00e0 toutes ces activit\u00e9s, la cotisation \u00e0 l&rsquo;association s&rsquo;\u00e9l\u00e8ve \u00e0 6 euros par \u00e9l\u00e8ve.<\/p>\n","protected":false},"excerpt":{"rendered":"<p>La Maison Des Lyc\u00e9ens est une association type loi 1901, g\u00e9r\u00e9e par les lyc\u00e9ens. Elle dispose d&rsquo;un foyer \u00e9quip\u00e9 d&rsquo;un espace d\u00e9tente avec un baby-foot et d&rsquo;une chaine hifi, un espace de travail de groupe et un espace lecture. &nbsp; La MDL participe au financement d&rsquo;activit\u00e9s parmi lesquelles : f\u00eate des internes, sorties cin\u00e9ma, th\u00e9\u00e2tre, &hellip; <a href=\"https:\/\/lycee-nisard.fr\/?page_id=2683\" class=\"more-link\">Continuer la lecture de <span class=\"screen-reader-text\">La MDL<\/span>  <span class=\"meta-nav\">&rarr;<\/span><\/a><\/p>\n","protected":false},"author":1,"featured_media":0,"parent":9,"menu_order":3,"comment_status":"closed","ping_status":"closed","template":"","meta":{"saved_in_kubio":false,"footnotes":""},"class_list":["post-2683","page","type-page","status-publish","hentry"],"kubio_ai_page_context":{"short_desc":"","purpose":"general"},"_links":{"self":[{"href":"https:\/\/lycee-nisard.fr\/index.php?rest_route=\/wp\/v2\/pages\/2683","targetHints":{"allow":["GET"]}}],"collection":[{"href":"https:\/\/lycee-nisard.fr\/index.php?rest_route=\/wp\/v2\/pages"}],"about":[{"href":"https:\/\/lycee-nisard.fr\/index.php?rest_route=\/wp\/v2\/types\/page"}],"author":[{"embeddable":true,"href":"https:\/\/lycee-nisard.fr\/index.php?rest_route=\/wp\/v2\/users\/1"}],"replies":[{"embeddable":true,"href":"https:\/\/lycee-nisard.fr\/index.php?rest_route=%2Fwp%2Fv2%2Fcomments&post=2683"}],"version-history":[{"count":3,"href":"https:\/\/lycee-nisard.fr\/index.php?rest_route=\/wp\/v2\/pages\/2683\/revisions"}],"predecessor-version":[{"id":2722,"href":"https:\/\/lycee-nisard.fr\/index.php?rest_route=\/wp\/v2\/pages\/2683\/revisions\/2722"}],"up":[{"embeddable":true,"href":"https:\/\/lycee-nisard.fr\/index.php?rest_route=\/wp\/v2\/pages\/9"}],"wp:attachment":[{"href":"https:\/\/lycee-nisard.fr\/index.php?rest_route=%2Fwp%2Fv2%2Fmedia&parent=2683"}],"curies":[{"name":"wp","href":"https:\/\/api.w.org\/{rel}","templated":true}]}}