{"id":2672,"date":"2018-02-01T10:42:26","date_gmt":"2018-02-01T09:42:26","guid":{"rendered":"http:\/\/lycee-nisard.fr\/?page_id=2672"},"modified":"2026-03-17T17:43:48","modified_gmt":"2026-03-17T16:43:48","slug":"cdi","status":"publish","type":"page","link":"https:\/\/lycee-nisard.fr\/?page_id=2672","title":{"rendered":"CDI"},"content":{"rendered":"\n<p><strong>Espace partag\u00e9 o\u00f9 la r\u00e8gle est le respect des autres et du lieu,<\/strong><br><strong>le CDI est ouvert \u00e0 tous.<\/strong><\/p>\n\n\n\n<p><strong>Pour se former<\/strong>, devenir des citoyens actifs, \u00e9clair\u00e9s et responsables,<br><strong>Pour s\u2019informer<\/strong>&nbsp;sur les actualit\u00e9s culturelles locales, sur les actualit\u00e9s r\u00e9gionales et nationales, sur les formations et les m\u00e9tiers,<br><strong>Pour participer<\/strong>&nbsp;\u00e0 des actions autour de la lecture, de l\u2019\u00e9criture, de l\u2019exercice de la citoyennet\u00e9,<br><strong>Pour se d\u00e9tendre<\/strong>&nbsp;en se plongeant dans un bon livre de fiction\u2026<\/p>\n\n\n\n<p><\/p>\n\n\n\n<figure class=\"wp-block-image size-full\"><a href=\"https:\/\/lycee-nisard.fr\/wp-content\/uploads\/2026\/03\/20210114_CDITravailVueCours-1024x632-1.jpg\"><img loading=\"lazy\" decoding=\"async\" width=\"1024\" height=\"632\" src=\"https:\/\/lycee-nisard.fr\/wp-content\/uploads\/2026\/03\/20210114_CDITravailVueCours-1024x632-1.jpg\" alt=\"\" class=\"wp-image-7158\" srcset=\"https:\/\/lycee-nisard.fr\/wp-content\/uploads\/2026\/03\/20210114_CDITravailVueCours-1024x632-1.jpg 1024w, https:\/\/lycee-nisard.fr\/wp-content\/uploads\/2026\/03\/20210114_CDITravailVueCours-1024x632-1-300x185.jpg 300w, https:\/\/lycee-nisard.fr\/wp-content\/uploads\/2026\/03\/20210114_CDITravailVueCours-1024x632-1-768x474.jpg 768w\" sizes=\"(max-width: 1024px) 100vw, 1024px\" \/><\/a><\/figure>\n\n\n\n<figure class=\"wp-block-image size-full\"><a href=\"https:\/\/lycee-nisard.fr\/wp-content\/uploads\/2026\/03\/20210114_CDI_Nouveautes-e1610707852364-576x1024-1.jpg\"><img loading=\"lazy\" decoding=\"async\" width=\"576\" height=\"1024\" src=\"https:\/\/lycee-nisard.fr\/wp-content\/uploads\/2026\/03\/20210114_CDI_Nouveautes-e1610707852364-576x1024-1.jpg\" alt=\"\" class=\"wp-image-7157\" srcset=\"https:\/\/lycee-nisard.fr\/wp-content\/uploads\/2026\/03\/20210114_CDI_Nouveautes-e1610707852364-576x1024-1.jpg 576w, https:\/\/lycee-nisard.fr\/wp-content\/uploads\/2026\/03\/20210114_CDI_Nouveautes-e1610707852364-576x1024-1-169x300.jpg 169w\" sizes=\"(max-width: 576px) 100vw, 576px\" \/><\/a><\/figure>\n\n\n\n<figure class=\"wp-block-image size-full\"><a href=\"https:\/\/lycee-nisard.fr\/wp-content\/uploads\/2026\/03\/20210114_CDI_Onisep-1024x576-1.jpg\"><img loading=\"lazy\" decoding=\"async\" width=\"1024\" height=\"576\" src=\"https:\/\/lycee-nisard.fr\/wp-content\/uploads\/2026\/03\/20210114_CDI_Onisep-1024x576-1.jpg\" alt=\"\" class=\"wp-image-7159\" srcset=\"https:\/\/lycee-nisard.fr\/wp-content\/uploads\/2026\/03\/20210114_CDI_Onisep-1024x576-1.jpg 1024w, https:\/\/lycee-nisard.fr\/wp-content\/uploads\/2026\/03\/20210114_CDI_Onisep-1024x576-1-300x169.jpg 300w, https:\/\/lycee-nisard.fr\/wp-content\/uploads\/2026\/03\/20210114_CDI_Onisep-1024x576-1-768x432.jpg 768w\" sizes=\"(max-width: 1024px) 100vw, 1024px\" \/><\/a><\/figure>\n\n\n\n<figure class=\"wp-block-image size-full\"><a href=\"https:\/\/lycee-nisard.fr\/wp-content\/uploads\/2026\/03\/20210114_CDI_Ordi-1024x576-1.jpg\"><img loading=\"lazy\" decoding=\"async\" width=\"1024\" height=\"576\" src=\"https:\/\/lycee-nisard.fr\/wp-content\/uploads\/2026\/03\/20210114_CDI_Ordi-1024x576-1.jpg\" alt=\"\" class=\"wp-image-7160\" srcset=\"https:\/\/lycee-nisard.fr\/wp-content\/uploads\/2026\/03\/20210114_CDI_Ordi-1024x576-1.jpg 1024w, https:\/\/lycee-nisard.fr\/wp-content\/uploads\/2026\/03\/20210114_CDI_Ordi-1024x576-1-300x169.jpg 300w, https:\/\/lycee-nisard.fr\/wp-content\/uploads\/2026\/03\/20210114_CDI_Ordi-1024x576-1-768x432.jpg 768w\" sizes=\"(max-width: 1024px) 100vw, 1024px\" \/><\/a><\/figure>\n\n\n\n<figure class=\"wp-block-image size-full\"><a href=\"https:\/\/lycee-nisard.fr\/wp-content\/uploads\/2026\/03\/20210114_CDI_Travail-1024x576-1.jpg\"><img loading=\"lazy\" decoding=\"async\" width=\"1024\" height=\"576\" src=\"https:\/\/lycee-nisard.fr\/wp-content\/uploads\/2026\/03\/20210114_CDI_Travail-1024x576-1.jpg\" alt=\"\" class=\"wp-image-7161\" srcset=\"https:\/\/lycee-nisard.fr\/wp-content\/uploads\/2026\/03\/20210114_CDI_Travail-1024x576-1.jpg 1024w, https:\/\/lycee-nisard.fr\/wp-content\/uploads\/2026\/03\/20210114_CDI_Travail-1024x576-1-300x169.jpg 300w, https:\/\/lycee-nisard.fr\/wp-content\/uploads\/2026\/03\/20210114_CDI_Travail-1024x576-1-768x432.jpg 768w\" sizes=\"(max-width: 1024px) 100vw, 1024px\" \/><\/a><\/figure>\n\n\n\n<figure class=\"wp-block-image size-large\"><a href=\"https:\/\/lycee-nisard.fr\/wp-content\/uploads\/2026\/03\/bAn20sHwx0VL1U3LgNfNiRhkFZ4.jpg\"><img loading=\"lazy\" decoding=\"async\" width=\"1024\" height=\"768\" src=\"https:\/\/lycee-nisard.fr\/wp-content\/uploads\/2026\/03\/bAn20sHwx0VL1U3LgNfNiRhkFZ4-1024x768.jpg\" alt=\"\" class=\"wp-image-7162\" srcset=\"https:\/\/lycee-nisard.fr\/wp-content\/uploads\/2026\/03\/bAn20sHwx0VL1U3LgNfNiRhkFZ4-1024x768.jpg 1024w, https:\/\/lycee-nisard.fr\/wp-content\/uploads\/2026\/03\/bAn20sHwx0VL1U3LgNfNiRhkFZ4-300x225.jpg 300w, https:\/\/lycee-nisard.fr\/wp-content\/uploads\/2026\/03\/bAn20sHwx0VL1U3LgNfNiRhkFZ4-768x576.jpg 768w, https:\/\/lycee-nisard.fr\/wp-content\/uploads\/2026\/03\/bAn20sHwx0VL1U3LgNfNiRhkFZ4-1440x1080.jpg 1440w, https:\/\/lycee-nisard.fr\/wp-content\/uploads\/2026\/03\/bAn20sHwx0VL1U3LgNfNiRhkFZ4.jpg 1500w\" sizes=\"(max-width: 1024px) 100vw, 1024px\" \/><\/a><\/figure>\n\n\n\n<p><a href=\"https:\/\/0210013a.esidoc.fr\">https:\/\/0210013a.esidoc.fr<\/a><\/p>\n\n\n\n<figure class=\"wp-block-image size-full is-resized\"><a href=\"https:\/\/lycee-nisard.fr\/wp-content\/uploads\/2026\/03\/283d6de8964d5249104b22455b8f6b0c-1.png\"><img loading=\"lazy\" decoding=\"async\" width=\"189\" height=\"174\" src=\"https:\/\/lycee-nisard.fr\/wp-content\/uploads\/2026\/03\/283d6de8964d5249104b22455b8f6b0c-1.png\" alt=\"\" class=\"wp-image-7165\" style=\"aspect-ratio:1.0862248376332124;width:176px;height:auto\"\/><\/a><\/figure>\n\n\n","protected":false},"excerpt":{"rendered":"<p>Espace partag\u00e9 o\u00f9 la r\u00e8gle est le respect des autres et du lieu,le CDI est ouvert \u00e0 tous. Pour se former, devenir des citoyens actifs, \u00e9clair\u00e9s et responsables,Pour s\u2019informer&nbsp;sur les actualit\u00e9s culturelles locales, sur les actualit\u00e9s r\u00e9gionales et nationales, sur les formations et les m\u00e9tiers,Pour participer&nbsp;\u00e0 des actions autour de la lecture, de l\u2019\u00e9criture, de &hellip; <a href=\"https:\/\/lycee-nisard.fr\/?page_id=2672\" class=\"more-link\">Continuer la lecture de <span class=\"screen-reader-text\">CDI<\/span>  <span class=\"meta-nav\">&rarr;<\/span><\/a><\/p>\n","protected":false},"author":1,"featured_media":2614,"parent":9,"menu_order":0,"comment_status":"closed","ping_status":"closed","template":"","meta":{"saved_in_kubio":true,"footnotes":""},"class_list":["post-2672","page","type-page","status-publish","has-post-thumbnail","hentry"],"kubio_ai_page_context":{"short_desc":"","purpose":"general"},"_links":{"self":[{"href":"https:\/\/lycee-nisard.fr\/index.php?rest_route=\/wp\/v2\/pages\/2672","targetHints":{"allow":["GET"]}}],"collection":[{"href":"https:\/\/lycee-nisard.fr\/index.php?rest_route=\/wp\/v2\/pages"}],"about":[{"href":"https:\/\/lycee-nisard.fr\/index.php?rest_route=\/wp\/v2\/types\/page"}],"author":[{"embeddable":true,"href":"https:\/\/lycee-nisard.fr\/index.php?rest_route=\/wp\/v2\/users\/1"}],"replies":[{"embeddable":true,"href":"https:\/\/lycee-nisard.fr\/index.php?rest_route=%2Fwp%2Fv2%2Fcomments&post=2672"}],"version-history":[{"count":8,"href":"https:\/\/lycee-nisard.fr\/index.php?rest_route=\/wp\/v2\/pages\/2672\/revisions"}],"predecessor-version":[{"id":7166,"href":"https:\/\/lycee-nisard.fr\/index.php?rest_route=\/wp\/v2\/pages\/2672\/revisions\/7166"}],"up":[{"embeddable":true,"href":"https:\/\/lycee-nisard.fr\/index.php?rest_route=\/wp\/v2\/pages\/9"}],"wp:featuredmedia":[{"embeddable":true,"href":"https:\/\/lycee-nisard.fr\/index.php?rest_route=\/wp\/v2\/media\/2614"}],"wp:attachment":[{"href":"https:\/\/lycee-nisard.fr\/index.php?rest_route=%2Fwp%2Fv2%2Fmedia&parent=2672"}],"curies":[{"name":"wp","href":"https:\/\/api.w.org\/{rel}","templated":true}]}}