{"id":2653,"date":"2018-01-31T10:38:01","date_gmt":"2018-01-31T09:38:01","guid":{"rendered":"http:\/\/lycee-nisard.fr\/?page_id=2653"},"modified":"2026-03-12T12:16:08","modified_gmt":"2026-03-12T11:16:08","slug":"eps","status":"publish","type":"page","link":"https:\/\/lycee-nisard.fr\/?page_id=2653","title":{"rendered":"Option facultative EPS VTT \/ Duathlon \/ Laser run \/ Trail \/ Course d\u2019Orientation"},"content":{"rendered":"\n<figure class=\"wp-block-image size-large\"><a href=\"http:\/\/lycee-nisard.fr\/wp-content\/uploads\/2026\/03\/AD29B68E-EC99-46EE-B297-CA497A8FD49B.jpg\"><img loading=\"lazy\" decoding=\"async\" width=\"1024\" height=\"683\" src=\"http:\/\/lycee-nisard.fr\/wp-content\/uploads\/2026\/03\/AD29B68E-EC99-46EE-B297-CA497A8FD49B-1024x683.jpg\" alt=\"\" class=\"wp-image-7101\" srcset=\"https:\/\/lycee-nisard.fr\/wp-content\/uploads\/2026\/03\/AD29B68E-EC99-46EE-B297-CA497A8FD49B-1024x683.jpg 1024w, https:\/\/lycee-nisard.fr\/wp-content\/uploads\/2026\/03\/AD29B68E-EC99-46EE-B297-CA497A8FD49B-300x200.jpg 300w, https:\/\/lycee-nisard.fr\/wp-content\/uploads\/2026\/03\/AD29B68E-EC99-46EE-B297-CA497A8FD49B-768x512.jpg 768w, https:\/\/lycee-nisard.fr\/wp-content\/uploads\/2026\/03\/AD29B68E-EC99-46EE-B297-CA497A8FD49B.jpg 1440w\" sizes=\"(max-width: 1024px) 100vw, 1024px\" \/><\/a><\/figure>\n\n\n\n<p><\/p>\n\n\n\n\n\n\n\n\n\n\n\n\n<div class=\"wp-block-image\">\n<figure class=\"aligncenter size-large is-resized\"><a href=\"http:\/\/lycee-nisard.fr\/wp-content\/uploads\/2026\/03\/FC5CB477-E844-40C1-AAC8-DA2FAEF2D1AF.jpg\"><img loading=\"lazy\" decoding=\"async\" width=\"819\" height=\"1024\" src=\"http:\/\/lycee-nisard.fr\/wp-content\/uploads\/2026\/03\/FC5CB477-E844-40C1-AAC8-DA2FAEF2D1AF-819x1024.jpg\" alt=\"\" class=\"wp-image-7100\" style=\"aspect-ratio:0.7998101716364787;width:217px;height:auto\" srcset=\"https:\/\/lycee-nisard.fr\/wp-content\/uploads\/2026\/03\/FC5CB477-E844-40C1-AAC8-DA2FAEF2D1AF-819x1024.jpg 819w, https:\/\/lycee-nisard.fr\/wp-content\/uploads\/2026\/03\/FC5CB477-E844-40C1-AAC8-DA2FAEF2D1AF-240x300.jpg 240w, https:\/\/lycee-nisard.fr\/wp-content\/uploads\/2026\/03\/FC5CB477-E844-40C1-AAC8-DA2FAEF2D1AF-768x960.jpg 768w, https:\/\/lycee-nisard.fr\/wp-content\/uploads\/2026\/03\/FC5CB477-E844-40C1-AAC8-DA2FAEF2D1AF-1229x1536.jpg 1229w, https:\/\/lycee-nisard.fr\/wp-content\/uploads\/2026\/03\/FC5CB477-E844-40C1-AAC8-DA2FAEF2D1AF-864x1080.jpg 864w, https:\/\/lycee-nisard.fr\/wp-content\/uploads\/2026\/03\/FC5CB477-E844-40C1-AAC8-DA2FAEF2D1AF.jpg 1440w\" sizes=\"(max-width: 819px) 100vw, 819px\" \/><\/a><\/figure>\n<\/div>\n\n\n<p><\/p>\n\n\n\n\n\n\n<div class=\"wp-block-image\">\n<figure class=\"aligncenter size-large is-resized\"><a href=\"http:\/\/lycee-nisard.fr\/wp-content\/uploads\/2026\/03\/D3949695-878A-477A-874D-1A8658F53E55.jpg\"><img loading=\"lazy\" decoding=\"async\" width=\"1024\" height=\"768\" src=\"http:\/\/lycee-nisard.fr\/wp-content\/uploads\/2026\/03\/D3949695-878A-477A-874D-1A8658F53E55-1024x768.jpg\" alt=\"\" class=\"wp-image-7109\" style=\"width:281px;height:auto\" srcset=\"https:\/\/lycee-nisard.fr\/wp-content\/uploads\/2026\/03\/D3949695-878A-477A-874D-1A8658F53E55-1024x768.jpg 1024w, https:\/\/lycee-nisard.fr\/wp-content\/uploads\/2026\/03\/D3949695-878A-477A-874D-1A8658F53E55-300x225.jpg 300w, https:\/\/lycee-nisard.fr\/wp-content\/uploads\/2026\/03\/D3949695-878A-477A-874D-1A8658F53E55-768x576.jpg 768w, https:\/\/lycee-nisard.fr\/wp-content\/uploads\/2026\/03\/D3949695-878A-477A-874D-1A8658F53E55.jpg 1440w\" sizes=\"(max-width: 1024px) 100vw, 1024px\" \/><\/a><\/figure>\n<\/div>\n\n\n<p><\/p>\n\n\n\n\n\n<p>L\u2019option EPS propose un <strong>planning d\u2019entra\u00eenement organis\u00e9 en mini-cycles de 2 \u00e0 3 s\u00e9ances<\/strong>, visant \u00e0 :<\/p>\n\n\n\n<ul class=\"wp-block-list\">\n<li><strong>Am\u00e9liorer ses qualit\u00e9s physiques, mentales et cognitives<\/strong>, ainsi que son niveau dans les activit\u00e9s sportives enseign\u00e9es (APSA).<\/li>\n\n\n\n<li><strong>D\u00e9velopper sa culture physique et sportive<\/strong>.<\/li>\n\n\n\n<li><strong>Favoriser le d\u00e9veloppement personnel<\/strong> gr\u00e2ce \u00e0 l\u2019acquisition de connaissances, d\u2019attitudes et de m\u00e9thodes permettant de concilier <strong>travail scolaire et pratiques sportives<\/strong>.<\/li>\n\n\n\n<li><strong>Stimuler la r\u00e9flexion<\/strong> \u00e0 travers des th\u00e8mes d\u00e9finis, la conduite de projets et la r\u00e9alisation d\u2019\u00e9tudes.<\/li>\n\n\n\n<li><strong>Obtenir des points suppl\u00e9mentaires pour le baccalaur\u00e9at<\/strong>.<\/li>\n\n\n\n<li><strong>Acqu\u00e9rir des principes d\u2019entra\u00eenement et de gestion de sa vie physique<\/strong>, pour acc\u00e9der \u00e0 une <strong>autonomie r\u00e9elle<\/strong> dans sa pratique.<\/li>\n\n\n\n<li><strong>Repr\u00e9senter le lyc\u00e9e lors des rencontres UNSS<\/strong> et participer activement \u00e0 la vie de l\u2019association sportive.<\/li>\n<\/ul>\n\n\n\n<p><\/p>\n\n\n\n<figure class=\"wp-block-image size-full\"><a href=\"http:\/\/lycee-nisard.fr\/wp-content\/uploads\/2026\/03\/Groupe-e1670412652937-672x372-1.jpg\"><img loading=\"lazy\" decoding=\"async\" width=\"672\" height=\"372\" src=\"http:\/\/lycee-nisard.fr\/wp-content\/uploads\/2026\/03\/Groupe-e1670412652937-672x372-1.jpg\" alt=\"\" class=\"wp-image-7103\" srcset=\"https:\/\/lycee-nisard.fr\/wp-content\/uploads\/2026\/03\/Groupe-e1670412652937-672x372-1.jpg 672w, https:\/\/lycee-nisard.fr\/wp-content\/uploads\/2026\/03\/Groupe-e1670412652937-672x372-1-300x166.jpg 300w\" sizes=\"(max-width: 672px) 100vw, 672px\" \/><\/a><\/figure>\n\n\n\n<p class=\"has-black-color has-text-color has-link-color has-small-font-size wp-elements-7cdc7b37cc80b1fe66ece03c5e1a7e95\"><strong>MODALIT\u00c9S D&rsquo;INSCRIPTION<\/strong><\/p>\n\n\n\n<p><\/p>\n\n\n\n<p>L\u2019acc\u00e8s \u00e0 l\u2019<strong>option EPS<\/strong> est <strong>limit\u00e9 \u00e0 25 \u00e9l\u00e8ves<\/strong> au moment du recrutement. Elle s\u2019adresse \u00e0 <strong>tous les \u00e9l\u00e8ves de 3\u1d49 entrant au lyc\u00e9e<\/strong>.<\/p>\n\n\n\n<p>La s\u00e9lection se fait sur plusieurs crit\u00e8res :<\/p>\n\n\n\n<ul class=\"wp-block-list\">\n<li><strong>La moyenne en EPS de troisi\u00e8me<\/strong> (conseil : au moins 15\/20)<\/li>\n\n\n\n<li><strong>L\u2019appr\u00e9ciation du professeur d\u2019EPS<\/strong> inscrite sur la fiche de candidature<\/li>\n\n\n\n<li><strong>Les appr\u00e9ciations g\u00e9n\u00e9rales des bulletins de notes de troisi\u00e8me<\/strong><\/li>\n<\/ul>\n\n\n\n<p>Les <strong>d\u00e9missions<\/strong> seront <strong>exceptionnelles<\/strong> et devront \u00eatre <strong>motiv\u00e9e par lettre<\/strong>. Des <strong>exclusions temporaires ou d\u00e9finitives<\/strong> pourront \u00e9galement \u00eatre d\u00e9cid\u00e9es par les professeurs responsables en cas de <strong>manquements r\u00e9p\u00e9t\u00e9s aux engagements de l\u2019\u00e9l\u00e8ve<\/strong>.<\/p>\n\n\n\n<p>Nous recherchons des \u00e9l\u00e8ves <strong>motiv\u00e9s<\/strong>, <strong>ouverts et curieux<\/strong> par rapport aux activit\u00e9s et aux apports th\u00e9oriques, et pr\u00eats \u00e0 <strong>s\u2019investir dans l\u2019UNSS<\/strong>.<\/p>\n\n\n\n<hr class=\"wp-block-separator has-alpha-channel-opacity\"\/>\n\n\n\n<p>\u25ba La <strong>fiche de pr\u00e9inscription<\/strong> est \u00e0 demander au <strong>secr\u00e9tariat du Lyc\u00e9e D\u00e9sir\u00e9 Nisard<\/strong> par mail : <code>0210013a@ac-dijon.fr<\/code>.<br>Elle doit \u00eatre <strong>d\u00e9pos\u00e9e ou envoy\u00e9e<\/strong> (postale ou mail) au secr\u00e9tariat <strong>avant le 20 juin 2026<\/strong>.<\/p>\n\n\n\n<p><\/p>\n\n\n<div class=\"wp-block-image\">\n<figure class=\"aligncenter size-large is-resized\"><a href=\"http:\/\/lycee-nisard.fr\/wp-content\/uploads\/2026\/03\/image00029-scaled.jpeg\"><img loading=\"lazy\" decoding=\"async\" width=\"1008\" height=\"1344\" src=\"http:\/\/lycee-nisard.fr\/wp-content\/uploads\/2026\/03\/image00029-edited.jpeg\" alt=\"\" class=\"wp-image-7105\" style=\"aspect-ratio:0.7500195970839539;width:182px;height:auto\" srcset=\"https:\/\/lycee-nisard.fr\/wp-content\/uploads\/2026\/03\/image00029-edited.jpeg 1008w, https:\/\/lycee-nisard.fr\/wp-content\/uploads\/2026\/03\/image00029-edited-225x300.jpeg 225w, https:\/\/lycee-nisard.fr\/wp-content\/uploads\/2026\/03\/image00029-edited-768x1024.jpeg 768w, https:\/\/lycee-nisard.fr\/wp-content\/uploads\/2026\/03\/image00029-edited-810x1080.jpeg 810w\" sizes=\"(max-width: 1008px) 100vw, 1008px\" \/><\/a><\/figure>\n<\/div>\n\n\n<p><\/p>\n\n\n\n<p><strong>RECRUTEMENT<\/strong><\/p>\n\n\n\n<p><\/p>\n\n\n\n<p>\u25ba La <strong>fiche de pr\u00e9inscription<\/strong> est \u00e0 retirer au <strong>secr\u00e9tariat du Lyc\u00e9e D\u00e9sir\u00e9 Nisard<\/strong> ou aupr\u00e8s de votre \u00e9tablissement.<br><strong>Date limite de d\u00e9p\u00f4t : 20 juin 2026.<\/strong><\/p>\n\n\n\n<p>\u25ba <strong>RAPPEL :<\/strong> l\u2019inscription en option EPS est <strong>ind\u00e9pendante du mouvement d\u2019affectation des \u00e9l\u00e8ves<\/strong> et se fait <strong>lors de l\u2019inscription dans les \u00e9tablissements<\/strong>.<\/p>\n\n\n\n<p>La demande d\u2019inscription en option EPS comprend :<\/p>\n\n\n\n<ul class=\"wp-block-list\">\n<li>La <strong>fiche de candidature<\/strong>, \u00e0 <strong>remplir et retourner au lyc\u00e9e<\/strong> au plus tard le <strong>20 juin 2026<\/strong>.<\/li>\n<\/ul>\n\n\n\n<p>Les familles seront <strong>inform\u00e9es par mail<\/strong> en cas de candidature non retenue.<\/p>\n\n\n\n<p><\/p>\n\n\n\n<p><em>CLIQUER CI-DESSOUS POUR T\u00c9L\u00c9CHARGER LA BROCHURE DE L&rsquo;OPTION EPS. <img decoding=\"async\" draggable=\"false\" role=\"img\" class=\"emoji\" src=\"https:\/\/s.w.org\/images\/core\/emoji\/17.0.2\/svg\/2b07.svg\" alt=\"&#x2b07;&#xfe0f;\"><\/em><\/p>\n\n\n\n<div class=\"wp-block-file\" style=\"padding-right:var(--wp--preset--spacing--80);padding-left:var(--wp--preset--spacing--80)\"><a id=\"wp-block-file--media-d4bb7ca0-7647-4040-b08f-976ab4cde827\" href=\"http:\/\/lycee-nisard.fr\/wp-content\/uploads\/2026\/03\/OPTIONEPS-1.pdf\">OPTIONEPS<\/a><a href=\"http:\/\/lycee-nisard.fr\/wp-content\/uploads\/2026\/03\/OPTIONEPS-1.pdf\" class=\"wp-block-file__button wp-element-button\" download aria-describedby=\"wp-block-file--media-d4bb7ca0-7647-4040-b08f-976ab4cde827\">T\u00e9l\u00e9charger<\/a><\/div>\n\n\n\n<p><\/p>\n\n\n\n<figure class=\"wp-block-image size-large\"><a href=\"http:\/\/lycee-nisard.fr\/wp-content\/uploads\/2026\/03\/439C39D6-32E7-45A3-9E2C-D323BD062EFF-1.png\"><img loading=\"lazy\" decoding=\"async\" width=\"1024\" height=\"724\" src=\"http:\/\/lycee-nisard.fr\/wp-content\/uploads\/2026\/03\/439C39D6-32E7-45A3-9E2C-D323BD062EFF-1-1024x724.png\" alt=\"\" class=\"wp-image-7099\" srcset=\"https:\/\/lycee-nisard.fr\/wp-content\/uploads\/2026\/03\/439C39D6-32E7-45A3-9E2C-D323BD062EFF-1-1024x724.png 1024w, https:\/\/lycee-nisard.fr\/wp-content\/uploads\/2026\/03\/439C39D6-32E7-45A3-9E2C-D323BD062EFF-1-300x212.png 300w, https:\/\/lycee-nisard.fr\/wp-content\/uploads\/2026\/03\/439C39D6-32E7-45A3-9E2C-D323BD062EFF-1-768x543.png 768w, https:\/\/lycee-nisard.fr\/wp-content\/uploads\/2026\/03\/439C39D6-32E7-45A3-9E2C-D323BD062EFF-1.png 1336w\" sizes=\"(max-width: 1024px) 100vw, 1024px\" \/><\/a><\/figure>\n\n\n\n<figure class=\"wp-block-image size-large\"><a href=\"http:\/\/lycee-nisard.fr\/wp-content\/uploads\/2026\/03\/15A727EF-972C-4B65-8549-C817F75DE500-1.png\"><img loading=\"lazy\" decoding=\"async\" width=\"1024\" height=\"723\" src=\"http:\/\/lycee-nisard.fr\/wp-content\/uploads\/2026\/03\/15A727EF-972C-4B65-8549-C817F75DE500-1-1024x723.png\" alt=\"\" class=\"wp-image-7098\" srcset=\"https:\/\/lycee-nisard.fr\/wp-content\/uploads\/2026\/03\/15A727EF-972C-4B65-8549-C817F75DE500-1-1024x723.png 1024w, https:\/\/lycee-nisard.fr\/wp-content\/uploads\/2026\/03\/15A727EF-972C-4B65-8549-C817F75DE500-1-300x212.png 300w, https:\/\/lycee-nisard.fr\/wp-content\/uploads\/2026\/03\/15A727EF-972C-4B65-8549-C817F75DE500-1-768x542.png 768w, https:\/\/lycee-nisard.fr\/wp-content\/uploads\/2026\/03\/15A727EF-972C-4B65-8549-C817F75DE500-1.png 1336w\" sizes=\"(max-width: 1024px) 100vw, 1024px\" \/><\/a><\/figure>\n\n\n\n<div class=\"wp-block-columns is-layout-flex wp-container-core-columns-is-layout-9d6595d7 wp-block-columns-is-layout-flex\">\n<div class=\"wp-block-column is-layout-flow wp-block-column-is-layout-flow\" style=\"flex-basis:100%\"><\/div>\n<\/div>\n\n\n\n<div data-wp-interactive=\"core\/file\" class=\"wp-block-file\"><object data-wp-bind--hidden=\"!state.hasPdfPreview\" hidden class=\"wp-block-file__embed\" data=\"http:\/\/lycee-nisard.fr\/wp-content\/uploads\/2025\/01\/Fiche-candidature-Option-Facultative-EPS-2025.pdf\" type=\"application\/pdf\" style=\"width:100%;height:600px\" aria-label=\"Contenu embarqu\u00e9 Fiche candidature Option Facultative EPS 2025.\"><\/object><a id=\"wp-block-file--media-7c14ca16-0abc-4641-8ae3-b9d4f59440a6\" href=\"http:\/\/lycee-nisard.fr\/wp-content\/uploads\/2025\/01\/Fiche-candidature-Option-Facultative-EPS-2025.pdf\">Fiche candidature Option Facultative EPS 2025<\/a><a href=\"http:\/\/lycee-nisard.fr\/wp-content\/uploads\/2025\/01\/Fiche-candidature-Option-Facultative-EPS-2025.pdf\" class=\"wp-block-file__button wp-element-button\" download aria-describedby=\"wp-block-file--media-7c14ca16-0abc-4641-8ae3-b9d4f59440a6\">T\u00e9l\u00e9charger<\/a><\/div>\n","protected":false},"excerpt":{"rendered":"<p>L\u2019option EPS propose un planning d\u2019entra\u00eenement organis\u00e9 en mini-cycles de 2 \u00e0 3 s\u00e9ances, visant \u00e0 : MODALIT\u00c9S D&rsquo;INSCRIPTION L\u2019acc\u00e8s \u00e0 l\u2019option EPS est limit\u00e9 \u00e0 25 \u00e9l\u00e8ves au moment du recrutement. Elle s\u2019adresse \u00e0 tous les \u00e9l\u00e8ves de 3\u1d49 entrant au lyc\u00e9e. La s\u00e9lection se fait sur plusieurs crit\u00e8res : Les d\u00e9missions seront exceptionnelles &hellip; <a href=\"https:\/\/lycee-nisard.fr\/?page_id=2653\" class=\"more-link\">Continuer la lecture de <span class=\"screen-reader-text\">Option facultative EPS VTT \/ Duathlon \/ Laser run \/ Trail \/ Course d\u2019Orientation<\/span>  <span class=\"meta-nav\">&rarr;<\/span><\/a><\/p>\n","protected":false},"author":1,"featured_media":0,"parent":556,"menu_order":0,"comment_status":"closed","ping_status":"closed","template":"","meta":{"saved_in_kubio":true,"footnotes":""},"class_list":["post-2653","page","type-page","status-publish","hentry"],"kubio_ai_page_context":{"short_desc":"","purpose":"general"},"_links":{"self":[{"href":"https:\/\/lycee-nisard.fr\/index.php?rest_route=\/wp\/v2\/pages\/2653","targetHints":{"allow":["GET"]}}],"collection":[{"href":"https:\/\/lycee-nisard.fr\/index.php?rest_route=\/wp\/v2\/pages"}],"about":[{"href":"https:\/\/lycee-nisard.fr\/index.php?rest_route=\/wp\/v2\/types\/page"}],"author":[{"embeddable":true,"href":"https:\/\/lycee-nisard.fr\/index.php?rest_route=\/wp\/v2\/users\/1"}],"replies":[{"embeddable":true,"href":"https:\/\/lycee-nisard.fr\/index.php?rest_route=%2Fwp%2Fv2%2Fcomments&post=2653"}],"version-history":[{"count":19,"href":"https:\/\/lycee-nisard.fr\/index.php?rest_route=\/wp\/v2\/pages\/2653\/revisions"}],"predecessor-version":[{"id":7110,"href":"https:\/\/lycee-nisard.fr\/index.php?rest_route=\/wp\/v2\/pages\/2653\/revisions\/7110"}],"up":[{"embeddable":true,"href":"https:\/\/lycee-nisard.fr\/index.php?rest_route=\/wp\/v2\/pages\/556"}],"wp:attachment":[{"href":"https:\/\/lycee-nisard.fr\/index.php?rest_route=%2Fwp%2Fv2%2Fmedia&parent=2653"}],"curies":[{"name":"wp","href":"https:\/\/api.w.org\/{rel}","templated":true}]}}