{"id":231,"date":"2012-09-06T13:06:20","date_gmt":"2012-09-06T13:06:20","guid":{"rendered":"http:\/\/lycee-nisard.fr\/?page_id=231"},"modified":"2026-01-19T15:36:53","modified_gmt":"2026-01-19T14:36:53","slug":"restaurant-scolaire","status":"publish","type":"page","link":"https:\/\/lycee-nisard.fr\/?page_id=231","title":{"rendered":"Restaurant Scolaire et H\u00e9bergement"},"content":{"rendered":"<p style=\"text-align: center;\"><strong><u>PRIX DES REPAS<\/u><\/strong><\/p>\n<p><strong>\u00a0Lyc\u00e9ens&#8230;&#8230;&#8230;&#8230;&#8230;&#8230;&#8230;&#8230;&#8230;&#8230;&#8230;&#8230;&#8230;&#8230;&#8230;&#8230;. 4,85<\/strong><strong>\u00a0\u20ac<br \/>\u00a0Coll\u00e9giens&#8230;&#8230;&#8230;&#8230;&#8230;&#8230;&#8230;&#8230;&#8230;&#8230;&#8230;&#8230;&#8230;&#8230;&#8230; 3,70 \u20ac<\/strong><\/p>\n<p><strong>\u00a0<\/strong><strong>ATT\/AED&#8230;&#8230;&#8230;&#8230;&#8230;&#8230;&#8230;&#8230;&#8230;&#8230;&#8230;&#8230;&#8230;&#8230;&#8230;&#8230;&#8230; 4,40 \u20ac<\/strong><\/p>\n<p><strong>\u00a0<\/strong><strong>Personnels 1 (indice&lt;465)&#8230;&#8230;&#8230;&#8230;&#8230;&#8230;. 4,40 \u20ac<\/strong><\/p>\n<p><strong>\u00a0<\/strong><strong>Personnels 2 (indice&gt;465)&#8230;&#8230;&#8230;&#8230;&#8230;&#8230;. 5,90 \u20ac<\/strong><\/p>\n<p><strong>Personnes ext\u00e9rieures&#8230;&#8230;&#8230;&#8230;&#8230;&#8230;&#8230;&#8230;.. 7 \u20ac<br \/><\/strong><\/p>\n<p>&nbsp;<\/p>\n<p style=\"text-align: center;\"><strong><u>FORFAIT INTERNAT<\/u><\/strong><\/p>\n<p>\u00a0 \u00a0 \u00a0 \u00a0 \u00a0 \u00a0 \u00a0 \u00a0 \u00a0 \u00a0 \u00a0 \u00a0 \u00a0 \u00a0 \u00a0 \u00a0 \u00a0 \u00a0 \u00a0 \u00a0 \u00a0 \u00a0 \u00a0 \u00a0 \u00a0 \u00a0 \u00a0 \u00a0 \u00a0 \u00a0 \u00a0 \u00a0 \u00a0 \u00a0 \u00a0 \u00a0<em><strong>\u00a0 Ann\u00e9e 2026\u00a0 \u00a0 \u00a0 \u00a0 \u00a0 \u00a0 \u00a0 \u00a0 \u00a0 \u00a0 \u00a0<\/strong><\/em><\/p>\n<p><strong>Montant annuel&#8230;&#8230;&#8230;&#8230;&#8230;&#8230;&#8230;&#8230;&#8230;&#8230;&#8230;..1811,88 \u20ac<br \/><\/strong><strong><em>\u00a0 \u00a0 \u00a0Janvier-mars&#8230;&#8230;&#8230;&#8230;&#8230;&#8230;&#8230;&#8230;&#8230;&#8230;&#8230;&#8230;&#8230;..<\/em><\/strong>572,55 \u20ac<strong><br \/><em>\u00a0 \u00a0 \u00a0Avril-juillet&#8230;&#8230;&#8230;&#8230;&#8230;&#8230;&#8230;&#8230;&#8230;&#8230;&#8230;&#8230;&#8230;&#8230;&#8230;<\/em><\/strong>520,50 \u20ac<strong><em><br \/>\u00a0 \u00a0 \u00a0Septembre-D\u00e9cembre&#8230;&#8230;&#8230;&#8230;&#8230;&#8230;&#8230;&#8230;..<\/em><\/strong>718,83 \u20ac<strong><br \/><\/strong><\/p>\n<p style=\"text-align: center;\"><strong>Pour information<\/strong><\/p>\n<p><strong>Les tarifs concernant les \u00e9l\u00e8ves et personnels sont fix\u00e9s par le conseil d\u00e9partemental de la C\u00f4te d&rsquo;Or.<\/strong><\/p>\n\n\n<h2 class=\"wp-block-heading\"><strong>HORAIRES D\u2019OUVERTURE DU SELF<\/strong><\/h2>\n\n\n\n<p>lundi, mardi, jeudi et\nvendredi&nbsp;: 11h15 \u2013 13h15<\/p>\n\n\n\n<p>mercredi&nbsp;: 11h30 \u2013\n12h30<\/p>\n\n\n\n<hr class=\"wp-block-separator has-css-opacity\"\/>\n\n\n\n<h2 class=\"wp-block-heading\"><strong>HORAIRES DE PASSAGES<\/strong><\/h2>\n\n\n\n<p>Pour les lundi, mardi, jeudi\net vendredi<\/p>\n\n\n\n<figure class=\"wp-block-table\"><table><tbody><tr><td>\n  11h15\n  <\/td><td>\n  Lyc\u00e9ens\n  <\/td><\/tr><tr><td>\n  11h45\n  <\/td><td>\n  Coll\u00e9giens\n  \u2013 1<sup>er<\/sup> passage\n  <\/td><\/tr><tr><td>\n  12h00\n  <\/td><td>\n  Lyc\u00e9ens\n  <\/td><\/tr><tr><td>\n  12 h 30\n  <\/td><td>\n  Primaires\n  <\/td><\/tr><tr><td>\n  12h45\n  <\/td><td>\n  Coll\u00e9giens-\n  2 \u00e8me passage\n  <\/td><\/tr><tr><td>\n  13h00\n  <\/td><td>\n  Lyc\u00e9ens\n  <\/td><\/tr><\/tbody><\/table><\/figure>\n\n\n\n<p>Pas d\u2019horaire sp\u00e9cifique\npour le mercredi.<\/p>\n\n\n\n<p><\/p>\n","protected":false},"excerpt":{"rendered":"<p>PRIX DES REPAS \u00a0Lyc\u00e9ens&#8230;&#8230;&#8230;&#8230;&#8230;&#8230;&#8230;&#8230;&#8230;&#8230;&#8230;&#8230;&#8230;&#8230;&#8230;&#8230;. 4,85\u00a0\u20ac\u00a0Coll\u00e9giens&#8230;&#8230;&#8230;&#8230;&#8230;&#8230;&#8230;&#8230;&#8230;&#8230;&#8230;&#8230;&#8230;&#8230;&#8230; 3,70 \u20ac \u00a0ATT\/AED&#8230;&#8230;&#8230;&#8230;&#8230;&#8230;&#8230;&#8230;&#8230;&#8230;&#8230;&#8230;&#8230;&#8230;&#8230;&#8230;&#8230; 4,40 \u20ac \u00a0Personnels 1 (indice&lt;465)&#8230;&#8230;&#8230;&#8230;&#8230;&#8230;. 4,40 \u20ac \u00a0Personnels 2 (indice&gt;465)&#8230;&#8230;&#8230;&#8230;&#8230;&#8230;. 5,90 \u20ac Personnes ext\u00e9rieures&#8230;&#8230;&#8230;&#8230;&#8230;&#8230;&#8230;&#8230;.. 7 \u20ac &nbsp; FORFAIT INTERNAT \u00a0 \u00a0 \u00a0 \u00a0 \u00a0 \u00a0 \u00a0 \u00a0 \u00a0 \u00a0 \u00a0 \u00a0 \u00a0 \u00a0 \u00a0 \u00a0 \u00a0 \u00a0 \u00a0 \u00a0 \u00a0 \u00a0 \u00a0 \u00a0 \u00a0 \u00a0 \u00a0 \u00a0 &hellip; <a href=\"https:\/\/lycee-nisard.fr\/?page_id=231\" class=\"more-link\">Continuer la lecture de <span class=\"screen-reader-text\">Restaurant Scolaire et H\u00e9bergement<\/span>  <span class=\"meta-nav\">&rarr;<\/span><\/a><\/p>\n","protected":false},"author":1,"featured_media":0,"parent":2,"menu_order":5,"comment_status":"closed","ping_status":"closed","template":"","meta":{"saved_in_kubio":false,"footnotes":""},"class_list":["post-231","page","type-page","status-publish","hentry"],"kubio_ai_page_context":{"short_desc":"","purpose":"general"},"_links":{"self":[{"href":"https:\/\/lycee-nisard.fr\/index.php?rest_route=\/wp\/v2\/pages\/231","targetHints":{"allow":["GET"]}}],"collection":[{"href":"https:\/\/lycee-nisard.fr\/index.php?rest_route=\/wp\/v2\/pages"}],"about":[{"href":"https:\/\/lycee-nisard.fr\/index.php?rest_route=\/wp\/v2\/types\/page"}],"author":[{"embeddable":true,"href":"https:\/\/lycee-nisard.fr\/index.php?rest_route=\/wp\/v2\/users\/1"}],"replies":[{"embeddable":true,"href":"https:\/\/lycee-nisard.fr\/index.php?rest_route=%2Fwp%2Fv2%2Fcomments&post=231"}],"version-history":[{"count":98,"href":"https:\/\/lycee-nisard.fr\/index.php?rest_route=\/wp\/v2\/pages\/231\/revisions"}],"predecessor-version":[{"id":6925,"href":"https:\/\/lycee-nisard.fr\/index.php?rest_route=\/wp\/v2\/pages\/231\/revisions\/6925"}],"up":[{"embeddable":true,"href":"https:\/\/lycee-nisard.fr\/index.php?rest_route=\/wp\/v2\/pages\/2"}],"wp:attachment":[{"href":"https:\/\/lycee-nisard.fr\/index.php?rest_route=%2Fwp%2Fv2%2Fmedia&parent=231"}],"curies":[{"name":"wp","href":"https:\/\/api.w.org\/{rel}","templated":true}]}}