{"id":16,"date":"2012-04-19T12:39:31","date_gmt":"2012-04-19T12:39:31","guid":{"rendered":"http:\/\/lycee-nisard.fr\/?page_id=16"},"modified":"2018-02-01T17:34:20","modified_gmt":"2018-02-01T16:34:20","slug":"presentation","status":"publish","type":"page","link":"https:\/\/lycee-nisard.fr\/?page_id=16","title":{"rendered":"Qui est D\u00e9sir\u00e9 Nisard ?"},"content":{"rendered":"<p style=\"text-align: left;\"><strong><a href=\"http:\/\/lycee-nisard.fr\/wp-content\/uploads\/2012\/04\/desirenisard.png\"><img loading=\"lazy\" decoding=\"async\" class=\"alignleft size-full wp-image-17\" title=\"desirenisard\" src=\"http:\/\/lycee-nisard.fr\/wp-content\/uploads\/2012\/04\/desirenisard.png\" alt=\"\" width=\"204\" height=\"248\" srcset=\"https:\/\/lycee-nisard.fr\/wp-content\/uploads\/2012\/04\/desirenisard.png 370w, https:\/\/lycee-nisard.fr\/wp-content\/uploads\/2012\/04\/desirenisard-247x300.png 247w\" sizes=\"(max-width: 204px) 100vw, 204px\" \/><\/a>DESIRE NISARD<\/strong><\/p>\n<p><strong>Jean Marie Napol\u00e9on D\u00e9sir\u00e9 Nisard<\/strong>, n\u00e9 le 20 mars 1806 \u00e0 Ch\u00e2tillon-sur-Seine, d\u00e9c\u00e9d\u00e9 le 25 mars 1888 \u00e0 Sanremo, est un homme politique, \u00e9crivain et critique litt\u00e9raire fran\u00e7ais.<\/p>\n<p>Son p\u00e8re, l\u2019un des principaux constructeurs du faubourg Saint-Martin \u00e0 Paris, avait achet\u00e9 une charge d\u2019avou\u00e9 \u00e0 Ch\u00e2tillon-sur-Seine. D\u00e9sir\u00e9 Nisard eut deux fr\u00e8res, Charles (1808-1890), sp\u00e9cialiste de la litt\u00e9rature des XVI<sup>e<\/sup> et XVII<sup>e<\/sup> si\u00e8cles, et Auguste (1809-1892), universitaire qui fut notamment recteur de l\u2019Acad\u00e9mie de Grenoble puis doyen de la Facult\u00e9 des lettres de l\u2019Universit\u00e9 catholique de Paris, fond\u00e9e en 1875.<\/p>\n<p><em>source : <a href=\"http:\/\/fr.wikipedia.org\/wiki\/D%C3%A9sir%C3%A9_Nisard\">http:\/\/fr.wikipedia.org<\/a><\/em><\/p>\n<p><center><br \/>\n<iframe loading=\"lazy\" src=\"https:\/\/maps.google.fr\/maps?f=q&amp;source=s_q&amp;hl=fr&amp;geocode=&amp;q=lyc%C3%A9e+d%C3%A9sir%C3%A9+nisard&amp;aq=&amp;sll=46.75984,1.738281&amp;sspn=12.015726,28.54248&amp;ie=UTF8&amp;hq=lyc%C3%A9e+d%C3%A9sir%C3%A9+nisard&amp;hnear=&amp;radius=15000&amp;t=m&amp;ll=47.862471,4.578552&amp;spn=0.005758,0.01502&amp;z=16&amp;output=embed\" width=\"700\" height=\"400\" frameborder=\"0\" marginwidth=\"0\" marginheight=\"0\" scrolling=\"no\"><\/iframe><br \/>\n<small><a style=\"color: #0000ff; text-align: left;\" href=\"https:\/\/maps.google.fr\/maps?f=q&amp;source=embed&amp;hl=fr&amp;geocode=&amp;q=lyc%C3%A9e+d%C3%A9sir%C3%A9+nisard&amp;aq=&amp;sll=46.75984,1.738281&amp;sspn=12.015726,28.54248&amp;ie=UTF8&amp;hq=lyc%C3%A9e+d%C3%A9sir%C3%A9+nisard&amp;hnear=&amp;radius=15000&amp;t=m&amp;ll=47.862471,4.578552&amp;spn=0.005758,0.01502&amp;z=16\">Agrandir le plan<\/a><\/small><\/center><br \/>\n<strong><br \/>\n<\/strong><\/p>\n<p>&nbsp;<\/p>\n<p>&nbsp;<\/p>\n<p><em><br \/>\n<\/em><\/p>\n","protected":false},"excerpt":{"rendered":"<p>DESIRE NISARD Jean Marie Napol\u00e9on D\u00e9sir\u00e9 Nisard, n\u00e9 le 20 mars 1806 \u00e0 Ch\u00e2tillon-sur-Seine, d\u00e9c\u00e9d\u00e9 le 25 mars 1888 \u00e0 Sanremo, est un homme politique, \u00e9crivain et critique litt\u00e9raire fran\u00e7ais. Son p\u00e8re, l\u2019un des principaux constructeurs du faubourg Saint-Martin \u00e0 Paris, avait achet\u00e9 une charge d\u2019avou\u00e9 \u00e0 Ch\u00e2tillon-sur-Seine. D\u00e9sir\u00e9 Nisard eut deux fr\u00e8res, Charles (1808-1890), &hellip; <a href=\"https:\/\/lycee-nisard.fr\/?page_id=16\" class=\"more-link\">Continuer la lecture de <span class=\"screen-reader-text\">Qui est D\u00e9sir\u00e9 Nisard ?<\/span>  <span class=\"meta-nav\">&rarr;<\/span><\/a><\/p>\n","protected":false},"author":1,"featured_media":0,"parent":2,"menu_order":0,"comment_status":"closed","ping_status":"closed","template":"","meta":{"saved_in_kubio":false,"footnotes":""},"class_list":["post-16","page","type-page","status-publish","hentry"],"kubio_ai_page_context":{"short_desc":"","purpose":"general"},"_links":{"self":[{"href":"https:\/\/lycee-nisard.fr\/index.php?rest_route=\/wp\/v2\/pages\/16","targetHints":{"allow":["GET"]}}],"collection":[{"href":"https:\/\/lycee-nisard.fr\/index.php?rest_route=\/wp\/v2\/pages"}],"about":[{"href":"https:\/\/lycee-nisard.fr\/index.php?rest_route=\/wp\/v2\/types\/page"}],"author":[{"embeddable":true,"href":"https:\/\/lycee-nisard.fr\/index.php?rest_route=\/wp\/v2\/users\/1"}],"replies":[{"embeddable":true,"href":"https:\/\/lycee-nisard.fr\/index.php?rest_route=%2Fwp%2Fv2%2Fcomments&post=16"}],"version-history":[{"count":12,"href":"https:\/\/lycee-nisard.fr\/index.php?rest_route=\/wp\/v2\/pages\/16\/revisions"}],"predecessor-version":[{"id":2703,"href":"https:\/\/lycee-nisard.fr\/index.php?rest_route=\/wp\/v2\/pages\/16\/revisions\/2703"}],"up":[{"embeddable":true,"href":"https:\/\/lycee-nisard.fr\/index.php?rest_route=\/wp\/v2\/pages\/2"}],"wp:attachment":[{"href":"https:\/\/lycee-nisard.fr\/index.php?rest_route=%2Fwp%2Fv2%2Fmedia&parent=16"}],"curies":[{"name":"wp","href":"https:\/\/api.w.org\/{rel}","templated":true}]}}