{"id":1429,"date":"2014-02-20T17:30:09","date_gmt":"2014-02-20T16:30:09","guid":{"rendered":"http:\/\/lycee-nisard.fr\/?page_id=1429"},"modified":"2021-05-25T07:54:27","modified_gmt":"2021-05-25T06:54:27","slug":"voie-professionnelle","status":"publish","type":"page","link":"https:\/\/lycee-nisard.fr\/?page_id=1429","title":{"rendered":"Voie professionnelle"},"content":{"rendered":"<h4 style=\"text-align: left;\">Le lyc\u00e9e offre les formations suivantes :<\/h4>\n<ul>\n<li><a href=\"http:\/\/lycee-nisard.fr\/?page_id=3036\">3e Pr\u00e9pa M\u00e9tier<\/a><\/li>\n<li><a href=\"http:\/\/lycee-nisard.fr\/?page_id=326\">CAP Conducteur d&rsquo;engins : travaux publics et carri\u00e8res<\/a><\/li>\n<li><a href=\"http:\/\/lycee-nisard.fr\/?page_id=1433\">CAP Accompagnant \u00c9ducatif Petite Enfance<\/a><\/li>\n<li><a href=\"http:\/\/lycee-nisard.fr\/?page_id=2643\">Bac Pro Accompagnement Soins et Services \u00e0 la Personne<\/a><\/li>\n<li><a href=\"http:\/\/lycee-nisard.fr\/?page_id=2645\">Bac Pro Animation \u00ab\u00a0Enfance et Personnes \u00e2g\u00e9es\u00a0\u00bb<\/a><\/li>\n<\/ul>\n","protected":false},"excerpt":{"rendered":"<p>Le lyc\u00e9e offre les formations suivantes : 3e Pr\u00e9pa M\u00e9tier CAP Conducteur d&rsquo;engins : travaux publics et carri\u00e8res CAP Accompagnant \u00c9ducatif Petite Enfance Bac Pro Accompagnement Soins et Services \u00e0 la Personne Bac Pro Animation \u00ab\u00a0Enfance et Personnes \u00e2g\u00e9es\u00a0\u00bb<\/p>\n","protected":false},"author":1,"featured_media":0,"parent":7,"menu_order":2,"comment_status":"open","ping_status":"open","template":"","meta":{"saved_in_kubio":false,"footnotes":""},"class_list":["post-1429","page","type-page","status-publish","hentry"],"kubio_ai_page_context":{"short_desc":"","purpose":"general"},"_links":{"self":[{"href":"https:\/\/lycee-nisard.fr\/index.php?rest_route=\/wp\/v2\/pages\/1429","targetHints":{"allow":["GET"]}}],"collection":[{"href":"https:\/\/lycee-nisard.fr\/index.php?rest_route=\/wp\/v2\/pages"}],"about":[{"href":"https:\/\/lycee-nisard.fr\/index.php?rest_route=\/wp\/v2\/types\/page"}],"author":[{"embeddable":true,"href":"https:\/\/lycee-nisard.fr\/index.php?rest_route=\/wp\/v2\/users\/1"}],"replies":[{"embeddable":true,"href":"https:\/\/lycee-nisard.fr\/index.php?rest_route=%2Fwp%2Fv2%2Fcomments&post=1429"}],"version-history":[{"count":7,"href":"https:\/\/lycee-nisard.fr\/index.php?rest_route=\/wp\/v2\/pages\/1429\/revisions"}],"predecessor-version":[{"id":4185,"href":"https:\/\/lycee-nisard.fr\/index.php?rest_route=\/wp\/v2\/pages\/1429\/revisions\/4185"}],"up":[{"embeddable":true,"href":"https:\/\/lycee-nisard.fr\/index.php?rest_route=\/wp\/v2\/pages\/7"}],"wp:attachment":[{"href":"https:\/\/lycee-nisard.fr\/index.php?rest_route=%2Fwp%2Fv2%2Fmedia&parent=1429"}],"curies":[{"name":"wp","href":"https:\/\/api.w.org\/{rel}","templated":true}]}}