{"id":1416,"date":"2014-02-20T17:18:16","date_gmt":"2014-02-20T16:18:16","guid":{"rendered":"http:\/\/lycee-nisard.fr\/?page_id=1416"},"modified":"2026-03-11T19:17:11","modified_gmt":"2026-03-11T18:17:11","slug":"moyens-dacces","status":"publish","type":"page","link":"https:\/\/lycee-nisard.fr\/?page_id=1416","title":{"rendered":"Moyens d&rsquo;acc\u00e8s"},"content":{"rendered":"\n<figure class=\"wp-block-image size-large\"><a href=\"http:\/\/lycee-nisard.fr\/wp-content\/uploads\/2026\/03\/IMG_2473-scaled.jpg\"><img loading=\"lazy\" decoding=\"async\" width=\"1024\" height=\"701\" src=\"http:\/\/lycee-nisard.fr\/wp-content\/uploads\/2026\/03\/IMG_2473-1024x701.jpg\" alt=\"\" class=\"wp-image-7045\" srcset=\"https:\/\/lycee-nisard.fr\/wp-content\/uploads\/2026\/03\/IMG_2473-1024x701.jpg 1024w, https:\/\/lycee-nisard.fr\/wp-content\/uploads\/2026\/03\/IMG_2473-300x205.jpg 300w, https:\/\/lycee-nisard.fr\/wp-content\/uploads\/2026\/03\/IMG_2473-768x526.jpg 768w, https:\/\/lycee-nisard.fr\/wp-content\/uploads\/2026\/03\/IMG_2473-1536x1051.jpg 1536w, https:\/\/lycee-nisard.fr\/wp-content\/uploads\/2026\/03\/IMG_2473-2048x1402.jpg 2048w, https:\/\/lycee-nisard.fr\/wp-content\/uploads\/2026\/03\/IMG_2473-1578x1080.jpg 1578w\" sizes=\"(max-width: 1024px) 100vw, 1024px\" \/><\/a><\/figure>\n\n\n\n<h2 class=\"wp-block-heading has-text-align-center\">COMMENT SE RENDRE AU LYC\u00c9E ?<\/h2>\n\n\n\n<p><\/p>\n\n\n\n<p>Le <strong>Lyc\u00e9e polyvalent D\u00e9sir\u00e9 Nisard<\/strong> est situ\u00e9 <strong>19 rue de Seine \u00e0 Ch\u00e2tillon-sur-Seine<\/strong>, \u00e0 proximit\u00e9 du centre-ville et facilement accessible par diff\u00e9rents moyens de transport.<\/p>\n\n\n\n<p><\/p>\n\n\n\n<h3 class=\"wp-block-heading\">&#x1f698; En voiture<\/h3>\n\n\n\n<p>Le lyc\u00e9e est facilement accessible en voiture depuis le centre de Ch\u00e2tillon-sur-Seine et les communes environnantes.<br>Des <strong>places de stationnement sont disponibles \u00e0 proximit\u00e9 imm\u00e9diate de l\u2019\u00e9tablissement<\/strong>, ce qui facilite l\u2019acc\u00e8s pour les familles et les visiteurs.<\/p>\n\n\n\n<p><\/p>\n\n\n\n<h3 class=\"wp-block-heading\">&#x1f686; En train<\/h3>\n\n\n\n<p>La <strong>gare SNCF la plus proche est la gare de Montbard<\/strong>, situ\u00e9e \u00e0 environ <strong>32 km de Ch\u00e2tillon-sur-Seine<\/strong>.<br>Elle est desservie par des <strong>TER et des TGV<\/strong>, notamment sur la ligne <strong>Paris \u2013 Dijon<\/strong>.<\/p>\n\n\n\n<p>Depuis la gare de Montbard, il est ensuite possible de rejoindre Ch\u00e2tillon-sur-Seine en <strong>bus<\/strong>.<\/p>\n\n\n\n<p><\/p>\n\n\n\n<h3 class=\"wp-block-heading\">&#x1f68c; En bus<\/h3>\n\n\n\n<p>Plusieurs lignes permettent de rejoindre le lyc\u00e9e depuis les villes et villages environnants.<\/p>\n\n\n\n<h4 class=\"wp-block-heading\">Dimanche soir (arriv\u00e9e \u00e0 l\u2019internat \u00e0 partir de 19h30)<\/h4>\n\n\n\n<ul class=\"wp-block-list\">\n<li><strong>Ligne 126 : Montbard \u2192 Ch\u00e2tillon-sur-Seine<\/strong><br>D\u00e9part : Gare de Montbard <strong>19h20<\/strong><br>Arriv\u00e9e : Place Marmont \/ Jet d\u2019eau <strong>19h57<\/strong><\/li>\n\n\n\n<li><strong>Ligne 124 : Dijon \u2192 Ch\u00e2tillon-sur-Seine<\/strong><br>D\u00e9part : Gare de Dijon <strong>17h30<\/strong><br>Arriv\u00e9e : Lyc\u00e9e (parking) <strong>19h03<\/strong><\/li>\n<\/ul>\n\n\n\n<p><\/p>\n\n\n\n<h4 class=\"wp-block-heading\">Lundi matin (arriv\u00e9e au lyc\u00e9e vers 7h45)<\/h4>\n\n\n\n<ul class=\"wp-block-list\">\n<li><strong>Ligne 126 : Montbard \u2192 Ch\u00e2tillon-sur-Seine<\/strong><br>D\u00e9part : Gare de Montbard <strong>07h10<\/strong><br>Arriv\u00e9e : Lyc\u00e9e (parking) <strong>07h50<\/strong><\/li>\n\n\n\n<li><strong>Ligne 124 : Dijon \u2192 Ch\u00e2tillon-sur-Seine<\/strong><br>D\u00e9part : Gare de Dijon <strong>06h20<\/strong><br>Arriv\u00e9e : Lyc\u00e9e (parking) <strong>07h47<\/strong><\/li>\n\n\n\n<li><strong>Ligne BAS 23 : Bar-sur-Seine \u2192 Ch\u00e2tillon-sur-Seine<\/strong><br>D\u00e9part : Coll\u00e8ge Portier <strong>07h00<\/strong><br>Arriv\u00e9e : Lyc\u00e9e (parking) <strong>07h48<\/strong><\/li>\n<\/ul>\n\n\n\n<p>Villages desservis : <strong>Polisot, Buxeuil, Neuville-sur-Seine, Gy\u00e9-sur-Seine, Courteron, Plaines-Saint-Lange, Mussy-sur-Seine<\/strong>.<\/p>\n\n\n\n<p><\/p>\n\n\n\n<h3 class=\"wp-block-heading\">&#x1f686; Depuis Tonnerre<\/h3>\n\n\n\n<ul class=\"wp-block-list\">\n<li><strong>Train : Tonnerre \u2192 Montbard<\/strong><br>D\u00e9part <strong>06h24<\/strong> \u2013 Arriv\u00e9e <strong>06h50<\/strong><\/li>\n\n\n\n<li><strong>Bus : Montbard \u2192 Ch\u00e2tillon-sur-Seine<\/strong><br>D\u00e9part <strong>07h10<\/strong> \u2013 Arriv\u00e9e au lyc\u00e9e <strong>07h45<\/strong><\/li>\n<\/ul>\n\n\n\n<p><\/p>\n\n\n\n<hr class=\"wp-block-separator has-alpha-channel-opacity\"\/>\n\n\n\n<p><img decoding=\"async\" draggable=\"false\" role=\"img\" class=\"emoji\" src=\"https:\/\/s.w.org\/images\/core\/emoji\/17.0.2\/svg\/1f4cd.svg\" alt=\"&#x1f4cd;\"> Gr\u00e2ce \u00e0 ces diff\u00e9rentes liaisons, le lyc\u00e9e est <strong>facilement accessible pour les \u00e9l\u00e8ves venant de nombreuses communes du territoire<\/strong>.<\/p>\n\n\n\n<p><\/p>\n\n\n\n<p><\/p>\n\n\n\n<figure class=\"wp-block-image size-large\"><a href=\"http:\/\/lycee-nisard.fr\/wp-content\/uploads\/2026\/03\/IMG_2473-1-scaled.jpg\"><img loading=\"lazy\" decoding=\"async\" width=\"1024\" height=\"701\" src=\"http:\/\/lycee-nisard.fr\/wp-content\/uploads\/2026\/03\/IMG_2473-1-1024x701.jpg\" alt=\"\" class=\"wp-image-7046\" srcset=\"https:\/\/lycee-nisard.fr\/wp-content\/uploads\/2026\/03\/IMG_2473-1-1024x701.jpg 1024w, https:\/\/lycee-nisard.fr\/wp-content\/uploads\/2026\/03\/IMG_2473-1-300x205.jpg 300w, https:\/\/lycee-nisard.fr\/wp-content\/uploads\/2026\/03\/IMG_2473-1-768x526.jpg 768w, https:\/\/lycee-nisard.fr\/wp-content\/uploads\/2026\/03\/IMG_2473-1-1536x1051.jpg 1536w, https:\/\/lycee-nisard.fr\/wp-content\/uploads\/2026\/03\/IMG_2473-1-2048x1402.jpg 2048w, https:\/\/lycee-nisard.fr\/wp-content\/uploads\/2026\/03\/IMG_2473-1-1578x1080.jpg 1578w\" sizes=\"(max-width: 1024px) 100vw, 1024px\" \/><\/a><\/figure>\n","protected":false},"excerpt":{"rendered":"<p>COMMENT SE RENDRE AU LYC\u00c9E ? Le Lyc\u00e9e polyvalent D\u00e9sir\u00e9 Nisard est situ\u00e9 19 rue de Seine \u00e0 Ch\u00e2tillon-sur-Seine, \u00e0 proximit\u00e9 du centre-ville et facilement accessible par diff\u00e9rents moyens de transport. &#x1f698; En voiture Le lyc\u00e9e est facilement accessible en voiture depuis le centre de Ch\u00e2tillon-sur-Seine et les communes environnantes.Des places de stationnement sont disponibles &hellip; <a href=\"https:\/\/lycee-nisard.fr\/?page_id=1416\" class=\"more-link\">Continuer la lecture de <span class=\"screen-reader-text\">Moyens d&rsquo;acc\u00e8s<\/span>  <span class=\"meta-nav\">&rarr;<\/span><\/a><\/p>\n","protected":false},"author":1,"featured_media":0,"parent":88,"menu_order":4,"comment_status":"open","ping_status":"open","template":"","meta":{"saved_in_kubio":true,"footnotes":""},"class_list":["post-1416","page","type-page","status-publish","hentry"],"kubio_ai_page_context":{"short_desc":"","purpose":"general"},"_links":{"self":[{"href":"https:\/\/lycee-nisard.fr\/index.php?rest_route=\/wp\/v2\/pages\/1416","targetHints":{"allow":["GET"]}}],"collection":[{"href":"https:\/\/lycee-nisard.fr\/index.php?rest_route=\/wp\/v2\/pages"}],"about":[{"href":"https:\/\/lycee-nisard.fr\/index.php?rest_route=\/wp\/v2\/types\/page"}],"author":[{"embeddable":true,"href":"https:\/\/lycee-nisard.fr\/index.php?rest_route=\/wp\/v2\/users\/1"}],"replies":[{"embeddable":true,"href":"https:\/\/lycee-nisard.fr\/index.php?rest_route=%2Fwp%2Fv2%2Fcomments&post=1416"}],"version-history":[{"count":5,"href":"https:\/\/lycee-nisard.fr\/index.php?rest_route=\/wp\/v2\/pages\/1416\/revisions"}],"predecessor-version":[{"id":7047,"href":"https:\/\/lycee-nisard.fr\/index.php?rest_route=\/wp\/v2\/pages\/1416\/revisions\/7047"}],"up":[{"embeddable":true,"href":"https:\/\/lycee-nisard.fr\/index.php?rest_route=\/wp\/v2\/pages\/88"}],"wp:attachment":[{"href":"https:\/\/lycee-nisard.fr\/index.php?rest_route=%2Fwp%2Fv2%2Fmedia&parent=1416"}],"curies":[{"name":"wp","href":"https:\/\/api.w.org\/{rel}","templated":true}]}}