{"id":4031,"date":"2021-03-12T12:01:44","date_gmt":"2021-03-12T11:01:44","guid":{"rendered":"http:\/\/lycee-nisard.fr\/?page_id=4031"},"modified":"2026-04-22T12:39:54","modified_gmt":"2026-04-22T11:39:54","slug":"atelier-theatre","status":"publish","type":"page","link":"http:\/\/lycee-nisard.fr\/?page_id=4031","title":{"rendered":"ATELIER THEATRE"},"content":{"rendered":"\n<blockquote class=\"wp-block-quote has-text-align-center is-layout-flow wp-block-quote-is-layout-flow\">\n<p><strong>\u00ab\u00a0Ce n&rsquo;est pas un m\u00e9tier, le Th\u00e9\u00e2tre, c&rsquo;est une passion !\u00a0\u00bb<\/strong><\/p>\n<cite><em>Sacha Guitry<\/em><\/cite><\/blockquote>\n\n\n\n<p><strong>Depuis de nombreuses ann\u00e9es, La Compagnie des Gens, troupe th\u00e9\u00e2trale implant\u00e9e \u00e0 Ch\u00e2tillon sur Seine, dirige l&rsquo;atelier Th\u00e9\u00e2tre qui accueille les \u00e9l\u00e8ves du coll\u00e8ge Fontaine des Ducs et du lyc\u00e9e D\u00e9sir\u00e9 Nisard.<\/strong><br><\/p>\n\n\n\n<p><strong>Cette ann\u00e9e,  23 \u00e9l\u00e8ves se r\u00e9unissent  chaque mercredi apr\u00e8s-midi \u00e0 la salle Kiki pour partager des moments de lecture, d\u2019impro, de jeu th\u00e9\u00e2tral\u2026<\/strong><\/p>\n\n\n\n<p>Une semaine th\u00e9\u00e2trale cl\u00f4t l&rsquo;ann\u00e9e avec, en point d&rsquo;orgue, plusieurs repr\u00e9sentations \u00e0 la salle Kiki de Montparnasse.<\/p>\n\n\n\n<h6 class=\"wp-block-heading\">Quelques photos prises en ce d\u00e9but de saison :<\/h6>\n\n\n\n<figure class=\"wp-block-gallery has-nested-images columns-default is-cropped wp-block-gallery-1 is-layout-flex wp-block-gallery-is-layout-flex\">\n<figure class=\"wp-block-image size-large\"><a href=\"http:\/\/lycee-nisard.fr\/wp-content\/uploads\/2023\/10\/image0000001011.jpg\"><img loading=\"lazy\" decoding=\"async\" width=\"1024\" height=\"768\" data-id=\"5681\" src=\"http:\/\/lycee-nisard.fr\/wp-content\/uploads\/2023\/10\/image0000001011-1024x768.jpg\" alt=\"\" class=\"wp-image-5681\" srcset=\"http:\/\/lycee-nisard.fr\/wp-content\/uploads\/2023\/10\/image0000001011-1024x768.jpg 1024w, http:\/\/lycee-nisard.fr\/wp-content\/uploads\/2023\/10\/image0000001011-300x225.jpg 300w, http:\/\/lycee-nisard.fr\/wp-content\/uploads\/2023\/10\/image0000001011-768x576.jpg 768w, http:\/\/lycee-nisard.fr\/wp-content\/uploads\/2023\/10\/image0000001011-1536x1152.jpg 1536w, http:\/\/lycee-nisard.fr\/wp-content\/uploads\/2023\/10\/image0000001011.jpg 1600w\" sizes=\"(max-width: 1024px) 100vw, 1024px\" \/><\/a><\/figure>\n\n\n\n<figure class=\"wp-block-image size-large\"><a href=\"http:\/\/lycee-nisard.fr\/wp-content\/uploads\/2023\/10\/image0000001009.jpg\"><img loading=\"lazy\" decoding=\"async\" width=\"768\" height=\"1024\" data-id=\"5679\" src=\"http:\/\/lycee-nisard.fr\/wp-content\/uploads\/2023\/10\/image0000001009-768x1024.jpg\" alt=\"\" class=\"wp-image-5679\" srcset=\"http:\/\/lycee-nisard.fr\/wp-content\/uploads\/2023\/10\/image0000001009-768x1024.jpg 768w, http:\/\/lycee-nisard.fr\/wp-content\/uploads\/2023\/10\/image0000001009-225x300.jpg 225w, http:\/\/lycee-nisard.fr\/wp-content\/uploads\/2023\/10\/image0000001009-1152x1536.jpg 1152w, http:\/\/lycee-nisard.fr\/wp-content\/uploads\/2023\/10\/image0000001009.jpg 1200w\" sizes=\"(max-width: 768px) 100vw, 768px\" \/><\/a><\/figure>\n\n\n\n<figure class=\"wp-block-image size-large\"><a href=\"http:\/\/lycee-nisard.fr\/wp-content\/uploads\/2023\/10\/image0000001008.jpg\"><img loading=\"lazy\" decoding=\"async\" width=\"1024\" height=\"768\" data-id=\"5678\" src=\"http:\/\/lycee-nisard.fr\/wp-content\/uploads\/2023\/10\/image0000001008-1024x768.jpg\" alt=\"\" class=\"wp-image-5678\" srcset=\"http:\/\/lycee-nisard.fr\/wp-content\/uploads\/2023\/10\/image0000001008-1024x768.jpg 1024w, http:\/\/lycee-nisard.fr\/wp-content\/uploads\/2023\/10\/image0000001008-300x225.jpg 300w, http:\/\/lycee-nisard.fr\/wp-content\/uploads\/2023\/10\/image0000001008-768x576.jpg 768w, http:\/\/lycee-nisard.fr\/wp-content\/uploads\/2023\/10\/image0000001008-1536x1152.jpg 1536w, http:\/\/lycee-nisard.fr\/wp-content\/uploads\/2023\/10\/image0000001008.jpg 1600w\" sizes=\"(max-width: 1024px) 100vw, 1024px\" \/><\/a><\/figure>\n\n\n\n<figure class=\"wp-block-image size-large\"><a href=\"http:\/\/lycee-nisard.fr\/wp-content\/uploads\/2023\/10\/image0000001007.jpg\"><img loading=\"lazy\" decoding=\"async\" width=\"1024\" height=\"768\" data-id=\"5677\" src=\"http:\/\/lycee-nisard.fr\/wp-content\/uploads\/2023\/10\/image0000001007-1024x768.jpg\" alt=\"\" class=\"wp-image-5677\" srcset=\"http:\/\/lycee-nisard.fr\/wp-content\/uploads\/2023\/10\/image0000001007-1024x768.jpg 1024w, http:\/\/lycee-nisard.fr\/wp-content\/uploads\/2023\/10\/image0000001007-300x225.jpg 300w, http:\/\/lycee-nisard.fr\/wp-content\/uploads\/2023\/10\/image0000001007-768x576.jpg 768w, http:\/\/lycee-nisard.fr\/wp-content\/uploads\/2023\/10\/image0000001007-1536x1152.jpg 1536w, http:\/\/lycee-nisard.fr\/wp-content\/uploads\/2023\/10\/image0000001007.jpg 1600w\" sizes=\"(max-width: 1024px) 100vw, 1024px\" \/><\/a><\/figure>\n\n\n\n<figure class=\"wp-block-image size-large\"><a href=\"http:\/\/lycee-nisard.fr\/wp-content\/uploads\/2023\/10\/image0000001004.jpg\"><img loading=\"lazy\" decoding=\"async\" width=\"1024\" height=\"768\" data-id=\"5673\" src=\"http:\/\/lycee-nisard.fr\/wp-content\/uploads\/2023\/10\/image0000001004-1024x768.jpg\" alt=\"\" class=\"wp-image-5673\" srcset=\"http:\/\/lycee-nisard.fr\/wp-content\/uploads\/2023\/10\/image0000001004-1024x768.jpg 1024w, http:\/\/lycee-nisard.fr\/wp-content\/uploads\/2023\/10\/image0000001004-300x225.jpg 300w, http:\/\/lycee-nisard.fr\/wp-content\/uploads\/2023\/10\/image0000001004-768x576.jpg 768w, http:\/\/lycee-nisard.fr\/wp-content\/uploads\/2023\/10\/image0000001004-1536x1152.jpg 1536w, http:\/\/lycee-nisard.fr\/wp-content\/uploads\/2023\/10\/image0000001004.jpg 1600w\" sizes=\"(max-width: 1024px) 100vw, 1024px\" \/><\/a><\/figure>\n\n\n\n<figure class=\"wp-block-image size-large\"><a href=\"http:\/\/lycee-nisard.fr\/wp-content\/uploads\/2023\/10\/image0000001006.jpg\"><img loading=\"lazy\" decoding=\"async\" width=\"1024\" height=\"768\" data-id=\"5676\" src=\"http:\/\/lycee-nisard.fr\/wp-content\/uploads\/2023\/10\/image0000001006-1024x768.jpg\" alt=\"\" class=\"wp-image-5676\" srcset=\"http:\/\/lycee-nisard.fr\/wp-content\/uploads\/2023\/10\/image0000001006-1024x768.jpg 1024w, http:\/\/lycee-nisard.fr\/wp-content\/uploads\/2023\/10\/image0000001006-300x225.jpg 300w, http:\/\/lycee-nisard.fr\/wp-content\/uploads\/2023\/10\/image0000001006-768x576.jpg 768w, http:\/\/lycee-nisard.fr\/wp-content\/uploads\/2023\/10\/image0000001006-1536x1152.jpg 1536w, http:\/\/lycee-nisard.fr\/wp-content\/uploads\/2023\/10\/image0000001006.jpg 1600w\" sizes=\"(max-width: 1024px) 100vw, 1024px\" \/><\/a><\/figure>\n\n\n\n<figure class=\"wp-block-image size-large\"><a href=\"http:\/\/lycee-nisard.fr\/wp-content\/uploads\/2023\/10\/image0000001005.jpg\"><img loading=\"lazy\" decoding=\"async\" width=\"768\" height=\"1024\" data-id=\"5675\" src=\"http:\/\/lycee-nisard.fr\/wp-content\/uploads\/2023\/10\/image0000001005-768x1024.jpg\" alt=\"\" class=\"wp-image-5675\" srcset=\"http:\/\/lycee-nisard.fr\/wp-content\/uploads\/2023\/10\/image0000001005-768x1024.jpg 768w, http:\/\/lycee-nisard.fr\/wp-content\/uploads\/2023\/10\/image0000001005-225x300.jpg 225w, http:\/\/lycee-nisard.fr\/wp-content\/uploads\/2023\/10\/image0000001005-1152x1536.jpg 1152w, http:\/\/lycee-nisard.fr\/wp-content\/uploads\/2023\/10\/image0000001005.jpg 1200w\" sizes=\"(max-width: 768px) 100vw, 768px\" \/><\/a><\/figure>\n\n\n\n<figure class=\"wp-block-image size-large\"><a href=\"http:\/\/lycee-nisard.fr\/wp-content\/uploads\/2023\/10\/image0000001010.jpg\"><img loading=\"lazy\" decoding=\"async\" width=\"1024\" height=\"768\" data-id=\"5680\" src=\"http:\/\/lycee-nisard.fr\/wp-content\/uploads\/2023\/10\/image0000001010-1024x768.jpg\" alt=\"\" class=\"wp-image-5680\" srcset=\"http:\/\/lycee-nisard.fr\/wp-content\/uploads\/2023\/10\/image0000001010-1024x768.jpg 1024w, http:\/\/lycee-nisard.fr\/wp-content\/uploads\/2023\/10\/image0000001010-300x225.jpg 300w, http:\/\/lycee-nisard.fr\/wp-content\/uploads\/2023\/10\/image0000001010-768x576.jpg 768w, http:\/\/lycee-nisard.fr\/wp-content\/uploads\/2023\/10\/image0000001010-1536x1152.jpg 1536w, http:\/\/lycee-nisard.fr\/wp-content\/uploads\/2023\/10\/image0000001010.jpg 1600w\" sizes=\"(max-width: 1024px) 100vw, 1024px\" \/><\/a><\/figure>\n<\/figure>\n\n\n\n<p><img loading=\"lazy\" decoding=\"async\" height=\"16\" width=\"16\" src=\"https:\/\/static.xx.fbcdn.net\/images\/emoji.php\/v9\/t51\/1\/16\/1f449.png\" alt=\"&#x1f449;\"> Ce 7 f\u00e9vrier 2026, c&rsquo;\u00e9tait la derni\u00e8re repr\u00e9sentation des \u00e9l\u00e8ves de l&rsquo;atelier th\u00e9\u00e2tre du lyc\u00e9e.<\/p>\n\n\n\n<p><img loading=\"lazy\" decoding=\"async\" height=\"16\" width=\"16\" alt=\"&#x1f928;\" src=\"https:\/\/static.xx.fbcdn.net\/images\/emoji.php\/v9\/td7\/1\/16\/1f928.png\"> Pr\u00e9paratifs en loge&#8230; Concentration&#8230;<\/p>\n\n\n\n<p>De bons moments partag\u00e9s.<\/p>\n\n\n\n<p>L&rsquo; esprit de la troupe : amiti\u00e9 et bonne humeur.<\/p>\n\n\n\n<p><img loading=\"lazy\" decoding=\"async\" height=\"16\" width=\"16\" alt=\"&#x1f449;\" src=\"https:\/\/static.xx.fbcdn.net\/images\/emoji.php\/v9\/t51\/1\/16\/1f449.png\"> 5 repr\u00e9sentations, 500 spectateurs apr\u00e8s 5 mois de travail.<\/p>\n\n\n\n<p><img loading=\"lazy\" decoding=\"async\" height=\"16\" width=\"16\" src=\"https:\/\/static.xx.fbcdn.net\/images\/emoji.php\/v9\/tfe\/1\/16\/1f44f.png\" alt=\"&#x1f44f;\"> Un grand bravo \u00e0 tous et encore merci \u00e0 <a href=\"https:\/\/www.facebook.com\/compagniedesgens?__cft__[0]=AZbrKaHjXEzntPcXfK_XGkS4rBzO2lXEPQB_FZNIybmNuESs3wl46rWrFbv0jHlVaGP2_CipYf3aRI3NOMFqBplkNpTFUnWKwE_mnr3CJSi8O4JIqmM3b2RR9I2u9xe0NKTfag_JjfQl-wiH6n9eBmHzEAlXCE01lejRIkY3nUHvbZQzP04QKb9oEIp5iqmHiNY&amp;__tn__=-]K-R\">La Compagnie des Gens<\/a> pour leur accompagnement pr\u00e9cieux.<\/p>\n\n\n\n<p><\/p>\n\n\n\n<figure class=\"wp-block-image size-full\"><a href=\"https:\/\/lycee-nisard.fr\/wp-content\/uploads\/2026\/04\/D0E580B0-8B1A-40DD-B6A6-B0A41FB7A69A-1.png\"><img loading=\"lazy\" decoding=\"async\" width=\"908\" height=\"632\" src=\"https:\/\/lycee-nisard.fr\/wp-content\/uploads\/2026\/04\/D0E580B0-8B1A-40DD-B6A6-B0A41FB7A69A-1.png\" alt=\"\" class=\"wp-image-7269\" srcset=\"http:\/\/lycee-nisard.fr\/wp-content\/uploads\/2026\/04\/D0E580B0-8B1A-40DD-B6A6-B0A41FB7A69A-1.png 908w, http:\/\/lycee-nisard.fr\/wp-content\/uploads\/2026\/04\/D0E580B0-8B1A-40DD-B6A6-B0A41FB7A69A-1-300x209.png 300w, http:\/\/lycee-nisard.fr\/wp-content\/uploads\/2026\/04\/D0E580B0-8B1A-40DD-B6A6-B0A41FB7A69A-1-768x535.png 768w\" sizes=\"(max-width: 908px) 100vw, 908px\" \/><\/a><\/figure>\n\n\n\n<figure class=\"wp-block-image size-full\"><a href=\"https:\/\/lycee-nisard.fr\/wp-content\/uploads\/2026\/04\/9C6EA4D9-D2DD-4700-BDE8-0BAA1BD0B422.png\"><img loading=\"lazy\" decoding=\"async\" width=\"890\" height=\"511\" src=\"https:\/\/lycee-nisard.fr\/wp-content\/uploads\/2026\/04\/9C6EA4D9-D2DD-4700-BDE8-0BAA1BD0B422.png\" alt=\"\" class=\"wp-image-7268\" srcset=\"http:\/\/lycee-nisard.fr\/wp-content\/uploads\/2026\/04\/9C6EA4D9-D2DD-4700-BDE8-0BAA1BD0B422.png 890w, http:\/\/lycee-nisard.fr\/wp-content\/uploads\/2026\/04\/9C6EA4D9-D2DD-4700-BDE8-0BAA1BD0B422-300x172.png 300w, http:\/\/lycee-nisard.fr\/wp-content\/uploads\/2026\/04\/9C6EA4D9-D2DD-4700-BDE8-0BAA1BD0B422-768x441.png 768w\" sizes=\"(max-width: 890px) 100vw, 890px\" \/><\/a><\/figure>\n\n\n\n<figure class=\"wp-block-gallery has-nested-images columns-default is-cropped wp-block-gallery-2 is-layout-flex wp-block-gallery-is-layout-flex\">\n<figure class=\"wp-block-image size-full\"><a href=\"https:\/\/lycee-nisard.fr\/wp-content\/uploads\/2026\/04\/E3790A5C-3AFD-41D1-89FB-90A87FD52E19-1.png\"><img loading=\"lazy\" decoding=\"async\" width=\"862\" height=\"512\" data-id=\"7267\" src=\"https:\/\/lycee-nisard.fr\/wp-content\/uploads\/2026\/04\/E3790A5C-3AFD-41D1-89FB-90A87FD52E19-1.png\" alt=\"\" class=\"wp-image-7267\" srcset=\"http:\/\/lycee-nisard.fr\/wp-content\/uploads\/2026\/04\/E3790A5C-3AFD-41D1-89FB-90A87FD52E19-1.png 862w, http:\/\/lycee-nisard.fr\/wp-content\/uploads\/2026\/04\/E3790A5C-3AFD-41D1-89FB-90A87FD52E19-1-300x178.png 300w, http:\/\/lycee-nisard.fr\/wp-content\/uploads\/2026\/04\/E3790A5C-3AFD-41D1-89FB-90A87FD52E19-1-768x456.png 768w\" sizes=\"(max-width: 862px) 100vw, 862px\" \/><\/a><\/figure>\n<\/figure>\n","protected":false},"excerpt":{"rendered":"<p>\u00ab\u00a0Ce n&rsquo;est pas un m\u00e9tier, le Th\u00e9\u00e2tre, c&rsquo;est une passion !\u00a0\u00bb Sacha Guitry Depuis de nombreuses ann\u00e9es, La Compagnie des Gens, troupe th\u00e9\u00e2trale implant\u00e9e \u00e0 Ch\u00e2tillon sur Seine, dirige l&rsquo;atelier Th\u00e9\u00e2tre qui accueille les \u00e9l\u00e8ves du coll\u00e8ge Fontaine des Ducs et du lyc\u00e9e D\u00e9sir\u00e9 Nisard. Cette ann\u00e9e, 23 \u00e9l\u00e8ves se r\u00e9unissent chaque mercredi apr\u00e8s-midi \u00e0 &hellip; <a href=\"http:\/\/lycee-nisard.fr\/?page_id=4031\" class=\"more-link\">Continuer la lecture de <span class=\"screen-reader-text\">ATELIER THEATRE<\/span>  <span class=\"meta-nav\">&rarr;<\/span><\/a><\/p>\n","protected":false},"author":1,"featured_media":5672,"parent":0,"menu_order":4,"comment_status":"closed","ping_status":"closed","template":"","meta":{"saved_in_kubio":true,"footnotes":""},"class_list":["post-4031","page","type-page","status-publish","has-post-thumbnail","hentry"],"kubio_ai_page_context":{"short_desc":"","purpose":"general"},"_links":{"self":[{"href":"http:\/\/lycee-nisard.fr\/index.php?rest_route=\/wp\/v2\/pages\/4031","targetHints":{"allow":["GET"]}}],"collection":[{"href":"http:\/\/lycee-nisard.fr\/index.php?rest_route=\/wp\/v2\/pages"}],"about":[{"href":"http:\/\/lycee-nisard.fr\/index.php?rest_route=\/wp\/v2\/types\/page"}],"author":[{"embeddable":true,"href":"http:\/\/lycee-nisard.fr\/index.php?rest_route=\/wp\/v2\/users\/1"}],"replies":[{"embeddable":true,"href":"http:\/\/lycee-nisard.fr\/index.php?rest_route=%2Fwp%2Fv2%2Fcomments&post=4031"}],"version-history":[{"count":8,"href":"http:\/\/lycee-nisard.fr\/index.php?rest_route=\/wp\/v2\/pages\/4031\/revisions"}],"predecessor-version":[{"id":7270,"href":"http:\/\/lycee-nisard.fr\/index.php?rest_route=\/wp\/v2\/pages\/4031\/revisions\/7270"}],"wp:featuredmedia":[{"embeddable":true,"href":"http:\/\/lycee-nisard.fr\/index.php?rest_route=\/wp\/v2\/media\/5672"}],"wp:attachment":[{"href":"http:\/\/lycee-nisard.fr\/index.php?rest_route=%2Fwp%2Fv2%2Fmedia&parent=4031"}],"curies":[{"name":"wp","href":"https:\/\/api.w.org\/{rel}","templated":true}]}}