{"id":2689,"date":"2018-02-01T17:44:45","date_gmt":"2018-02-01T16:44:45","guid":{"rendered":"http:\/\/lycee-nisard.fr\/?page_id=2689"},"modified":"2018-12-11T15:30:48","modified_gmt":"2018-12-11T14:30:48","slug":"les-federations-de-parents-deleves","status":"publish","type":"page","link":"http:\/\/lycee-nisard.fr\/?page_id=2689","title":{"rendered":"Les f\u00e9d\u00e9rations de parents d&rsquo;\u00e9l\u00e8ves"},"content":{"rendered":"<p><a href=\"http:\/\/www.fcpe.asso.fr\/\"><strong>F\u00e9d\u00e9ration des conseils de parents d\u2019\u00e9l\u00e8ves (FCPE)<\/strong><\/a><\/p>\n<p><strong>Repr\u00e9sentante au lyc\u00e9e :<\/strong><br \/>\nMme Fotchuont Claire, Tel : 03 80 91 42 81<br \/>\nfotchuont.s.c@wanadoo.fr<\/p>\n<p><span style=\"color: #000000;\"><strong>Repr\u00e9sentants des parents d&rsquo;\u00e9l\u00e8ves par classe :<br \/>\n<\/strong><\/span>(Cliquez sur l&rsquo;image)<br \/>\n<a href=\"http:\/\/lycee-nisard.fr\/wp-content\/uploads\/2018\/12\/RepresentantsParentsFCPE.pdf\"><img loading=\"lazy\" decoding=\"async\" class=\"size-medium wp-image-3023 aligncenter\" src=\"http:\/\/lycee-nisard.fr\/wp-content\/uploads\/2018\/02\/RepresentantsParentsFCPE-127x300.jpeg\" alt=\"\" width=\"127\" height=\"300\" \/><\/a><\/p>\n","protected":false},"excerpt":{"rendered":"<p>F\u00e9d\u00e9ration des conseils de parents d\u2019\u00e9l\u00e8ves (FCPE) Repr\u00e9sentante au lyc\u00e9e : Mme Fotchuont Claire, Tel : 03 80 91 42 81 fotchuont.s.c@wanadoo.fr Repr\u00e9sentants des parents d&rsquo;\u00e9l\u00e8ves par classe : (Cliquez sur l&rsquo;image)<\/p>\n","protected":false},"author":1,"featured_media":0,"parent":2687,"menu_order":1,"comment_status":"closed","ping_status":"closed","template":"","meta":{"saved_in_kubio":false,"footnotes":""},"class_list":["post-2689","page","type-page","status-publish","hentry"],"kubio_ai_page_context":{"short_desc":"","purpose":"general"},"_links":{"self":[{"href":"http:\/\/lycee-nisard.fr\/index.php?rest_route=\/wp\/v2\/pages\/2689","targetHints":{"allow":["GET"]}}],"collection":[{"href":"http:\/\/lycee-nisard.fr\/index.php?rest_route=\/wp\/v2\/pages"}],"about":[{"href":"http:\/\/lycee-nisard.fr\/index.php?rest_route=\/wp\/v2\/types\/page"}],"author":[{"embeddable":true,"href":"http:\/\/lycee-nisard.fr\/index.php?rest_route=\/wp\/v2\/users\/1"}],"replies":[{"embeddable":true,"href":"http:\/\/lycee-nisard.fr\/index.php?rest_route=%2Fwp%2Fv2%2Fcomments&post=2689"}],"version-history":[{"count":4,"href":"http:\/\/lycee-nisard.fr\/index.php?rest_route=\/wp\/v2\/pages\/2689\/revisions"}],"predecessor-version":[{"id":3025,"href":"http:\/\/lycee-nisard.fr\/index.php?rest_route=\/wp\/v2\/pages\/2689\/revisions\/3025"}],"up":[{"embeddable":true,"href":"http:\/\/lycee-nisard.fr\/index.php?rest_route=\/wp\/v2\/pages\/2687"}],"wp:attachment":[{"href":"http:\/\/lycee-nisard.fr\/index.php?rest_route=%2Fwp%2Fv2%2Fmedia&parent=2689"}],"curies":[{"name":"wp","href":"https:\/\/api.w.org\/{rel}","templated":true}]}}