{"id":151,"date":"2012-06-12T12:02:48","date_gmt":"2012-06-12T12:02:48","guid":{"rendered":"http:\/\/lycee-nisard.fr\/?page_id=151"},"modified":"2019-10-14T15:32:54","modified_gmt":"2019-10-14T14:32:54","slug":"contact","status":"publish","type":"page","link":"http:\/\/lycee-nisard.fr\/?page_id=151","title":{"rendered":"CONTACT"},"content":{"rendered":"<p><a href=\"http:\/\/lycee-nisard.fr\/wp-content\/uploads\/2012\/06\/Lyc\u00e9eLoca.jpg\"><img loading=\"lazy\" decoding=\"async\" class=\"alignleft size-large wp-image-155\" title=\"EPSON DSC picture\" src=\"http:\/\/lycee-nisard.fr\/wp-content\/uploads\/2012\/06\/Lyc\u00e9eLoca-1024x768.jpg\" alt=\"\" width=\"348\" height=\"261\" \/><\/a><strong>Lyc\u00e9e polyvalent D\u00e9sir\u00e9 Nisard<\/strong><br \/>\n<strong> 19 rue de Seine<\/strong><br \/>\n<strong> 21402 CHATILLON-SUR-SEINE<\/strong><\/p>\n<p><strong>T\u00e9l : 0380918282<\/strong><br \/>\n<strong>Fax : 0380918292<\/strong><br \/>\nSecr\u00e9taire : <strong>0210013a@ac-dijon.fr<\/strong><\/p>\n<p>Vie Scolaire : <strong>vie-scolaire@lycee-nisard.com<\/strong><\/p>\n<h3>Pour contacter la vie scolaire <a href=\"http:\/\/lycee-nisard.fr\/?page_id=9\">cliquez ici<\/a><\/h3>\n","protected":false},"excerpt":{"rendered":"<p>Lyc\u00e9e polyvalent D\u00e9sir\u00e9 Nisard 19 rue de Seine 21402 CHATILLON-SUR-SEINE T\u00e9l : 0380918282 Fax : 0380918292 Secr\u00e9taire : 0210013a@ac-dijon.fr Vie Scolaire : vie-scolaire@lycee-nisard.com Pour contacter la vie scolaire cliquez ici<\/p>\n","protected":false},"author":1,"featured_media":0,"parent":0,"menu_order":10,"comment_status":"closed","ping_status":"closed","template":"","meta":{"saved_in_kubio":false,"footnotes":""},"class_list":["post-151","page","type-page","status-publish","hentry"],"kubio_ai_page_context":{"short_desc":"","purpose":"general"},"_links":{"self":[{"href":"http:\/\/lycee-nisard.fr\/index.php?rest_route=\/wp\/v2\/pages\/151","targetHints":{"allow":["GET"]}}],"collection":[{"href":"http:\/\/lycee-nisard.fr\/index.php?rest_route=\/wp\/v2\/pages"}],"about":[{"href":"http:\/\/lycee-nisard.fr\/index.php?rest_route=\/wp\/v2\/types\/page"}],"author":[{"embeddable":true,"href":"http:\/\/lycee-nisard.fr\/index.php?rest_route=\/wp\/v2\/users\/1"}],"replies":[{"embeddable":true,"href":"http:\/\/lycee-nisard.fr\/index.php?rest_route=%2Fwp%2Fv2%2Fcomments&post=151"}],"version-history":[{"count":31,"href":"http:\/\/lycee-nisard.fr\/index.php?rest_route=\/wp\/v2\/pages\/151\/revisions"}],"predecessor-version":[{"id":3406,"href":"http:\/\/lycee-nisard.fr\/index.php?rest_route=\/wp\/v2\/pages\/151\/revisions\/3406"}],"wp:attachment":[{"href":"http:\/\/lycee-nisard.fr\/index.php?rest_route=%2Fwp%2Fv2%2Fmedia&parent=151"}],"curies":[{"name":"wp","href":"https:\/\/api.w.org\/{rel}","templated":true}]}}